{"id":774086,"date":"2025-08-28T16:40:01","date_gmt":"2025-08-28T13:40:01","guid":{"rendered":"https:\/\/roveyayinevi.com.tr\/index.php\/urun\/dise-dis-1-tenin-otesinde\/"},"modified":"2026-01-30T04:12:57","modified_gmt":"2026-01-30T01:12:57","slug":"dise-dis-1-tenin-otesinde","status":"publish","type":"product","link":"https:\/\/roveyayinevi.com.tr\/index.php\/urun\/dise-dis-1-tenin-otesinde\/","title":{"rendered":"Di\u015fe Di\u015f-1 Tenin \u00d6tesinde"},"content":{"rendered":"<p>Baz\u0131 kitaplar okunmaz, ya\u015fan\u0131r\u2026 Bu kitap onlardan biri. Mustafa Tatl\u0131\u2019n\u0131n kaleminden \u00e7\u0131kan bu eser; bir \u00e7ocu\u011fun ezilmi\u015fli\u011finden, bir askerin vicdan\u0131yla ba\u015f ba\u015fa kald\u0131\u011f\u0131 anlara; bir kad\u0131n\u0131n sessiz \u00e7\u0131\u011fl\u0131\u011f\u0131ndan, bir baban\u0131n suskun mahcubiyetine kadar uzanan ger\u00e7ek bir ya\u015fam yolculu\u011fudur. Anadolu\u2019nun yoksul ama onurlu topraklar\u0131nda ba\u015flar; \u0130stanbul sokaklar\u0131nda verilen bir hayatta kalma m\u00fccadelesiyle devam eder. Hen\u00fcz \u00e7ocuk ya\u015fta kahvehane k\u00f6\u015felerinde \u00e7al\u0131\u015f\u0131r, ayakkab\u0131 boyar. Gen\u00e7li\u011finde gazete da\u011f\u0131t\u0131r, lastik fabrikas\u0131nda ve lokanta mutfa\u011f\u0131nda ter d\u00f6ker. Hayat\u0131n y\u00fck\u00fcn\u00fc s\u0131rt\u0131nda ta\u015f\u0131yan bu gen\u00e7, yaln\u0131zca ekme\u011fi i\u00e7in de\u011fil, onuru i\u00e7in de sava\u015f\u0131r. Sokakta kalm\u0131\u015f bir kad\u0131na ve d\u00f6rt ya\u015f\u0131ndaki \u00e7ocu\u011funa uzatt\u0131\u011f\u0131 yard\u0131m eli, bu m\u00fccadelenin en sessiz ama en g\u00fcr \u00e7\u0131\u011fl\u0131klar\u0131ndan biri olur. T\u00fcm bu a\u011f\u0131r y\u00fcklerin alt\u0131nda ezilmemek i\u00e7in Jandarma te\u015fkilat\u0131na kat\u0131l\u0131r. Ancak bir g\u00f6rev d\u00f6n\u00fc\u015f\u00fcnde \u00fc\u00e7 silah arkada\u015f\u0131 \u2014Ferit Y\u00fczba\u015f\u0131, Onur ve Ekrem\u2014 \u015fehit d\u00fc\u015fer. Bu kay\u0131plar, Kemal\u2019in ruhunda kapanmaz yaralar a\u00e7ar. Psikolojik \u00e7\u00f6k\u00fc\u015f, korku n\u00f6betleri ve tekrar eden k\u00e2buslarla m\u00fccadele ederken, ilk a\u015fk\u0131 Bahar\u2019la olan ili\u015fkisi de duygusal bir y\u0131k\u0131ma d\u00f6n\u00fc\u015f\u00fcr. Ama Kemal susmaz. \u0130\u00e7indeki sessiz \u00e7\u0131\u011fl\u0131\u011f\u0131 bast\u0131rmak i\u00e7in, arkada\u015flar\u0131n\u0131n intikam\u0131n\u0131 almak \u00fczere da\u011flarda tek ba\u015f\u0131na bir m\u00fccadeleye giri\u015fir. \u00d6rg\u00fct \u00fcyelerinin izlerini s\u00fcrer; gece g\u00fcnd\u00fcz demeden, zorlu bir takip sonucunda hepsini tek tek tespit eder ve adalete teslim eder. \u00c7\u00fcnk\u00fc onun i\u00e7in bu m\u00fccadele sadece bir g\u00f6rev de\u011fil, vicdan\u0131n son s\u0131nav\u0131d\u0131r. Bu roman; \u00e7ocukluk izlerinden emek s\u00f6m\u00fcr\u00fcs\u00fcne, kad\u0131n m\u00fccadelesinden sars\u0131lmaz dostluklara, a\u015fk\u0131n \u00e7\u00f6k\u00fc\u015f\u00fcnden psikolojik k\u0131r\u0131lmalara ve hatta metafizik deneyimlere uzanan derin bir yolculuktur. Anlat\u0131m\u0131 yal\u0131n ama y\u00fcrek burkucudur. Karakterler yaln\u0131zca birer kurgu fig\u00fcr\u00fc de\u011fil; ger\u00e7ek hayattan \u00e7\u0131k\u0131p sayfalara y\u00fcr\u00fcm\u00fc\u015f gibidir. Okurken hissedeceksiniz ki; bazen insan\u0131n i\u00e7indeki bo\u015fluk dolmaz, yerine ba\u015fka bir \u015fey konamaz. Ama hayat, her zaman bir \u015fekilde devam etmeyi gerektirir. \u0130nsan, en zorlu an\u0131nda bile d\u00f6n\u00fcp yeniden ba\u015flayabilece\u011fini bilir. Belki hi\u00e7bir \u015fey eskisi gibi olmayacakt\u0131r; ancak sevmek, ya\u015famaya tutunmak ve yeniden hayata ge\u00e7mek i\u00e7in her zaman bir kap\u0131 aral\u0131kt\u0131r. <\/p>\n","protected":false},"excerpt":{"rendered":"<p>Baz\u0131 kitaplar okunmaz, ya\u015fan\u0131r\u2026 Bu kitap onlardan biri. Mustafa Tatl\u0131\u2019n\u0131n kaleminden \u00e7\u0131kan bu eser; bir \u00e7ocu\u011fun ezilmi\u015fli\u011finden, bir askerin vicdan\u0131yla ba\u015f ba\u015fa kald\u0131\u011f\u0131 anlara; bir kad\u0131n\u0131n<span class=\"excerpt-hellip\"> [\u2026]<\/span><\/p>\n","protected":false},"featured_media":0,"template":"","meta":{"_monsterinsights_skip_tracking":false,"_monsterinsights_sitenote_active":false,"_monsterinsights_sitenote_note":"","_monsterinsights_sitenote_category":0},"product_brand":[],"product_cat":[12291,12711],"product_tag":[],"class_list":{"0":"post-774086","1":"product","2":"type-product","3":"status-publish","5":"product_cat-edebiyat","6":"product_cat-roman-oyku","7":"pa_cilt-ciltsiz","8":"pa_tur-kitap","9":"pa_yayinevi-vova-yayinlari","10":"pa_yazar-mustafa-tatli","12":"first","13":"instock","14":"sale","15":"shipping-taxable","16":"purchasable","17":"product-type-simple"},"_links":{"self":[{"href":"https:\/\/roveyayinevi.com.tr\/index.php\/wp-json\/wp\/v2\/product\/774086","targetHints":{"allow":["GET"]}}],"collection":[{"href":"https:\/\/roveyayinevi.com.tr\/index.php\/wp-json\/wp\/v2\/product"}],"about":[{"href":"https:\/\/roveyayinevi.com.tr\/index.php\/wp-json\/wp\/v2\/types\/product"}],"wp:attachment":[{"href":"https:\/\/roveyayinevi.com.tr\/index.php\/wp-json\/wp\/v2\/media?parent=774086"}],"wp:term":[{"taxonomy":"product_brand","embeddable":true,"href":"https:\/\/roveyayinevi.com.tr\/index.php\/wp-json\/wp\/v2\/product_brand?post=774086"},{"taxonomy":"product_cat","embeddable":true,"href":"https:\/\/roveyayinevi.com.tr\/index.php\/wp-json\/wp\/v2\/product_cat?post=774086"},{"taxonomy":"product_tag","embeddable":true,"href":"https:\/\/roveyayinevi.com.tr\/index.php\/wp-json\/wp\/v2\/product_tag?post=774086"}],"curies":[{"name":"wp","href":"https:\/\/api.w.org\/{rel}","templated":true}]}}