{"id":774085,"date":"2025-08-28T16:39:58","date_gmt":"2025-08-28T13:39:58","guid":{"rendered":"https:\/\/roveyayinevi.com.tr\/index.php\/urun\/guller-ve-sinekler\/"},"modified":"2026-04-15T03:41:35","modified_gmt":"2026-04-15T00:41:35","slug":"guller-ve-sinekler","status":"publish","type":"product","link":"https:\/\/roveyayinevi.com.tr\/index.php\/urun\/guller-ve-sinekler\/","title":{"rendered":"G\u00fcller ve Sinekler"},"content":{"rendered":"<p>\u201cG\u00fcller ve Sinekler\u201d sizi uzun bir yolculu\u011fa \u00e7\u0131kar\u0131yor. Bu yolculukta; \u0130nsan hayat\u0131n\u0131n ve ki\u015fili\u011finin zamanla nas\u0131l de\u011fi\u015fti\u011fine tan\u0131k olacaks\u0131n\u0131z. Ya\u015fam felsefesinin ve dini inan\u00e7lar\u0131n derinlemesine sorguland\u0131\u011f\u0131 bir d\u00fcnyaya gireceksiniz. \u201cKoridorda att\u0131\u011f\u0131 her ad\u0131mda, keman\u0131n sesini duyduk\u00e7a arad\u0131\u011f\u0131 ki\u015finin o oldu\u011funu anlad\u0131. Ancak \u00e7ok zeki bir ki\u015fi bu kadar yetenekli olabilirdi. Yola \u00e7\u0131kaca\u011f\u0131 ki\u015fiyi bulmu\u015ftu. Zaman gelmi\u015fti.\u201d <\/p>\n","protected":false},"excerpt":{"rendered":"<p>\u201cG\u00fcller ve Sinekler\u201d sizi uzun bir yolculu\u011fa \u00e7\u0131kar\u0131yor. Bu yolculukta; \u0130nsan hayat\u0131n\u0131n ve ki\u015fili\u011finin zamanla nas\u0131l de\u011fi\u015fti\u011fine tan\u0131k olacaks\u0131n\u0131z. Ya\u015fam felsefesinin ve dini inan\u00e7lar\u0131n derinlemesine sorguland\u0131\u011f\u0131<span class=\"excerpt-hellip\"> [\u2026]<\/span><\/p>\n","protected":false},"featured_media":0,"template":"","meta":{"_monsterinsights_skip_tracking":false,"_monsterinsights_sitenote_active":false,"_monsterinsights_sitenote_note":"","_monsterinsights_sitenote_category":0},"product_brand":[],"product_cat":[12291,12711],"product_tag":[],"class_list":{"0":"post-774085","1":"product","2":"type-product","3":"status-publish","5":"product_cat-edebiyat","6":"product_cat-roman-oyku","7":"pa_cilt-ciltsiz","8":"pa_tur-kitap","9":"pa_yayinevi-alden-yayinlari","10":"pa_yazar-alper-atila","12":"first","13":"instock","14":"sale","15":"shipping-taxable","16":"purchasable","17":"product-type-simple"},"_links":{"self":[{"href":"https:\/\/roveyayinevi.com.tr\/index.php\/wp-json\/wp\/v2\/product\/774085","targetHints":{"allow":["GET"]}}],"collection":[{"href":"https:\/\/roveyayinevi.com.tr\/index.php\/wp-json\/wp\/v2\/product"}],"about":[{"href":"https:\/\/roveyayinevi.com.tr\/index.php\/wp-json\/wp\/v2\/types\/product"}],"wp:attachment":[{"href":"https:\/\/roveyayinevi.com.tr\/index.php\/wp-json\/wp\/v2\/media?parent=774085"}],"wp:term":[{"taxonomy":"product_brand","embeddable":true,"href":"https:\/\/roveyayinevi.com.tr\/index.php\/wp-json\/wp\/v2\/product_brand?post=774085"},{"taxonomy":"product_cat","embeddable":true,"href":"https:\/\/roveyayinevi.com.tr\/index.php\/wp-json\/wp\/v2\/product_cat?post=774085"},{"taxonomy":"product_tag","embeddable":true,"href":"https:\/\/roveyayinevi.com.tr\/index.php\/wp-json\/wp\/v2\/product_tag?post=774085"}],"curies":[{"name":"wp","href":"https:\/\/api.w.org\/{rel}","templated":true}]}}