{"id":774084,"date":"2025-08-28T16:39:57","date_gmt":"2025-08-28T13:39:57","guid":{"rendered":"https:\/\/roveyayinevi.com.tr\/index.php\/urun\/yaratilis-ve-bilim\/"},"modified":"2026-01-30T04:12:57","modified_gmt":"2026-01-30T01:12:57","slug":"yaratilis-ve-bilim","status":"publish","type":"product","link":"https:\/\/roveyayinevi.com.tr\/index.php\/urun\/yaratilis-ve-bilim\/","title":{"rendered":"Yarat\u0131l\u0131\u015f ve Bilim"},"content":{"rendered":"<p>Nas\u0131l var olduk sorusunun birbirine kar\u015f\u0131t yarat\u0131ld\u0131k &#8211; yarat\u0131lmad\u0131k olmak \u00fczere sadece iki cevab\u0131 vard\u0131r.             Cevaplar birbirinin kar\u015f\u0131t\u0131 oldu\u011fundan sadece birisi do\u011frudur. Bilimin g\u00f6revi de do\u011fru cevab\u0131 aray\u0131p bulmakt\u0131r.             Beynimiz her ne kadar sonsuz gibi g\u00f6r\u00fcnse de duyu organlar\u0131m\u0131z vas\u0131tas\u0131 ile alg\u0131lar. Duyu organlar\u0131n\u0131z ise hem s\u0131n\u0131rl\u0131d\u0131r, hem de kolayl\u0131kla yan\u0131l\u0131r. Bu da yanl\u0131\u015flar\u0131 do\u011fru, do\u011frular\u0131 yanl\u0131\u015f zannetmemize neden olabilir.             \u0130nsanl\u0131k tarihi do\u011fru zannetti\u011fimiz yanl\u0131\u015flarla doludur. \u00d6rne\u011fin yak\u0131n denebilecek bir tarihe kadar d\u00fcnyay\u0131 bir tepsi gibi d\u00fcz evrenin ortas\u0131nda zannediyor ve bu yanl\u0131\u015f\u0131 bilimsel ger\u00e7ek kabul ediyorduk.             Pozitif bilim bu t\u00fcr yanl\u0131\u015flardan korunmak i\u00e7in baz\u0131 kurallar koymu\u015ftur. Bu kurallar\u0131n amac\u0131 yanl\u0131\u015flardan, hatalardan korunmak ger\u00e7ekleri daha kolay ula\u015fmakt\u0131r. Pozitif bilim \u00f6ng\u00f6r\u00fclerin g\u00f6zlem ve deneylerle s\u0131nabilmesini \u015fart ko\u015far. Hi\u00e7 bir \u00f6ng\u00f6r\u00fcy\u00fc kan\u0131tlar\u0131n\u0131 g\u00f6rmeden ger\u00e7ek kabul etmez. <\/p>\n","protected":false},"excerpt":{"rendered":"<p>Nas\u0131l var olduk sorusunun birbirine kar\u015f\u0131t yarat\u0131ld\u0131k &#8211; yarat\u0131lmad\u0131k olmak \u00fczere sadece iki cevab\u0131 vard\u0131r. Cevaplar birbirinin kar\u015f\u0131t\u0131 oldu\u011fundan sadece birisi do\u011frudur. Bilimin g\u00f6revi de do\u011fru<span class=\"excerpt-hellip\"> [\u2026]<\/span><\/p>\n","protected":false},"featured_media":0,"template":"","meta":{"_monsterinsights_skip_tracking":false,"_monsterinsights_sitenote_active":false,"_monsterinsights_sitenote_note":"","_monsterinsights_sitenote_category":0},"product_brand":[],"product_cat":[13005],"product_tag":[],"class_list":{"0":"post-774084","1":"product","2":"type-product","3":"status-publish","5":"product_cat-bilim-muhendislik","6":"pa_cilt-ciltsiz","7":"pa_tur-kitap","8":"pa_yayinevi-vova-yayinlari","9":"pa_yazar-hudai-cakmak","11":"first","12":"instock","13":"sale","14":"shipping-taxable","15":"purchasable","16":"product-type-simple"},"_links":{"self":[{"href":"https:\/\/roveyayinevi.com.tr\/index.php\/wp-json\/wp\/v2\/product\/774084","targetHints":{"allow":["GET"]}}],"collection":[{"href":"https:\/\/roveyayinevi.com.tr\/index.php\/wp-json\/wp\/v2\/product"}],"about":[{"href":"https:\/\/roveyayinevi.com.tr\/index.php\/wp-json\/wp\/v2\/types\/product"}],"wp:attachment":[{"href":"https:\/\/roveyayinevi.com.tr\/index.php\/wp-json\/wp\/v2\/media?parent=774084"}],"wp:term":[{"taxonomy":"product_brand","embeddable":true,"href":"https:\/\/roveyayinevi.com.tr\/index.php\/wp-json\/wp\/v2\/product_brand?post=774084"},{"taxonomy":"product_cat","embeddable":true,"href":"https:\/\/roveyayinevi.com.tr\/index.php\/wp-json\/wp\/v2\/product_cat?post=774084"},{"taxonomy":"product_tag","embeddable":true,"href":"https:\/\/roveyayinevi.com.tr\/index.php\/wp-json\/wp\/v2\/product_tag?post=774084"}],"curies":[{"name":"wp","href":"https:\/\/api.w.org\/{rel}","templated":true}]}}