{"id":774083,"date":"2025-08-28T16:39:54","date_gmt":"2025-08-28T13:39:54","guid":{"rendered":"https:\/\/roveyayinevi.com.tr\/index.php\/urun\/kaynaktan-soze-yansimalar\/"},"modified":"2026-01-30T04:12:57","modified_gmt":"2026-01-30T01:12:57","slug":"kaynaktan-soze-yansimalar","status":"publish","type":"product","link":"https:\/\/roveyayinevi.com.tr\/index.php\/urun\/kaynaktan-soze-yansimalar\/","title":{"rendered":"Kaynaktan S\u00f6ze Yans\u0131malar"},"content":{"rendered":"<p>Hayat, silgi kullan\u0131lmadan yap\u0131lan bir resim, tekrar\u0131 olmayan bir film ve ikmali (tamamlamas\u0131-y\u00fckseltmesi) olmayan bir s\u0131nav gibidir.                                                                                                                                                           E\u011fer ata verilen arpa ile at\u0131n s\u00fcvarisi doyurulam\u0131yorsa, araban\u0131n yak\u0131t deposuna konulan akaryak\u0131t ile \u015fof\u00f6r\u00fcn susuzlu\u011fu giderilemiyorsa, midenin doldurulmas\u0131 ile de ruh tatmin edilip, huzura erdirilemez.                                                                                                                                                           E\u011fer hayat\u0131n zevk ve lezzetini istiyorsan\u0131z, hayat\u0131n\u0131z\u0131 iman\u0131n nuru ile hayatland\u0131r\u0131n\u0131z, farzlar\u0131 yerine getirerek s\u00fcsleyiniz ve haramlardan ka\u00e7\u0131narak muhafaza ediniz. <\/p>\n","protected":false},"excerpt":{"rendered":"<p>Hayat, silgi kullan\u0131lmadan yap\u0131lan bir resim, tekrar\u0131 olmayan bir film ve ikmali (tamamlamas\u0131-y\u00fckseltmesi) olmayan bir s\u0131nav gibidir. E\u011fer ata verilen arpa ile at\u0131n s\u00fcvarisi doyurulam\u0131yorsa, araban\u0131n<span class=\"excerpt-hellip\"> [\u2026]<\/span><\/p>\n","protected":false},"featured_media":0,"template":"","meta":{"_monsterinsights_skip_tracking":false,"_monsterinsights_sitenote_active":false,"_monsterinsights_sitenote_note":"","_monsterinsights_sitenote_category":0},"product_brand":[],"product_cat":[12291,104362],"product_tag":[],"class_list":{"0":"post-774083","1":"product","2":"type-product","3":"status-publish","5":"product_cat-edebiyat","6":"product_cat-makale","7":"pa_cilt-ciltsiz","8":"pa_tur-kitap","9":"pa_yayinevi-vova-yayinlari","10":"pa_yazar-yasar-akyay","12":"first","13":"instock","14":"sale","15":"shipping-taxable","16":"purchasable","17":"product-type-simple"},"_links":{"self":[{"href":"https:\/\/roveyayinevi.com.tr\/index.php\/wp-json\/wp\/v2\/product\/774083","targetHints":{"allow":["GET"]}}],"collection":[{"href":"https:\/\/roveyayinevi.com.tr\/index.php\/wp-json\/wp\/v2\/product"}],"about":[{"href":"https:\/\/roveyayinevi.com.tr\/index.php\/wp-json\/wp\/v2\/types\/product"}],"wp:attachment":[{"href":"https:\/\/roveyayinevi.com.tr\/index.php\/wp-json\/wp\/v2\/media?parent=774083"}],"wp:term":[{"taxonomy":"product_brand","embeddable":true,"href":"https:\/\/roveyayinevi.com.tr\/index.php\/wp-json\/wp\/v2\/product_brand?post=774083"},{"taxonomy":"product_cat","embeddable":true,"href":"https:\/\/roveyayinevi.com.tr\/index.php\/wp-json\/wp\/v2\/product_cat?post=774083"},{"taxonomy":"product_tag","embeddable":true,"href":"https:\/\/roveyayinevi.com.tr\/index.php\/wp-json\/wp\/v2\/product_tag?post=774083"}],"curies":[{"name":"wp","href":"https:\/\/api.w.org\/{rel}","templated":true}]}}