{"id":774082,"date":"2025-08-28T16:39:51","date_gmt":"2025-08-28T13:39:51","guid":{"rendered":"https:\/\/roveyayinevi.com.tr\/index.php\/urun\/guzel-sozlerin-hatirlattiklari\/"},"modified":"2026-01-30T04:12:57","modified_gmt":"2026-01-30T01:12:57","slug":"guzel-sozlerin-hatirlattiklari","status":"publish","type":"product","link":"https:\/\/roveyayinevi.com.tr\/index.php\/urun\/guzel-sozlerin-hatirlattiklari\/","title":{"rendered":"G\u00fczel S\u00f6zlerin Hat\u0131rlatt\u0131klar\u0131"},"content":{"rendered":"<p>Ac\u0131 duyabiliyorsan canl\u0131s\u0131n. Ba\u015fkalar\u0131n\u0131n ac\u0131s\u0131n\u0131 duyabiliyorsan insans\u0131n. Lev Tolstoy   Kiminle arkada\u015fl\u0131k etti\u011finize dikkat edin. \u00c7\u00fcnk\u00fc b\u00fclb\u00fcl g\u00fcle, karga \u00e7\u00f6pl\u00fc\u011fe g\u00f6t\u00fcr\u00fcr. Mevlana Cel\u00e2lettin-i Rumi   Yery\u00fcz\u00fcn\u00fcn \u00f6\u011fretmeni olabilmek i\u00e7in g\u00f6ky\u00fcz\u00fcn\u00fcn \u00f6\u011frencisi olmak laz\u0131md\u0131r. Aliya \u0130zzetbegovi\u00e7   Dinsiz ilim k\u00f6r, ilimsiz din topald\u0131r. Albert Einstein   Dostunu \u00f6l\u00e7\u00fcl\u00fc sev, bir g\u00fcn d\u00fc\u015fman\u0131n olabilir. D\u00fc\u015fman\u0131na \u00f6l\u00e7\u00fcl\u00fc bu\u011fzet (kin tut), bir g\u00fcn dostun olabilir. Hz. Muhammet (s.a.s) (Tirmizi, Birr, 60) <\/p>\n","protected":false},"excerpt":{"rendered":"<p>Ac\u0131 duyabiliyorsan canl\u0131s\u0131n. Ba\u015fkalar\u0131n\u0131n ac\u0131s\u0131n\u0131 duyabiliyorsan insans\u0131n. Lev Tolstoy Kiminle arkada\u015fl\u0131k etti\u011finize dikkat edin. \u00c7\u00fcnk\u00fc b\u00fclb\u00fcl g\u00fcle, karga \u00e7\u00f6pl\u00fc\u011fe g\u00f6t\u00fcr\u00fcr. Mevlana Cel\u00e2lettin-i Rumi Yery\u00fcz\u00fcn\u00fcn \u00f6\u011fretmeni olabilmek<span class=\"excerpt-hellip\"> [\u2026]<\/span><\/p>\n","protected":false},"featured_media":0,"template":"","meta":{"_monsterinsights_skip_tracking":false,"_monsterinsights_sitenote_active":false,"_monsterinsights_sitenote_note":"","_monsterinsights_sitenote_category":0},"product_brand":[],"product_cat":[12291,104362],"product_tag":[],"class_list":{"0":"post-774082","1":"product","2":"type-product","3":"status-publish","5":"product_cat-edebiyat","6":"product_cat-makale","7":"pa_cilt-ciltsiz","8":"pa_tur-kitap","9":"pa_yayinevi-vova-yayinlari","10":"pa_yazar-yasar-akyay","12":"first","13":"instock","14":"sale","15":"shipping-taxable","16":"purchasable","17":"product-type-simple"},"_links":{"self":[{"href":"https:\/\/roveyayinevi.com.tr\/index.php\/wp-json\/wp\/v2\/product\/774082","targetHints":{"allow":["GET"]}}],"collection":[{"href":"https:\/\/roveyayinevi.com.tr\/index.php\/wp-json\/wp\/v2\/product"}],"about":[{"href":"https:\/\/roveyayinevi.com.tr\/index.php\/wp-json\/wp\/v2\/types\/product"}],"wp:attachment":[{"href":"https:\/\/roveyayinevi.com.tr\/index.php\/wp-json\/wp\/v2\/media?parent=774082"}],"wp:term":[{"taxonomy":"product_brand","embeddable":true,"href":"https:\/\/roveyayinevi.com.tr\/index.php\/wp-json\/wp\/v2\/product_brand?post=774082"},{"taxonomy":"product_cat","embeddable":true,"href":"https:\/\/roveyayinevi.com.tr\/index.php\/wp-json\/wp\/v2\/product_cat?post=774082"},{"taxonomy":"product_tag","embeddable":true,"href":"https:\/\/roveyayinevi.com.tr\/index.php\/wp-json\/wp\/v2\/product_tag?post=774082"}],"curies":[{"name":"wp","href":"https:\/\/api.w.org\/{rel}","templated":true}]}}