{"id":774081,"date":"2025-08-28T16:39:50","date_gmt":"2025-08-28T13:39:50","guid":{"rendered":"https:\/\/roveyayinevi.com.tr\/index.php\/urun\/ekonomik-ve-sosyal-kurumlarda-psiko-dinamik-yontemler\/"},"modified":"2026-01-30T04:12:57","modified_gmt":"2026-01-30T01:12:57","slug":"ekonomik-ve-sosyal-kurumlarda-psiko-dinamik-yontemler","status":"publish","type":"product","link":"https:\/\/roveyayinevi.com.tr\/index.php\/urun\/ekonomik-ve-sosyal-kurumlarda-psiko-dinamik-yontemler\/","title":{"rendered":"Ekonomik ve Sosyal Kurumlarda Psiko-Dinamik Y\u00f6ntemler"},"content":{"rendered":"<p>De\u011ferli Yazar\u0131m\u0131z Dr. R. B\u00fclend K\u0131rmac\u0131\u2019n\u0131n elinizdeki bu 12. Kitab\u0131; \u201cEkonomik ve Sosyal Organizasyonlarda Psiko-Dinamik Y\u00f6ntemler\u201d, psiko-dinamik kuramlar\u0131n, ekonomik yap\u0131lar ve sosyal organizasyonlardaki uygulama bi\u00e7imlerini incelemek amac\u0131yla kaleme al\u0131nm\u0131\u015ft\u0131r. Kitap; insan davran\u0131\u015flar\u0131n\u0131n bilin\u00e7d\u0131\u015f\u0131 s\u00fcre\u00e7lerle nas\u0131l \u015fekillendi\u011fini, bu s\u00fcre\u00e7lerin organizasyon yap\u0131lar\u0131 i\u00e7inde ne t\u00fcr dinamiklere yol a\u00e7t\u0131\u011f\u0131n\u0131 ve de\u011fi\u015fim y\u00f6netiminde nas\u0131l kullan\u0131labilece\u011fini tart\u0131\u015fmay\u0131 hedefler.             Bu ba\u011flamda \u00f6ncelikle, ekonomik ve sosyal organizasyonlar\u0131 anlamak ve bu organizasyonlara yap\u0131c\u0131 anlamda m\u00fcdahale etmek i\u00e7in psiko-dinamik y\u00f6ntemlerin uygulanmas\u0131n\u0131 incelemek gereklidir. \u00d6zcesi, bu kitab\u0131n temel arg\u00fcman\u0131; bu t\u00fcr organizasyonlar\u0131n i\u00e7indeki insan davran\u0131\u015f\u0131n\u0131n karma\u015f\u0131kl\u0131\u011f\u0131n\u0131 kabul etmek, ancak orada kalmayarak, \u00e7oklu sistemler i\u00e7inde daha derin bir kavray\u0131\u015f\u0131 elde etmek i\u00e7in, psiko-dinamik bak\u0131\u015f a\u00e7\u0131s\u0131n\u0131n de\u011ferini vurgulamakt\u0131r\u2026             Dr. R. B\u00fclend K\u0131rmac\u0131\u2019ya g\u00f6re, psikodinamik bir perspektif, i\u015fletmelere daha insanc\u0131l, empatik ve etkili y\u00f6netim stratejileri geli\u015ftirme f\u0131rsat\u0131 sunar\u2026 Liderlerin ve y\u00f6neticilerin bu derinlemesine anlay\u0131\u015fla hareket etmeleri, daha sa\u011fl\u0131kl\u0131, yarat\u0131c\u0131 ve s\u00fcrd\u00fcr\u00fclebilir bir \u00e7al\u0131\u015fma ortam\u0131 sa\u011flaman\u0131n ve kurumun (i\u015fletme, siyasal parti, sendika, sivil toplum \u00f6rg\u00fct\u00fc) genel ba\u015far\u0131s\u0131n\u0131 art\u0131rman\u0131n anahtar\u0131d\u0131r.   \u0130yi okumalar dile\u011fiyle, VOVA Yay\u0131nlar\u0131 <\/p>\n","protected":false},"excerpt":{"rendered":"<p>De\u011ferli Yazar\u0131m\u0131z Dr. R. B\u00fclend K\u0131rmac\u0131\u2019n\u0131n elinizdeki bu 12. Kitab\u0131; \u201cEkonomik ve Sosyal Organizasyonlarda Psiko-Dinamik Y\u00f6ntemler\u201d, psiko-dinamik kuramlar\u0131n, ekonomik yap\u0131lar ve sosyal organizasyonlardaki uygulama bi\u00e7imlerini incelemek<span class=\"excerpt-hellip\"> [\u2026]<\/span><\/p>\n","protected":false},"featured_media":0,"template":"","meta":{"_monsterinsights_skip_tracking":false,"_monsterinsights_sitenote_active":false,"_monsterinsights_sitenote_note":"","_monsterinsights_sitenote_category":0},"product_brand":[],"product_cat":[13043],"product_tag":[],"class_list":{"0":"post-774081","1":"product","2":"type-product","3":"status-publish","5":"product_cat-ekonomi","6":"pa_cilt-ciltsiz","7":"pa_tur-kitap","8":"pa_yayinevi-vova-yayinlari","9":"pa_yazar-r-bulend-kirmaci","11":"first","12":"instock","13":"sale","14":"shipping-taxable","15":"purchasable","16":"product-type-simple"},"_links":{"self":[{"href":"https:\/\/roveyayinevi.com.tr\/index.php\/wp-json\/wp\/v2\/product\/774081","targetHints":{"allow":["GET"]}}],"collection":[{"href":"https:\/\/roveyayinevi.com.tr\/index.php\/wp-json\/wp\/v2\/product"}],"about":[{"href":"https:\/\/roveyayinevi.com.tr\/index.php\/wp-json\/wp\/v2\/types\/product"}],"wp:attachment":[{"href":"https:\/\/roveyayinevi.com.tr\/index.php\/wp-json\/wp\/v2\/media?parent=774081"}],"wp:term":[{"taxonomy":"product_brand","embeddable":true,"href":"https:\/\/roveyayinevi.com.tr\/index.php\/wp-json\/wp\/v2\/product_brand?post=774081"},{"taxonomy":"product_cat","embeddable":true,"href":"https:\/\/roveyayinevi.com.tr\/index.php\/wp-json\/wp\/v2\/product_cat?post=774081"},{"taxonomy":"product_tag","embeddable":true,"href":"https:\/\/roveyayinevi.com.tr\/index.php\/wp-json\/wp\/v2\/product_tag?post=774081"}],"curies":[{"name":"wp","href":"https:\/\/api.w.org\/{rel}","templated":true}]}}