{"id":774080,"date":"2025-08-28T16:39:47","date_gmt":"2025-08-28T13:39:47","guid":{"rendered":"https:\/\/roveyayinevi.com.tr\/index.php\/urun\/duzgun-baba-kadim-daglarin-gonul-ehli-bilgesi\/"},"modified":"2025-09-23T11:31:07","modified_gmt":"2025-09-23T08:31:07","slug":"duzgun-baba-kadim-daglarin-gonul-ehli-bilgesi","status":"publish","type":"product","link":"https:\/\/roveyayinevi.com.tr\/index.php\/urun\/duzgun-baba-kadim-daglarin-gonul-ehli-bilgesi\/","title":{"rendered":"D\u00fczg\u00fcn Baba Kadim Da\u011flar\u0131n G\u00f6n\u00fcl Ehli Bilgesi"},"content":{"rendered":"<p>Dersim\u2019in r\u00fczg\u00e2rla konu\u015fan da\u011flar\u0131nda, mah\u00e7up bir o\u011fulun ad\u0131mlar\u0131yla ba\u015flayan yolculuk, zamanla bir halk\u0131n vicdan\u0131na, bir da\u011f\u0131n sessizli\u011fine ve bir inanc\u0131n derinli\u011fine d\u00f6n\u00fc\u015ft\u00fc. \u015eah Haydar, ad\u0131yla de\u011fil duru\u015fuyla, sesiyle de\u011fil susu\u015fuyla an\u0131ld\u0131. Ve bir g\u00fcn, \u00fc\u00e7 ad\u0131mda kaybolup, halk\u0131n g\u00f6nl\u00fcnde \u201cD\u00fczg\u00fcn Baba\u201d olarak do\u011fdu.   D\u00fczg\u00fcn Baba, Bir su gibi akar kalbe, Bir da\u011f gibi durur zulme. Bir dua gibi y\u00fckselir g\u00f6\u011fe Ve hi\u00e7bir kervan ge\u00e7emez onun ge\u00e7medi\u011fi g\u00f6n\u00fcl da\u011f\u0131n\u0131.   Do\u011frulu\u011fun, tevazunun ve do\u011fayla kurulan kutsal ba\u011f\u0131n i\u00e7sel bir haritas\u0131n\u0131 sunuyor. D\u00fczg\u00fcn Baba\u2019n\u0131n izinde y\u00fcr\u00fcmek, kendine do\u011fru sessiz bir y\u00fcr\u00fcy\u00fc\u015ft\u00fcr, bir yolu, bir ahl\u00e2k\u0131 ve bir huzuru f\u0131s\u0131ldar. Bu kitap; susarak \u00f6\u011freten, g\u00f6r\u00fcnmeden yol g\u00f6steren, g\u00f6n\u00fclden g\u00f6n\u00fcle akan bir irfan\u0131n izini s\u00fcrenlere sesleniyor.Bir da\u011f kadar suskun, bir dua kadar i\u00e7li bir \u00e7a\u011fr\u0131d\u0131r D\u00fczg\u00fcn. Kalbiyle duymaya cesaret eden herkes i\u00e7in&#8230; \u201cD\u00fcnya d\u00f6ner, r\u00fczg\u00e2r eser, g\u00f6n\u00fcl sabitse her \u015fey yerini bulur.\u201d <\/p>\n","protected":false},"excerpt":{"rendered":"<p>Dersim\u2019in r\u00fczg\u00e2rla konu\u015fan da\u011flar\u0131nda, mah\u00e7up bir o\u011fulun ad\u0131mlar\u0131yla ba\u015flayan yolculuk, zamanla bir halk\u0131n vicdan\u0131na, bir da\u011f\u0131n sessizli\u011fine ve bir inanc\u0131n derinli\u011fine d\u00f6n\u00fc\u015ft\u00fc. \u015eah Haydar, ad\u0131yla de\u011fil<span class=\"excerpt-hellip\"> [\u2026]<\/span><\/p>\n","protected":false},"featured_media":0,"template":"","meta":{"_monsterinsights_skip_tracking":false,"_monsterinsights_sitenote_active":false,"_monsterinsights_sitenote_note":"","_monsterinsights_sitenote_category":0},"product_brand":[],"product_cat":[12291,18202],"product_tag":[],"class_list":{"0":"post-774080","1":"product","2":"type-product","3":"status-publish","5":"product_cat-edebiyat","6":"product_cat-hikaye","7":"pa_cilt-ciltsiz","8":"pa_tur-kitap","9":"pa_yayinevi-vova-yayinlari","10":"pa_yazar-adil-tugyan","12":"first","13":"instock","14":"sale","15":"shipping-taxable","16":"purchasable","17":"product-type-simple"},"_links":{"self":[{"href":"https:\/\/roveyayinevi.com.tr\/index.php\/wp-json\/wp\/v2\/product\/774080","targetHints":{"allow":["GET"]}}],"collection":[{"href":"https:\/\/roveyayinevi.com.tr\/index.php\/wp-json\/wp\/v2\/product"}],"about":[{"href":"https:\/\/roveyayinevi.com.tr\/index.php\/wp-json\/wp\/v2\/types\/product"}],"wp:attachment":[{"href":"https:\/\/roveyayinevi.com.tr\/index.php\/wp-json\/wp\/v2\/media?parent=774080"}],"wp:term":[{"taxonomy":"product_brand","embeddable":true,"href":"https:\/\/roveyayinevi.com.tr\/index.php\/wp-json\/wp\/v2\/product_brand?post=774080"},{"taxonomy":"product_cat","embeddable":true,"href":"https:\/\/roveyayinevi.com.tr\/index.php\/wp-json\/wp\/v2\/product_cat?post=774080"},{"taxonomy":"product_tag","embeddable":true,"href":"https:\/\/roveyayinevi.com.tr\/index.php\/wp-json\/wp\/v2\/product_tag?post=774080"}],"curies":[{"name":"wp","href":"https:\/\/api.w.org\/{rel}","templated":true}]}}