{"id":774079,"date":"2025-08-28T16:39:46","date_gmt":"2025-08-28T13:39:46","guid":{"rendered":"https:\/\/roveyayinevi.com.tr\/index.php\/urun\/kuran-i-kerimde-hz-muhammed\/"},"modified":"2026-01-30T04:12:57","modified_gmt":"2026-01-30T01:12:57","slug":"kuran-i-kerimde-hz-muhammed","status":"publish","type":"product","link":"https:\/\/roveyayinevi.com.tr\/index.php\/urun\/kuran-i-kerimde-hz-muhammed\/","title":{"rendered":"Kur\u2019an-\u0131 Kerimde Hz. Muhammed"},"content":{"rendered":"<p>&#8220;O, sizin i\u00e7in en g\u00fczel \u00f6rnektir&#8230;&#8221; (Ahz\u00e2b, 21) Kur\u2019\u00e2n-\u0131 Ker\u00eem\u2019de ad\u0131 a\u00e7\u0131k\u00e7a an\u0131lan, duas\u0131 duyulan, davas\u0131 do\u011frulanan ve \u00f6vg\u00fcs\u00fc Rabbinden gelen bir El\u00e7i: Hz. Muhammed (sallallahu aleyhi ve sellem).   Bu kitap, Kur\u2019an ayetleri \u0131\u015f\u0131\u011f\u0131nda Hz. Peygamber\u2019in kimli\u011fini, g\u00f6revini, ahl\u00e2k\u0131n\u0131 ve insanl\u0131k i\u00e7in ta\u015f\u0131d\u0131\u011f\u0131 anlam\u0131 derinlemesine ele al\u0131yor. Kur\u2019an\u2019daki peygamber tasavvuru \u00fczerinden, O\u2019nun sadece bir din kurucusu de\u011fil; bir e\u011fitimci, bir \u00f6nder, bir rahmet el\u00e7isi olarak nas\u0131l tan\u0131t\u0131ld\u0131\u011f\u0131n\u0131 g\u00f6steriyor.   \u201cKur\u2019an\u2019da Hz. Muhammed\u201d adl\u0131 bu eser, rivayetler yerine ayetlerle konu\u015fur; tart\u0131\u015fmalar\u0131n de\u011fil, vahyin izini s\u00fcrer. Hz. Peygamber\u2019in risaletini, m\u00fccadelesini, sabr\u0131n\u0131 ve \u00fcmmetine olan \u015fefkatini Kur\u2019an\u2019\u0131n rehberli\u011finde anlamak isteyenler i\u00e7in e\u015fsiz bir ba\u015fvuru kayna\u011f\u0131d\u0131r.   Kur\u2019an\u2019da Hz. Muhammed\u2019i tan\u0131mak, O\u2019nun \u00f6rnekli\u011finde kendimizi yeniden in\u015fa etmeye bir davettir. <\/p>\n","protected":false},"excerpt":{"rendered":"<p>&#8220;O, sizin i\u00e7in en g\u00fczel \u00f6rnektir&#8230;&#8221; (Ahz\u00e2b, 21) Kur\u2019\u00e2n-\u0131 Ker\u00eem\u2019de ad\u0131 a\u00e7\u0131k\u00e7a an\u0131lan, duas\u0131 duyulan, davas\u0131 do\u011frulanan ve \u00f6vg\u00fcs\u00fc Rabbinden gelen bir El\u00e7i: Hz. Muhammed (sallallahu<span class=\"excerpt-hellip\"> [\u2026]<\/span><\/p>\n","protected":false},"featured_media":0,"template":"","meta":{"_monsterinsights_skip_tracking":false,"_monsterinsights_sitenote_active":false,"_monsterinsights_sitenote_note":"","_monsterinsights_sitenote_category":0},"product_brand":[],"product_cat":[12718,12719],"product_tag":[],"class_list":{"0":"post-774079","1":"product","2":"type-product","3":"status-publish","5":"product_cat-din","6":"product_cat-islam","7":"pa_cilt-ciltsiz","8":"pa_tur-kitap","9":"pa_yayinevi-vova-yayinlari","10":"pa_yazar-orhan-naci-ak","12":"first","13":"instock","14":"sale","15":"shipping-taxable","16":"purchasable","17":"product-type-simple"},"_links":{"self":[{"href":"https:\/\/roveyayinevi.com.tr\/index.php\/wp-json\/wp\/v2\/product\/774079","targetHints":{"allow":["GET"]}}],"collection":[{"href":"https:\/\/roveyayinevi.com.tr\/index.php\/wp-json\/wp\/v2\/product"}],"about":[{"href":"https:\/\/roveyayinevi.com.tr\/index.php\/wp-json\/wp\/v2\/types\/product"}],"wp:attachment":[{"href":"https:\/\/roveyayinevi.com.tr\/index.php\/wp-json\/wp\/v2\/media?parent=774079"}],"wp:term":[{"taxonomy":"product_brand","embeddable":true,"href":"https:\/\/roveyayinevi.com.tr\/index.php\/wp-json\/wp\/v2\/product_brand?post=774079"},{"taxonomy":"product_cat","embeddable":true,"href":"https:\/\/roveyayinevi.com.tr\/index.php\/wp-json\/wp\/v2\/product_cat?post=774079"},{"taxonomy":"product_tag","embeddable":true,"href":"https:\/\/roveyayinevi.com.tr\/index.php\/wp-json\/wp\/v2\/product_tag?post=774079"}],"curies":[{"name":"wp","href":"https:\/\/api.w.org\/{rel}","templated":true}]}}