{"id":774078,"date":"2025-08-28T16:39:44","date_gmt":"2025-08-28T13:39:44","guid":{"rendered":"https:\/\/roveyayinevi.com.tr\/index.php\/urun\/bioenerji-sufi-sifa-2\/"},"modified":"2026-01-30T04:12:57","modified_gmt":"2026-01-30T01:12:57","slug":"bioenerji-sufi-sifa-2","status":"publish","type":"product","link":"https:\/\/roveyayinevi.com.tr\/index.php\/urun\/bioenerji-sufi-sifa-2\/","title":{"rendered":"Bioenerji &#8211; Sufi \u015eifa &#8211; 2"},"content":{"rendered":"<p>Bioenerji, D\u00fcnya Sa\u011fl\u0131k \u00d6rg\u00fct\u00fc taraf\u0131ndan tamamlay\u0131c\u0131 tedavi y\u00f6ntemi olarak kabul edilmesine ra\u011fmen, \u00fclkemizde h\u00e2l\u00e2 hak etti\u011fi yeri bulabilmi\u015f de\u011fil. Bunun en b\u00fcy\u00fck sebebi, bilimsel temelden uzak, metafizik ve spirit\u00fcel yakla\u015f\u0131mlarla harmanlanm\u0131\u015f, birbirinden kopuk ekollerin olu\u015fturdu\u011fu bilgi kirlili\u011fi\u2026       Bu kitap, 15 y\u0131l\u0131 a\u015fk\u0131n saha tecr\u00fcbesi ve e\u011fitimlerle yo\u011frulmu\u015f birikimin \u00fcr\u00fcn\u00fc olarak, bioenerjiye hem bilimsel hem de inan\u00e7 temelli bir a\u00e7\u0131dan yakla\u015fmakta. Amac\u0131m\u0131z; el kol hareketlerinden ibaret san\u0131lan bu derin uygulaman\u0131n, asl\u0131nda bireyin duygusal, fiziksel ve ruhsal yap\u0131s\u0131na b\u00fct\u00fcnc\u00fcl etki edebilecek g\u00fcc\u00fcn\u00fc ortaya koymak.Bioenerjinin, kalpten gelen fark\u0131ndal\u0131kla nas\u0131l etkili bir \u015fifa yolculu\u011funa d\u00f6n\u00fc\u015febilece\u011fini; meridyenler, duygular, organlar ve tasavvufi \u00e7akralar olan Letaifler \u00fczerinden ad\u0131m ad\u0131m ele al\u0131yoruz.       Bu eser, sadece teknik bir rehber de\u011fil; ayn\u0131 zamanda kalbin ve kullu\u011fun rehberli\u011finde, zihinsel sa\u011fl\u0131ktan ruhsal tek\u00e2m\u00fcle uzanan bir \u015fifa haritas\u0131d\u0131r.       Sa\u011fl\u0131kl\u0131 bir bedenin, ancak huzurlu bir kalple m\u00fcmk\u00fcn olabilece\u011fine inananlar i\u00e7in\u2026 <\/p>\n","protected":false},"excerpt":{"rendered":"<p>Bioenerji, D\u00fcnya Sa\u011fl\u0131k \u00d6rg\u00fct\u00fc taraf\u0131ndan tamamlay\u0131c\u0131 tedavi y\u00f6ntemi olarak kabul edilmesine ra\u011fmen, \u00fclkemizde h\u00e2l\u00e2 hak etti\u011fi yeri bulabilmi\u015f de\u011fil. Bunun en b\u00fcy\u00fck sebebi, bilimsel temelden uzak,<span class=\"excerpt-hellip\"> [\u2026]<\/span><\/p>\n","protected":false},"featured_media":0,"template":"","meta":{"_monsterinsights_skip_tracking":false,"_monsterinsights_sitenote_active":false,"_monsterinsights_sitenote_note":"","_monsterinsights_sitenote_category":0},"product_brand":[],"product_cat":[13365],"product_tag":[],"class_list":{"0":"post-774078","1":"product","2":"type-product","3":"status-publish","5":"product_cat-saglik","6":"pa_cilt-ciltsiz","7":"pa_tur-kitap","8":"pa_yayinevi-vova-yayinlari","9":"pa_yazar-vedat-celik","11":"first","12":"instock","13":"sale","14":"shipping-taxable","15":"purchasable","16":"product-type-simple"},"_links":{"self":[{"href":"https:\/\/roveyayinevi.com.tr\/index.php\/wp-json\/wp\/v2\/product\/774078","targetHints":{"allow":["GET"]}}],"collection":[{"href":"https:\/\/roveyayinevi.com.tr\/index.php\/wp-json\/wp\/v2\/product"}],"about":[{"href":"https:\/\/roveyayinevi.com.tr\/index.php\/wp-json\/wp\/v2\/types\/product"}],"wp:attachment":[{"href":"https:\/\/roveyayinevi.com.tr\/index.php\/wp-json\/wp\/v2\/media?parent=774078"}],"wp:term":[{"taxonomy":"product_brand","embeddable":true,"href":"https:\/\/roveyayinevi.com.tr\/index.php\/wp-json\/wp\/v2\/product_brand?post=774078"},{"taxonomy":"product_cat","embeddable":true,"href":"https:\/\/roveyayinevi.com.tr\/index.php\/wp-json\/wp\/v2\/product_cat?post=774078"},{"taxonomy":"product_tag","embeddable":true,"href":"https:\/\/roveyayinevi.com.tr\/index.php\/wp-json\/wp\/v2\/product_tag?post=774078"}],"curies":[{"name":"wp","href":"https:\/\/api.w.org\/{rel}","templated":true}]}}