{"id":774076,"date":"2025-08-28T16:39:41","date_gmt":"2025-08-28T13:39:41","guid":{"rendered":"https:\/\/roveyayinevi.com.tr\/index.php\/urun\/birinci-analitikler\/"},"modified":"2026-04-15T03:41:35","modified_gmt":"2026-04-15T00:41:35","slug":"birinci-analitikler","status":"publish","type":"product","link":"https:\/\/roveyayinevi.com.tr\/index.php\/urun\/birinci-analitikler\/","title":{"rendered":"Birinci Analitikler"},"content":{"rendered":"<p>Aristoteles, Antik\u00e7a\u011f felsefesinin en \u00f6nde gelen filozofudur. Benzer d\u00fczeyde bir felsefeye \u0130lk\u00e7a\u011fda sadece Platon\u2019un eri\u015febildi\u011fi kabul edilir. Antik\u00e7a\u011fa damgas\u0131n\u0131 vurmu\u015f olan Aristoteles, pek \u00e7oklar\u0131na g\u00f6re t\u00fcm \u00e7a\u011flar\u0131n en b\u00fcy\u00fck birka\u00e7 filozofundan biridir. Bilim ve felsefede onun ba\u015farm\u0131\u015f olduklar\u0131yla rekabet etme \u00fcmidi besleyebilen insan say\u0131s\u0131n\u0131n bir elin parmaklar\u0131n\u0131 ge\u00e7medi\u011fi hemen herkes taraf\u0131ndan kabul edilir. Aristoteles, mant\u0131k, do\u011fabilimleri, metafizik, psikoloji, etik ve siyaset felsefesi gibi pek \u00e7ok alanda eser vermi\u015ftir. \u201cAristoteles k\u00fclliyat\u0131\u201d olarak ge\u00e7en, \u00f6zg\u00fcn haliyle Grek\u00e7e 1462 sayfadan olu\u015fan eserler b\u00fct\u00fcn\u00fc, derslerinin, kendisi ya da \u00f6\u011frencileri taraf\u0131ndan tutulmu\u015f notlar\u0131ndan olu\u015fur. Birinci Analitikler, Aristoteles\u2019in bi\u00e7imsel mant\u0131\u011f\u0131n kurucu ilkelerini ortaya koydu\u011fu temel metindir. Bu eser, k\u0131yas teorisinin ilk sistemli sunumunu ger\u00e7ekle\u015ftirerek, yaln\u0131zca Aristoteles\u00e7i mant\u0131\u011f\u0131n de\u011fil, ayn\u0131 zamanda Bat\u0131 d\u00fc\u015f\u00fcnce tarihinin b\u00fct\u00fcnc\u00fcl ak\u0131l y\u00fcr\u00fctme bi\u00e7imlerinin kuramsal \u00e7er\u00e7evesini \u00e7izer. Aristoteles burada, t\u00fcmel \u00f6nermelerden zorunlu sonu\u00e7lar \u00e7\u0131karma yollar\u0131n\u0131 inceler, ge\u00e7erli k\u0131yas bi\u00e7imlerini s\u0131n\u0131fland\u0131r\u0131r ve bunlar\u0131n yap\u0131sal \u00f6zelliklerini mant\u0131ksal zorunluluk ilkeleriyle temellendirir. B\u00f6ylece, mant\u0131\u011f\u0131n yaln\u0131zca d\u00fc\u015f\u00fcnsel bir etkinlik de\u011fil, ayn\u0131 zamanda dilsel ve bi\u00e7imsel bir yap\u0131 olarak ele al\u0131nmas\u0131n\u0131n yolunu a\u00e7ar. <\/p>\n","protected":false},"excerpt":{"rendered":"<p>Aristoteles, Antik\u00e7a\u011f felsefesinin en \u00f6nde gelen filozofudur. Benzer d\u00fczeyde bir felsefeye \u0130lk\u00e7a\u011fda sadece Platon\u2019un eri\u015febildi\u011fi kabul edilir. Antik\u00e7a\u011fa damgas\u0131n\u0131 vurmu\u015f olan Aristoteles, pek \u00e7oklar\u0131na g\u00f6re t\u00fcm<span class=\"excerpt-hellip\"> [\u2026]<\/span><\/p>\n","protected":false},"featured_media":0,"template":"","meta":{"_monsterinsights_skip_tracking":false,"_monsterinsights_sitenote_active":false,"_monsterinsights_sitenote_note":"","_monsterinsights_sitenote_category":0},"product_brand":[],"product_cat":[20351,12388],"product_tag":[],"class_list":{"0":"post-774076","1":"product","2":"type-product","3":"status-publish","5":"product_cat-dusunce","6":"product_cat-felsefe","7":"pa_cilt-ciltsiz","8":"pa_tur-kitap","9":"pa_yayinevi-say-yayinlari","10":"pa_yazar-aristoteles","12":"first","13":"instock","14":"sale","15":"shipping-taxable","16":"purchasable","17":"product-type-simple"},"_links":{"self":[{"href":"https:\/\/roveyayinevi.com.tr\/index.php\/wp-json\/wp\/v2\/product\/774076","targetHints":{"allow":["GET"]}}],"collection":[{"href":"https:\/\/roveyayinevi.com.tr\/index.php\/wp-json\/wp\/v2\/product"}],"about":[{"href":"https:\/\/roveyayinevi.com.tr\/index.php\/wp-json\/wp\/v2\/types\/product"}],"wp:attachment":[{"href":"https:\/\/roveyayinevi.com.tr\/index.php\/wp-json\/wp\/v2\/media?parent=774076"}],"wp:term":[{"taxonomy":"product_brand","embeddable":true,"href":"https:\/\/roveyayinevi.com.tr\/index.php\/wp-json\/wp\/v2\/product_brand?post=774076"},{"taxonomy":"product_cat","embeddable":true,"href":"https:\/\/roveyayinevi.com.tr\/index.php\/wp-json\/wp\/v2\/product_cat?post=774076"},{"taxonomy":"product_tag","embeddable":true,"href":"https:\/\/roveyayinevi.com.tr\/index.php\/wp-json\/wp\/v2\/product_tag?post=774076"}],"curies":[{"name":"wp","href":"https:\/\/api.w.org\/{rel}","templated":true}]}}