{"id":774074,"date":"2025-08-28T16:39:38","date_gmt":"2025-08-28T13:39:38","guid":{"rendered":"https:\/\/roveyayinevi.com.tr\/index.php\/urun\/erdemler-ve-kotulukler-genclik-yaslilik-yasam-ve-olum-uzerine\/"},"modified":"2026-04-15T03:41:35","modified_gmt":"2026-04-15T00:41:35","slug":"erdemler-ve-kotulukler-genclik-yaslilik-yasam-ve-olum-uzerine","status":"publish","type":"product","link":"https:\/\/roveyayinevi.com.tr\/index.php\/urun\/erdemler-ve-kotulukler-genclik-yaslilik-yasam-ve-olum-uzerine\/","title":{"rendered":"Erdemler ve K\u00f6tu\u0308lu\u0308kler &amp; Gen\u00e7lik Ya\u015fl\u0131l\u0131k Ya\u015fam ve \u00d6lu\u0308m \u00dczerine"},"content":{"rendered":"<p>Aristoteles, Antik\u00e7a\u011f felsefesinin en \u00f6nde gelen filozofudur. Benzer d\u00fczeyde bir felsefeye \u0130lk\u00e7a\u011fda sadece Platon\u2019un eri\u015febildi\u011fi kabul edilir. Antik\u00e7a\u011fa damgas\u0131n\u0131 vurmu\u015f olan Aristoteles, pek \u00e7oklar\u0131na g\u00f6re t\u00fcm \u00e7a\u011flar\u0131n en b\u00fcy\u00fck birka\u00e7 filozofundan biridir. Bilim ve felsefede onun ba\u015farm\u0131\u015f olduklar\u0131yla rekabet etme \u00fcmidi besleyebilen insan say\u0131s\u0131n\u0131n bir elin parmaklar\u0131n\u0131 ge\u00e7medi\u011fi hemen herkes taraf\u0131ndan kabul edilir. Aristoteles, mant\u0131k, do\u011fabilimleri, metafizik, psikoloji, etik ve siyaset felsefesi gibi pek \u00e7ok alanda eser vermi\u015ftir. \u201cAristoteles k\u00fclliyat\u0131\u201d olarak ge\u00e7en, \u00f6zg\u00fcn haliyle Grek\u00e7e 1462 sayfadan olu\u015fan eserler b\u00fct\u00fcn\u00fc, derslerinin, kendisi ya da \u00f6\u011frencileri taraf\u0131ndan tutulmu\u015f notlar\u0131ndan olu\u015fur. Aristoteles\u2019e atfedilen ve etik \u00fczerine d\u00f6rt \u00e7al\u0131\u015fmas\u0131ndan en k\u0131sas\u0131 olan Erdemler ve K\u00f6t\u00fcl\u00fckler, iyi ya da k\u00f6t\u00fc kabul edilen \u015feyler ile bunlara ba\u011fl\u0131 kavramlar hakk\u0131nda k\u0131sa bir rehber sunar. Bu metin, filozofun olduk\u00e7a k\u0131sa bir di\u011fer \u00e7al\u0131\u015fmas\u0131 olan Gen\u00e7lik, Ya\u015fl\u0131l\u0131k, Ya\u015fam ve \u00d6l\u00fcm \u00dczerine ile birlikte okuyucuyla bulu\u015fmaktad\u0131r. <\/p>\n","protected":false},"excerpt":{"rendered":"<p>Aristoteles, Antik\u00e7a\u011f felsefesinin en \u00f6nde gelen filozofudur. Benzer d\u00fczeyde bir felsefeye \u0130lk\u00e7a\u011fda sadece Platon\u2019un eri\u015febildi\u011fi kabul edilir. Antik\u00e7a\u011fa damgas\u0131n\u0131 vurmu\u015f olan Aristoteles, pek \u00e7oklar\u0131na g\u00f6re t\u00fcm<span class=\"excerpt-hellip\"> [\u2026]<\/span><\/p>\n","protected":false},"featured_media":0,"template":"","meta":{"_monsterinsights_skip_tracking":false,"_monsterinsights_sitenote_active":false,"_monsterinsights_sitenote_note":"","_monsterinsights_sitenote_category":0},"product_brand":[],"product_cat":[20351,12388],"product_tag":[],"class_list":{"0":"post-774074","1":"product","2":"type-product","3":"status-publish","5":"product_cat-dusunce","6":"product_cat-felsefe","7":"pa_cilt-ciltsiz","8":"pa_tur-kitap","9":"pa_yayinevi-say-yayinlari","10":"pa_yazar-aristoteles","12":"first","13":"instock","14":"sale","15":"shipping-taxable","16":"purchasable","17":"product-type-simple"},"_links":{"self":[{"href":"https:\/\/roveyayinevi.com.tr\/index.php\/wp-json\/wp\/v2\/product\/774074","targetHints":{"allow":["GET"]}}],"collection":[{"href":"https:\/\/roveyayinevi.com.tr\/index.php\/wp-json\/wp\/v2\/product"}],"about":[{"href":"https:\/\/roveyayinevi.com.tr\/index.php\/wp-json\/wp\/v2\/types\/product"}],"wp:attachment":[{"href":"https:\/\/roveyayinevi.com.tr\/index.php\/wp-json\/wp\/v2\/media?parent=774074"}],"wp:term":[{"taxonomy":"product_brand","embeddable":true,"href":"https:\/\/roveyayinevi.com.tr\/index.php\/wp-json\/wp\/v2\/product_brand?post=774074"},{"taxonomy":"product_cat","embeddable":true,"href":"https:\/\/roveyayinevi.com.tr\/index.php\/wp-json\/wp\/v2\/product_cat?post=774074"},{"taxonomy":"product_tag","embeddable":true,"href":"https:\/\/roveyayinevi.com.tr\/index.php\/wp-json\/wp\/v2\/product_tag?post=774074"}],"curies":[{"name":"wp","href":"https:\/\/api.w.org\/{rel}","templated":true}]}}