{"id":774069,"date":"2025-08-28T16:39:29","date_gmt":"2025-08-28T13:39:29","guid":{"rendered":"https:\/\/roveyayinevi.com.tr\/index.php\/urun\/dinozor-zamani-cikartmali-aktivite-kitabi\/"},"modified":"2026-04-15T03:41:35","modified_gmt":"2026-04-15T00:41:35","slug":"dinozor-zamani-cikartmali-aktivite-kitabi","status":"publish","type":"product","link":"https:\/\/roveyayinevi.com.tr\/index.php\/urun\/dinozor-zamani-cikartmali-aktivite-kitabi\/","title":{"rendered":"Dinozor Zaman\u0131 \u2013 \u00c7\u0131kartmal\u0131 Aktivite Kitab\u0131"},"content":{"rendered":"<p>POFUDUK \u00c7IKARTMALARIYLA B\u0130RL\u0130KTE   Bu muhte\u015fem kitapla dinozorlar\u0131n tarih \u00f6ncesi maceras\u0131na kat\u0131lacaks\u0131n. Kendi dinozorunu \u00e7izebilir, onu boyayabilir ve hatta \u00e7ok daha fazlas\u0131n\u0131 bu e\u011flenceli aktivite kitab\u0131nda yapabilirsin. Ayr\u0131ca bu birbirinden b\u00fcy\u00fck dinozorlar\u0131 sen \u00e7izecek, harika \u00e7\u0131kartmalarla sen tasarlayacaks\u0131n. Saatlerce s\u00fcrecek e\u011flenceye haz\u0131rsan ba\u015flayal\u0131m.   &#8211; KEND\u0130 D\u0130NOZORUNU TASARLA &#8211; LAB\u0130RENT &#8211; \u00c7IKARTMA SAYFALARI &#8211; RENKLER VE SAYILAR <\/p>\n","protected":false},"excerpt":{"rendered":"<p>POFUDUK \u00c7IKARTMALARIYLA B\u0130RL\u0130KTE Bu muhte\u015fem kitapla dinozorlar\u0131n tarih \u00f6ncesi maceras\u0131na kat\u0131lacaks\u0131n. Kendi dinozorunu \u00e7izebilir, onu boyayabilir ve hatta \u00e7ok daha fazlas\u0131n\u0131 bu e\u011flenceli aktivite kitab\u0131nda yapabilirsin.<span class=\"excerpt-hellip\"> [\u2026]<\/span><\/p>\n","protected":false},"featured_media":0,"template":"","meta":{"_monsterinsights_skip_tracking":false,"_monsterinsights_sitenote_active":false,"_monsterinsights_sitenote_note":"","_monsterinsights_sitenote_category":0},"product_brand":[],"product_cat":[12554,12274],"product_tag":[],"class_list":{"0":"post-774069","1":"product","2":"type-product","3":"status-publish","5":"product_cat-cikartmali-kitaplar","6":"product_cat-cocuk-ve-genclik-kitaplari","7":"pa_cilt-ciltsiz","8":"pa_tur-kitap","9":"pa_yayinevi-indigo-cocuk","10":"pa_yazar-kolektif","12":"first","13":"instock","14":"sale","15":"shipping-taxable","16":"purchasable","17":"product-type-simple"},"_links":{"self":[{"href":"https:\/\/roveyayinevi.com.tr\/index.php\/wp-json\/wp\/v2\/product\/774069","targetHints":{"allow":["GET"]}}],"collection":[{"href":"https:\/\/roveyayinevi.com.tr\/index.php\/wp-json\/wp\/v2\/product"}],"about":[{"href":"https:\/\/roveyayinevi.com.tr\/index.php\/wp-json\/wp\/v2\/types\/product"}],"wp:attachment":[{"href":"https:\/\/roveyayinevi.com.tr\/index.php\/wp-json\/wp\/v2\/media?parent=774069"}],"wp:term":[{"taxonomy":"product_brand","embeddable":true,"href":"https:\/\/roveyayinevi.com.tr\/index.php\/wp-json\/wp\/v2\/product_brand?post=774069"},{"taxonomy":"product_cat","embeddable":true,"href":"https:\/\/roveyayinevi.com.tr\/index.php\/wp-json\/wp\/v2\/product_cat?post=774069"},{"taxonomy":"product_tag","embeddable":true,"href":"https:\/\/roveyayinevi.com.tr\/index.php\/wp-json\/wp\/v2\/product_tag?post=774069"}],"curies":[{"name":"wp","href":"https:\/\/api.w.org\/{rel}","templated":true}]}}