{"id":774066,"date":"2025-08-28T16:39:22","date_gmt":"2025-08-28T13:39:22","guid":{"rendered":"https:\/\/roveyayinevi.com.tr\/index.php\/urun\/tukenmeyen-yaz-sil-matematik\/"},"modified":"2026-04-15T03:41:35","modified_gmt":"2026-04-15T00:41:35","slug":"tukenmeyen-yaz-sil-matematik","status":"publish","type":"product","link":"https:\/\/roveyayinevi.com.tr\/index.php\/urun\/tukenmeyen-yaz-sil-matematik\/","title":{"rendered":"T\u00fckenmeyen Yaz Sil Matematik"},"content":{"rendered":"<p>Gelece\u011fin Parlak Zihinleri \u0130\u00e7in \u0130lk Ad\u0131m \u00c7ocu\u011funuzun e\u011fitim hayat\u0131na sa\u011flam bir ba\u015flang\u0131\u00e7 yapmas\u0131n\u0131 sa\u011flayacak, \u00f6\u011frenmeyi keyifli bir deneyime d\u00f6n\u00fc\u015ft\u00fcrecek \u00f6zel bir kitapla tan\u0131\u015fmaya haz\u0131r olun. Kitab\u0131m\u0131z, her say\u0131n\u0131n kendine \u00f6zg\u00fc formunu tan\u0131t\u0131rken, geni\u015f ve ferah yazma alanlar\u0131yla miniklerin rahat\u00e7a pratik yapmas\u0131na olanak tan\u0131r. \u00d6zel silinebilir sayfalar sayesinde hatalar kolayca d\u00fczeltilebilir, tekrar etme imk\u00e2n\u0131yla kal\u0131c\u0131 \u00f6\u011frenme sa\u011flan\u0131r ve \u00e7ocuklar kendilerine olan g\u00fcvenlerini art\u0131rarak ilerler. Bu kitap; sadece say\u0131sal becerileri de\u011fil, ayn\u0131 zamanda el-g\u00f6z koordinasyonunu, ince motor becerilerini ve dikkat toplama yeteneklerini de destekler.  K\u00fc\u00e7\u00fck bir kalemle at\u0131lan b\u00fcy\u00fck ad\u0131mlar\u0131n ba\u015flang\u0131c\u0131 burada!<\/p>\n","protected":false},"excerpt":{"rendered":"<p>Gelece\u011fin Parlak Zihinleri \u0130\u00e7in \u0130lk Ad\u0131m \u00c7ocu\u011funuzun e\u011fitim hayat\u0131na sa\u011flam bir ba\u015flang\u0131\u00e7 yapmas\u0131n\u0131 sa\u011flayacak, \u00f6\u011frenmeyi keyifli bir deneyime d\u00f6n\u00fc\u015ft\u00fcrecek \u00f6zel bir kitapla tan\u0131\u015fmaya haz\u0131r olun. Kitab\u0131m\u0131z,<span class=\"excerpt-hellip\"> [\u2026]<\/span><\/p>\n","protected":false},"featured_media":0,"template":"","meta":{"_monsterinsights_skip_tracking":false,"_monsterinsights_sitenote_active":false,"_monsterinsights_sitenote_note":"","_monsterinsights_sitenote_category":0},"product_brand":[],"product_cat":[12274,12518],"product_tag":[],"class_list":{"0":"post-774066","1":"product","2":"type-product","3":"status-publish","5":"product_cat-cocuk-ve-genclik-kitaplari","6":"product_cat-okul-oncesi-kitaplar","7":"pa_cilt-ciltsiz","8":"pa_tur-kitap","9":"pa_yayinevi-bicirik-yayinlari","10":"pa_yazar-tuba-ozturk","12":"first","13":"instock","14":"sale","15":"shipping-taxable","16":"purchasable","17":"product-type-simple"},"_links":{"self":[{"href":"https:\/\/roveyayinevi.com.tr\/index.php\/wp-json\/wp\/v2\/product\/774066","targetHints":{"allow":["GET"]}}],"collection":[{"href":"https:\/\/roveyayinevi.com.tr\/index.php\/wp-json\/wp\/v2\/product"}],"about":[{"href":"https:\/\/roveyayinevi.com.tr\/index.php\/wp-json\/wp\/v2\/types\/product"}],"wp:attachment":[{"href":"https:\/\/roveyayinevi.com.tr\/index.php\/wp-json\/wp\/v2\/media?parent=774066"}],"wp:term":[{"taxonomy":"product_brand","embeddable":true,"href":"https:\/\/roveyayinevi.com.tr\/index.php\/wp-json\/wp\/v2\/product_brand?post=774066"},{"taxonomy":"product_cat","embeddable":true,"href":"https:\/\/roveyayinevi.com.tr\/index.php\/wp-json\/wp\/v2\/product_cat?post=774066"},{"taxonomy":"product_tag","embeddable":true,"href":"https:\/\/roveyayinevi.com.tr\/index.php\/wp-json\/wp\/v2\/product_tag?post=774066"}],"curies":[{"name":"wp","href":"https:\/\/api.w.org\/{rel}","templated":true}]}}