{"id":774065,"date":"2025-08-28T16:39:19","date_gmt":"2025-08-28T13:39:19","guid":{"rendered":"https:\/\/roveyayinevi.com.tr\/index.php\/urun\/kalp-meselesi\/"},"modified":"2026-04-15T03:41:35","modified_gmt":"2026-04-15T00:41:35","slug":"kalp-meselesi","status":"publish","type":"product","link":"https:\/\/roveyayinevi.com.tr\/index.php\/urun\/kalp-meselesi\/","title":{"rendered":"Kalp Meselesi"},"content":{"rendered":"<p>Dedemden kalan hastanede psikiyatri doktoru olarak \u00e7al\u0131\u015fmaya ba\u015flad\u0131\u011f\u0131mdan beri hayat\u0131m yolunda gidiyordu. Bir hastan\u0131n aniden kar\u015f\u0131ma \u00e7\u0131k\u0131p ge\u00e7mi\u015fimle ilgili konu\u015fmas\u0131yla y\u0131llar \u00f6nce tan\u0131\u015ft\u0131\u011f\u0131m \u00fcvey karde\u015fim oldu\u011funu hat\u0131rlad\u0131m. Bu ger\u00e7e\u011fin etkisini hen\u00fcz \u00fczerimden atamam\u0131\u015fken babam\u0131n bor\u00e7 bata\u011f\u0131nda oldu\u011funu \u00f6\u011frendim. O andan itibaren hayat\u0131m, hi\u00e7 istemedi\u011fim bir y\u00f6ne do\u011fru s\u00fcr\u00fcklenmeye ba\u015flad\u0131. <\/p>\n","protected":false},"excerpt":{"rendered":"<p>Dedemden kalan hastanede psikiyatri doktoru olarak \u00e7al\u0131\u015fmaya ba\u015flad\u0131\u011f\u0131mdan beri hayat\u0131m yolunda gidiyordu. Bir hastan\u0131n aniden kar\u015f\u0131ma \u00e7\u0131k\u0131p ge\u00e7mi\u015fimle ilgili konu\u015fmas\u0131yla y\u0131llar \u00f6nce tan\u0131\u015ft\u0131\u011f\u0131m \u00fcvey karde\u015fim oldu\u011funu<span class=\"excerpt-hellip\"> [\u2026]<\/span><\/p>\n","protected":false},"featured_media":0,"template":"","meta":{"_monsterinsights_skip_tracking":false,"_monsterinsights_sitenote_active":false,"_monsterinsights_sitenote_note":"","_monsterinsights_sitenote_category":0},"product_brand":[],"product_cat":[12291,12711],"product_tag":[],"class_list":{"0":"post-774065","1":"product","2":"type-product","3":"status-publish","5":"product_cat-edebiyat","6":"product_cat-roman-oyku","7":"pa_cilt-ciltsiz","8":"pa_tur-kitap","9":"pa_yayinevi-ulysses-yayinlari","10":"pa_yazar-beyza-yilmaz","12":"first","13":"instock","14":"sale","15":"shipping-taxable","16":"purchasable","17":"product-type-simple"},"_links":{"self":[{"href":"https:\/\/roveyayinevi.com.tr\/index.php\/wp-json\/wp\/v2\/product\/774065","targetHints":{"allow":["GET"]}}],"collection":[{"href":"https:\/\/roveyayinevi.com.tr\/index.php\/wp-json\/wp\/v2\/product"}],"about":[{"href":"https:\/\/roveyayinevi.com.tr\/index.php\/wp-json\/wp\/v2\/types\/product"}],"wp:attachment":[{"href":"https:\/\/roveyayinevi.com.tr\/index.php\/wp-json\/wp\/v2\/media?parent=774065"}],"wp:term":[{"taxonomy":"product_brand","embeddable":true,"href":"https:\/\/roveyayinevi.com.tr\/index.php\/wp-json\/wp\/v2\/product_brand?post=774065"},{"taxonomy":"product_cat","embeddable":true,"href":"https:\/\/roveyayinevi.com.tr\/index.php\/wp-json\/wp\/v2\/product_cat?post=774065"},{"taxonomy":"product_tag","embeddable":true,"href":"https:\/\/roveyayinevi.com.tr\/index.php\/wp-json\/wp\/v2\/product_tag?post=774065"}],"curies":[{"name":"wp","href":"https:\/\/api.w.org\/{rel}","templated":true}]}}