{"id":774064,"date":"2025-08-28T16:39:16","date_gmt":"2025-08-28T13:39:16","guid":{"rendered":"https:\/\/roveyayinevi.com.tr\/index.php\/urun\/heykeltiras\/"},"modified":"2026-04-15T03:41:34","modified_gmt":"2026-04-15T00:41:34","slug":"heykeltiras","status":"publish","type":"product","link":"https:\/\/roveyayinevi.com.tr\/index.php\/urun\/heykeltiras\/","title":{"rendered":"Heykelt\u0131ra\u015f"},"content":{"rendered":"<p>Cesetleri par\u00e7alay\u0131p adeta bir sanat eseri gibi yeniden \u015fekillendirmesiyle \u201cHeykelt\u0131ra\u015f\u201d ismiyle an\u0131lan Olive Martin, annesi ve k\u0131z karde\u015fini vah\u015fice \u00f6ld\u00fcrmekten h\u00fck\u00fcm giymi\u015f ve hapiste sessizli\u011fe g\u00f6m\u00fclm\u00fc\u015f gizemli bir kad\u0131nd\u0131r. Ancak gazeteci Rosalind Leigh, bu korkun\u00e7 su\u00e7a dair ger\u00e7e\u011fi ara\u015ft\u0131rmaya ba\u015flad\u0131\u011f\u0131nda, hi\u00e7bir \u015feyin g\u00f6r\u00fcnd\u00fc\u011f\u00fc gibi olmad\u0131\u011f\u0131n\u0131 fark eder. Olive\u2019in suskunlu\u011fu, ge\u00e7mi\u015fin g\u00f6lgesinde sakl\u0131 karanl\u0131k bir s\u0131rr\u0131n \u00fczerini \u00f6rt\u00fcyor olabilir mi? Minette Walters, Heykelt\u0131ra\u015f\u2019ta adaletin k\u0131r\u0131lgan y\u00fcz\u00fcn\u00fc, insan ruhunun karanl\u0131k derinliklerini ve alg\u0131 ile ger\u00e7ek aras\u0131ndaki ince \u00e7izgiyi ustal\u0131kla sorguluyor. Her sayfas\u0131 bir bilmece, her karakteri bir s\u0131r&#8230; Medya, su\u00e7, psikoloji ve adalet kavramlar\u0131n\u0131n kesi\u015fiminde \u00f6r\u00fclen bu hik\u00e2ye, her sayfas\u0131nda d\u00fc\u015f\u00fcnd\u00fcr\u00fcyor ve \u00fcrpertiyor. G\u00f6rd\u00fcklerinize inanmay\u0131n. Ger\u00e7ek \u00e7ok daha korkun\u00e7 olabilir. \u201cUsta bir bal\u0131k\u00e7\u0131 gibi, ilk sayfas\u0131ndan itibaren okuru oltas\u0131na tak\u0131yor.\u201d \u2013Colin Dexter \u201cOla\u011fan\u00fcst\u00fc ba\u015far\u0131l\u0131. Olay \u00f6rg\u00fcs\u00fc bir ahtapot gibi k\u0131vr\u0131larak insan\u0131 i\u00e7ine \u00e7ekiyor.\u201d \u2013Daily Telegraph<\/p>\n","protected":false},"excerpt":{"rendered":"<p>Cesetleri par\u00e7alay\u0131p adeta bir sanat eseri gibi yeniden \u015fekillendirmesiyle \u201cHeykelt\u0131ra\u015f\u201d ismiyle an\u0131lan Olive Martin, annesi ve k\u0131z karde\u015fini vah\u015fice \u00f6ld\u00fcrmekten h\u00fck\u00fcm giymi\u015f ve hapiste sessizli\u011fe g\u00f6m\u00fclm\u00fc\u015f<span class=\"excerpt-hellip\"> [\u2026]<\/span><\/p>\n","protected":false},"featured_media":0,"template":"","meta":{"_monsterinsights_skip_tracking":false,"_monsterinsights_sitenote_active":false,"_monsterinsights_sitenote_note":"","_monsterinsights_sitenote_category":0},"product_brand":[],"product_cat":[12291,12711],"product_tag":[],"class_list":{"0":"post-774064","1":"product","2":"type-product","3":"status-publish","5":"product_cat-edebiyat","6":"product_cat-roman-oyku","7":"pa_cilt-ciltsiz","8":"pa_tur-kitap","9":"pa_yayinevi-alfa-yayinlari","10":"pa_yazar-minette-walters","12":"first","13":"instock","14":"sale","15":"shipping-taxable","16":"purchasable","17":"product-type-simple"},"_links":{"self":[{"href":"https:\/\/roveyayinevi.com.tr\/index.php\/wp-json\/wp\/v2\/product\/774064","targetHints":{"allow":["GET"]}}],"collection":[{"href":"https:\/\/roveyayinevi.com.tr\/index.php\/wp-json\/wp\/v2\/product"}],"about":[{"href":"https:\/\/roveyayinevi.com.tr\/index.php\/wp-json\/wp\/v2\/types\/product"}],"wp:attachment":[{"href":"https:\/\/roveyayinevi.com.tr\/index.php\/wp-json\/wp\/v2\/media?parent=774064"}],"wp:term":[{"taxonomy":"product_brand","embeddable":true,"href":"https:\/\/roveyayinevi.com.tr\/index.php\/wp-json\/wp\/v2\/product_brand?post=774064"},{"taxonomy":"product_cat","embeddable":true,"href":"https:\/\/roveyayinevi.com.tr\/index.php\/wp-json\/wp\/v2\/product_cat?post=774064"},{"taxonomy":"product_tag","embeddable":true,"href":"https:\/\/roveyayinevi.com.tr\/index.php\/wp-json\/wp\/v2\/product_tag?post=774064"}],"curies":[{"name":"wp","href":"https:\/\/api.w.org\/{rel}","templated":true}]}}