{"id":774061,"date":"2025-08-28T16:39:09","date_gmt":"2025-08-28T13:39:09","guid":{"rendered":"https:\/\/roveyayinevi.com.tr\/index.php\/urun\/anilar-gecidi\/"},"modified":"2026-04-15T03:41:34","modified_gmt":"2026-04-15T00:41:34","slug":"anilar-gecidi","status":"publish","type":"product","link":"https:\/\/roveyayinevi.com.tr\/index.php\/urun\/anilar-gecidi\/","title":{"rendered":"An\u0131lar Ge\u00e7idi"},"content":{"rendered":"<p>Bir an\u0131y\u0131 hat\u0131rlamak onu zihnimizde duran bir k\u00fct\u00fcphanenin raflar\u0131ndan indirmek de\u011fil, yeniden kurgulanan bir sahneyi canland\u0131rmak gibidir. An\u0131lar Ge\u00e7idi, haf\u0131zay\u0131 sabit bir kay\u0131t sistemi de\u011fil, s\u00fcrekli de\u011fi\u015fen bir s\u00fcre\u00e7 olarak ele al\u0131yor.   Ciara Greene ve Gillian Murphy, haf\u0131zan\u0131n nas\u0131l \u00e7al\u0131\u015ft\u0131\u011f\u0131n\u0131 ve ne ama\u00e7la evrimle\u015fti\u011fini a\u00e7\u0131k bir \u015fekilde anlat\u0131yorlar. Bellek, yaln\u0131zca ge\u00e7mi\u015fi hat\u0131rlamak i\u00e7in de\u011fil; ki\u015fisel kimli\u011fimizi s\u00fcrd\u00fcrmek, sosyal ili\u015fkilerimizi y\u00f6netmek ve gelece\u011fe dair planlar yapmak i\u00e7in de \u00f6nemlidir. Ancak bu sistem, tahmin edilenden daha esnektir. An\u0131lar zamanla de\u011fi\u015febilir, yanl\u0131\u015f hat\u0131rlanabilir ve bazen de hi\u00e7 ya\u015fanmam\u0131\u015f olaylar do\u011fruymu\u015f gibi zihnimizde yer edinebilir. Bu durum haf\u0131zan\u0131n bir kusuru de\u011fil, beynin esnekli\u011fiyle ilgili bir \u00f6zelliktir.   Yazarlar, unutmalar\u0131n, haf\u0131za hatalar\u0131n\u0131n ve zihinsel bo\u015fluklar\u0131n asl\u0131nda beynimizin \u00e7\u00f6z\u00fcm \u00fcretme becerisinin ayr\u0131lmaz par\u00e7alar\u0131 oldu\u011funu g\u00f6steriyor. Dahas\u0131, haf\u0131zan\u0131n nas\u0131l yan\u0131ltabilece\u011fini ve bu kusurlar\u0131n hukuk, medya ve bireysel ya\u015famlar\u0131m\u0131z \u00fczerindeki etkilerini sorgularken \u00f6nemli etik sorulara da kap\u0131 aral\u0131yorlar.   An\u0131lar Ge\u00e7idi, haf\u0131zan\u0131n nas\u0131l i\u015fledi\u011fini, neden her zaman tutarl\u0131 olmad\u0131\u011f\u0131n\u0131 ve bu durumun bizi nas\u0131l etkiledi\u011fini bilimsel verilerle a\u00e7\u0131kl\u0131yor.<\/p>\n","protected":false},"excerpt":{"rendered":"<p>Bir an\u0131y\u0131 hat\u0131rlamak onu zihnimizde duran bir k\u00fct\u00fcphanenin raflar\u0131ndan indirmek de\u011fil, yeniden kurgulanan bir sahneyi canland\u0131rmak gibidir. An\u0131lar Ge\u00e7idi, haf\u0131zay\u0131 sabit bir kay\u0131t sistemi de\u011fil, s\u00fcrekli<span class=\"excerpt-hellip\"> [\u2026]<\/span><\/p>\n","protected":false},"featured_media":0,"template":"","meta":{"_monsterinsights_skip_tracking":false,"_monsterinsights_sitenote_active":false,"_monsterinsights_sitenote_note":"","_monsterinsights_sitenote_category":0},"product_brand":[],"product_cat":[12358,12357],"product_tag":[],"class_list":{"0":"post-774061","1":"product","2":"type-product","3":"status-publish","5":"product_cat-genel-psikoloji","6":"product_cat-psikoloji","7":"pa_cilt-ciltsiz","8":"pa_tur-kitap","9":"pa_yayinevi-pinhan-yayincilik","10":"pa_yazar-gillian-murphy-ciara-greene","12":"first","13":"instock","14":"sale","15":"shipping-taxable","16":"purchasable","17":"product-type-simple"},"_links":{"self":[{"href":"https:\/\/roveyayinevi.com.tr\/index.php\/wp-json\/wp\/v2\/product\/774061","targetHints":{"allow":["GET"]}}],"collection":[{"href":"https:\/\/roveyayinevi.com.tr\/index.php\/wp-json\/wp\/v2\/product"}],"about":[{"href":"https:\/\/roveyayinevi.com.tr\/index.php\/wp-json\/wp\/v2\/types\/product"}],"wp:attachment":[{"href":"https:\/\/roveyayinevi.com.tr\/index.php\/wp-json\/wp\/v2\/media?parent=774061"}],"wp:term":[{"taxonomy":"product_brand","embeddable":true,"href":"https:\/\/roveyayinevi.com.tr\/index.php\/wp-json\/wp\/v2\/product_brand?post=774061"},{"taxonomy":"product_cat","embeddable":true,"href":"https:\/\/roveyayinevi.com.tr\/index.php\/wp-json\/wp\/v2\/product_cat?post=774061"},{"taxonomy":"product_tag","embeddable":true,"href":"https:\/\/roveyayinevi.com.tr\/index.php\/wp-json\/wp\/v2\/product_tag?post=774061"}],"curies":[{"name":"wp","href":"https:\/\/api.w.org\/{rel}","templated":true}]}}