{"id":774060,"date":"2025-08-28T16:39:07","date_gmt":"2025-08-28T13:39:07","guid":{"rendered":"https:\/\/roveyayinevi.com.tr\/index.php\/urun\/colde-piknik\/"},"modified":"2026-04-15T03:41:34","modified_gmt":"2026-04-15T00:41:34","slug":"colde-piknik","status":"publish","type":"product","link":"https:\/\/roveyayinevi.com.tr\/index.php\/urun\/colde-piknik\/","title":{"rendered":"\u00c7\u00f6lde Piknik"},"content":{"rendered":"<p>Temiz enerji demek, g\u00fclen \u00e7ocuklar demek\u2026 Uluslararas\u0131 \u00fcne sahip, usta sanat\u00e7\u0131 Huban Korman, Batman&#8217;da ge\u00e7en \u00e7ocuklu\u011funun an\u0131lar\u0131na dayal\u0131 sar\u0131 s\u0131cak bir \u00f6yk\u00fc anlat\u0131yor. Petrol rafinerisinin yak\u0131n\u0131nda ya\u015fayan bir ailenin piknik maceras\u0131n\u0131, \u00e7ocuk g\u00f6z\u00fcnden, temiz enerji kaynaklar\u0131n\u0131n \u00e7o\u011falt\u0131lmas\u0131n\u0131 \u00f6rnekleyen renkli bir hik\u00e2yeye d\u00f6n\u00fc\u015ft\u00fcr\u00fcyor. Do\u011fan\u0131n g\u00fcc\u00fcnden yararlanmak i\u00e7in bilime heveslendiriyor, d\u00fcnya \u00e7ocuklar\u0131n\u0131n gelece\u011fine \u00fcmitli bir dilek b\u0131rak\u0131yor.Babas\u0131 ailecek pikni\u011fe gitmeyi teklif etti\u011finde, Mustafa hemen \u00e7antas\u0131n\u0131 haz\u0131rlamaya koyulur. Ama p\u00fcf\u00fcr p\u00fcf\u00fcr piknik hayaliyle \u00e7\u0131kt\u0131klar\u0131 yolda g\u00f6lgelik tek bir a\u011fa\u00e7 bile bulamazlar. Dev petrol pompas\u0131n\u0131n g\u00f6lgesine s\u0131\u011f\u0131nmak i\u00e7in sapsar\u0131 \u00e7\u00f6lde ilerlerken, \u00fcrk\u00fct\u00fcc\u00fc sesler duyan Mustafa, ablas\u0131n\u0131n ete\u011fine yap\u0131\u015f\u0131r. Abla karde\u015fin reng\u00e2renk hayallerini dinleyen m\u00fchendis Y\u00fccel Amca onlara bir s\u00fcrpriz s\u00f6z\u00fc verir&#8230; <\/p>\n","protected":false},"excerpt":{"rendered":"<p>Temiz enerji demek, g\u00fclen \u00e7ocuklar demek\u2026 Uluslararas\u0131 \u00fcne sahip, usta sanat\u00e7\u0131 Huban Korman, Batman&#8217;da ge\u00e7en \u00e7ocuklu\u011funun an\u0131lar\u0131na dayal\u0131 sar\u0131 s\u0131cak bir \u00f6yk\u00fc anlat\u0131yor. Petrol rafinerisinin yak\u0131n\u0131nda<span class=\"excerpt-hellip\"> [\u2026]<\/span><\/p>\n","protected":false},"featured_media":0,"template":"","meta":{"_monsterinsights_skip_tracking":false,"_monsterinsights_sitenote_active":false,"_monsterinsights_sitenote_note":"","_monsterinsights_sitenote_category":0},"product_brand":[],"product_cat":[12274,12284],"product_tag":[],"class_list":{"0":"post-774060","1":"product","2":"type-product","3":"status-publish","5":"product_cat-cocuk-ve-genclik-kitaplari","6":"product_cat-hikayeler","7":"pa_cilt-ciltsiz","8":"pa_tur-kitap","9":"pa_yayinevi-gunisigi-kitapligi","10":"pa_yazar-huban-korman","12":"first","13":"instock","14":"sale","15":"shipping-taxable","16":"purchasable","17":"product-type-simple"},"_links":{"self":[{"href":"https:\/\/roveyayinevi.com.tr\/index.php\/wp-json\/wp\/v2\/product\/774060","targetHints":{"allow":["GET"]}}],"collection":[{"href":"https:\/\/roveyayinevi.com.tr\/index.php\/wp-json\/wp\/v2\/product"}],"about":[{"href":"https:\/\/roveyayinevi.com.tr\/index.php\/wp-json\/wp\/v2\/types\/product"}],"wp:attachment":[{"href":"https:\/\/roveyayinevi.com.tr\/index.php\/wp-json\/wp\/v2\/media?parent=774060"}],"wp:term":[{"taxonomy":"product_brand","embeddable":true,"href":"https:\/\/roveyayinevi.com.tr\/index.php\/wp-json\/wp\/v2\/product_brand?post=774060"},{"taxonomy":"product_cat","embeddable":true,"href":"https:\/\/roveyayinevi.com.tr\/index.php\/wp-json\/wp\/v2\/product_cat?post=774060"},{"taxonomy":"product_tag","embeddable":true,"href":"https:\/\/roveyayinevi.com.tr\/index.php\/wp-json\/wp\/v2\/product_tag?post=774060"}],"curies":[{"name":"wp","href":"https:\/\/api.w.org\/{rel}","templated":true}]}}