{"id":774056,"date":"2025-08-28T16:39:01","date_gmt":"2025-08-28T13:39:01","guid":{"rendered":"https:\/\/roveyayinevi.com.tr\/index.php\/urun\/bezini-birakan-cocuk\/"},"modified":"2026-01-28T04:03:42","modified_gmt":"2026-01-28T01:03:42","slug":"bezini-birakan-cocuk","status":"publish","type":"product","link":"https:\/\/roveyayinevi.com.tr\/index.php\/urun\/bezini-birakan-cocuk\/","title":{"rendered":"Bezini B\u0131rakan \u00c7ocuk"},"content":{"rendered":"<p>\u00c7OCU\u011eUNUZUN TUVALET E\u011e\u0130T\u0130M\u0130 D\u00d6NEM\u0130NDE REHBER K\u0130TAP! Her ebeveynin zihninde ayn\u0131 soru: \u201cBu \u00e7ocuk bezden ne zaman \u00e7\u0131kacak?\u201d Kaka tutmalar, \u00e7i\u015f kazalar\u0131, bezsizli\u011fe diren\u00e7 ve tuvalet e\u011fitimine dair bitmeyen \u00e7at\u0131\u015fmalar\u2026 Bez b\u0131rakma d\u00f6nemi gelince ebeveynler, g\u00f6z\u00fcn\u00fc \u0131slak g\u00fcnlere a\u00e7\u0131yor. Ama \u00e7\u00f6z\u00fcm \u201czorlamak\u201d de\u011fil; anlamak, e\u015flik etmek ve birlikte d\u00f6n\u00fc\u015fmek.  \u201cBezini B\u0131rakan \u00c7ocuk\u201d, tuvalet e\u011fitiminin n\u00f6ropsikolojik ve geli\u015fimsel temellerini a\u00e7\u0131kl\u0131yor; ebeveynlere bilimsel dayanakl\u0131, uygulanabilir ve etkili \u00e7\u00f6z\u00fcmler sunuyor. 50 g\u00fc\u00e7l\u00fc ebeveyn sorusuna verilen bu cevaplar; tuvalet al\u0131\u015fkanl\u0131\u011f\u0131 kazand\u0131rmaktan alt\u0131na ka\u00e7\u0131rma sorunlar\u0131na, duygusal haz\u0131rl\u0131ktan fizyolojik olgunla\u015fmaya kadar bir\u00e7ok alanda yol g\u00f6sterici bir rehber niteli\u011fi ta\u015f\u0131yor.  Bu kitab\u0131 okudu\u011funuzda; \u2022 Bezsiz ya\u015fama ge\u00e7i\u015fin i\u015faretlerini fark edecek, \u2022 \u00c7ocu\u011funuzun haz\u0131r olu\u015funu nas\u0131l anlayaca\u011f\u0131n\u0131z\u0131 \u00f6\u011frenecek, \u2022 Korkutmadan, utand\u0131rmadan, \u00e7ocu\u011funuzla aran\u0131zdaki ba\u011fa zarar vermeden bu s\u00fcreci ustal\u0131kla y\u00f6netebileceksiniz. \u00c7ocu\u011funuzun bez b\u0131rakma s\u00fcrecini k\u0131sa s\u00fcrede ve sa\u011fl\u0131kl\u0131 ya\u015famas\u0131n\u0131 istiyorsan\u0131z; bu kitap tam size g\u00f6re! <\/p>\n","protected":false},"excerpt":{"rendered":"<p>\u00c7OCU\u011eUNUZUN TUVALET E\u011e\u0130T\u0130M\u0130 D\u00d6NEM\u0130NDE REHBER K\u0130TAP! Her ebeveynin zihninde ayn\u0131 soru: \u201cBu \u00e7ocuk bezden ne zaman \u00e7\u0131kacak?\u201d Kaka tutmalar, \u00e7i\u015f kazalar\u0131, bezsizli\u011fe diren\u00e7 ve tuvalet e\u011fitimine<span class=\"excerpt-hellip\"> [\u2026]<\/span><\/p>\n","protected":false},"featured_media":0,"template":"","meta":{"_monsterinsights_skip_tracking":false,"_monsterinsights_sitenote_active":false,"_monsterinsights_sitenote_note":"","_monsterinsights_sitenote_category":0},"product_brand":[],"product_cat":[26509,13365],"product_tag":[],"class_list":{"0":"post-774056","1":"product","2":"type-product","3":"status-publish","5":"product_cat-cocuk-gelisimi","6":"product_cat-saglik","7":"pa_cilt-ciltsiz","8":"pa_tur-kitap","9":"pa_yayinevi-aile-yayinlari","10":"pa_yazar-kolektif","12":"first","13":"instock","14":"sale","15":"shipping-taxable","16":"purchasable","17":"product-type-simple"},"_links":{"self":[{"href":"https:\/\/roveyayinevi.com.tr\/index.php\/wp-json\/wp\/v2\/product\/774056","targetHints":{"allow":["GET"]}}],"collection":[{"href":"https:\/\/roveyayinevi.com.tr\/index.php\/wp-json\/wp\/v2\/product"}],"about":[{"href":"https:\/\/roveyayinevi.com.tr\/index.php\/wp-json\/wp\/v2\/types\/product"}],"wp:attachment":[{"href":"https:\/\/roveyayinevi.com.tr\/index.php\/wp-json\/wp\/v2\/media?parent=774056"}],"wp:term":[{"taxonomy":"product_brand","embeddable":true,"href":"https:\/\/roveyayinevi.com.tr\/index.php\/wp-json\/wp\/v2\/product_brand?post=774056"},{"taxonomy":"product_cat","embeddable":true,"href":"https:\/\/roveyayinevi.com.tr\/index.php\/wp-json\/wp\/v2\/product_cat?post=774056"},{"taxonomy":"product_tag","embeddable":true,"href":"https:\/\/roveyayinevi.com.tr\/index.php\/wp-json\/wp\/v2\/product_tag?post=774056"}],"curies":[{"name":"wp","href":"https:\/\/api.w.org\/{rel}","templated":true}]}}