{"id":774051,"date":"2025-08-28T16:38:50","date_gmt":"2025-08-28T13:38:50","guid":{"rendered":"https:\/\/roveyayinevi.com.tr\/index.php\/urun\/butun-eserleri-kitaplar-2\/"},"modified":"2026-04-15T03:41:34","modified_gmt":"2026-04-15T00:41:34","slug":"butun-eserleri-kitaplar-2","status":"publish","type":"product","link":"https:\/\/roveyayinevi.com.tr\/index.php\/urun\/butun-eserleri-kitaplar-2\/","title":{"rendered":"B\u00fct\u00fcn Eserleri \u2013 Kitaplar 2"},"content":{"rendered":"<p>Ziya G\u00f6kalp Avrupal\u0131lar\u0131n anlad\u0131\u011f\u0131 man\u00e2da \u00e2lim de\u011fildir. Kendisi, \u201c\u00e2lim\u201d ile \u201c\u00e2rif \u201di ay\u0131rmaya husus\u00ee bir itina g\u00f6sterdi\u011fine bak\u0131l\u0131rsa kim bilir belki \u00e2lim olmak istememi\u015ftir. Ziya, Avrupal\u0131lar\u0131n anlad\u0131\u011f\u0131 man\u00e2da filozof de\u011fildir, hatta Spengler nevinden hayat\u0131n ve Garb medeniyetinin gidi\u015fi hakk\u0131nda orijinal fikir yaymak isteyen bir muharrir de de\u011fildir. Ziya\u2019n\u0131n \u015fair olmad\u0131\u011f\u0131n\u0131 s\u00f6ylemeye l\u00fczum yok, manzumelerini okuyunca anlars\u0131n\u0131z. Milliyet cereyan\u0131 ve T\u00fcrk\u00e7\u00fcl\u00fck, Ziya\u2019n\u0131n yaz\u0131lar\u0131yla ba\u015flamam\u0131\u015ft\u0131r. Ziya mefk\u00fbrecidir demenin de b\u00fcy\u00fck bir man\u00e2s\u0131 yoktur. Bir adam, e\u011fer insan ise, elbette ideal veya idealler pe\u015finde ko\u015far. Ziya, sadece eski Atina\u2019n\u0131n pek iyi tan\u0131d\u0131\u011f\u0131 Sokrat nevinden bir millet m\u00fcrebbisi olmaya \u00e7al\u0131\u015ft\u0131, \u015eark \u00e2leminin pek iyi bildi\u011fi p\u00eer, \u015feyh, \u00e2rif nevindeki insanlar\u0131n modern bir tipi idi.   Mehmet Emin Eri\u015firgil, Ziya G\u00f6kalp\u2019\u0131 b\u00f6yle anlat\u0131r \u00f6\u011frencilerine ve s\u00f6zlerine \u015f\u00f6yle son verir: On senedir, onun gibi de\u011fil, hi\u00e7 olmazsa ona az \u00e7ok yak\u0131n \u00e2rif bir adama rastlamad\u0131m. Ben sizden onun her fikrini benimsemenizi de\u011fil, onun ahl\u00e2k\u00ee hayat\u0131n\u0131 benimsemenizi istiyorum.                                                Bir Fikir Adam\u0131n\u0131n Roman\u0131. Ziya G\u00f6kalp   Ziya G\u00f6kalp i\u00e7in s\u00f6ylenen bu s\u00f6zler tersinden de okunabilir. Onu yeniden okumak, yeniden tart\u0131\u015fmak \u00fczere eserlerinin \u00f6zg\u00fcn hali ile toplu bas\u0131m\u0131n\u0131n ikinci cildi.   <\/p>\n","protected":false},"excerpt":{"rendered":"<p>Ziya G\u00f6kalp Avrupal\u0131lar\u0131n anlad\u0131\u011f\u0131 man\u00e2da \u00e2lim de\u011fildir. Kendisi, \u201c\u00e2lim\u201d ile \u201c\u00e2rif \u201di ay\u0131rmaya husus\u00ee bir itina g\u00f6sterdi\u011fine bak\u0131l\u0131rsa kim bilir belki \u00e2lim olmak istememi\u015ftir. Ziya, Avrupal\u0131lar\u0131n<span class=\"excerpt-hellip\"> [\u2026]<\/span><\/p>\n","protected":false},"featured_media":0,"template":"","meta":{"_monsterinsights_skip_tracking":false,"_monsterinsights_sitenote_active":false,"_monsterinsights_sitenote_note":"","_monsterinsights_sitenote_category":0},"product_brand":[],"product_cat":[12291],"product_tag":[],"class_list":{"0":"post-774051","1":"product","2":"type-product","3":"status-publish","5":"product_cat-edebiyat","6":"pa_cilt-ciltsiz","7":"pa_tur-kitap","8":"pa_yayinevi-yapi-kredi-yayinlari","9":"pa_yazar-ziya-gokalp","11":"first","12":"instock","13":"sale","14":"shipping-taxable","15":"purchasable","16":"product-type-simple"},"_links":{"self":[{"href":"https:\/\/roveyayinevi.com.tr\/index.php\/wp-json\/wp\/v2\/product\/774051","targetHints":{"allow":["GET"]}}],"collection":[{"href":"https:\/\/roveyayinevi.com.tr\/index.php\/wp-json\/wp\/v2\/product"}],"about":[{"href":"https:\/\/roveyayinevi.com.tr\/index.php\/wp-json\/wp\/v2\/types\/product"}],"wp:attachment":[{"href":"https:\/\/roveyayinevi.com.tr\/index.php\/wp-json\/wp\/v2\/media?parent=774051"}],"wp:term":[{"taxonomy":"product_brand","embeddable":true,"href":"https:\/\/roveyayinevi.com.tr\/index.php\/wp-json\/wp\/v2\/product_brand?post=774051"},{"taxonomy":"product_cat","embeddable":true,"href":"https:\/\/roveyayinevi.com.tr\/index.php\/wp-json\/wp\/v2\/product_cat?post=774051"},{"taxonomy":"product_tag","embeddable":true,"href":"https:\/\/roveyayinevi.com.tr\/index.php\/wp-json\/wp\/v2\/product_tag?post=774051"}],"curies":[{"name":"wp","href":"https:\/\/api.w.org\/{rel}","templated":true}]}}