{"id":774050,"date":"2025-08-28T16:38:47","date_gmt":"2025-08-28T13:38:47","guid":{"rendered":"https:\/\/roveyayinevi.com.tr\/index.php\/urun\/diyar-i-rumdan-hikayeler\/"},"modified":"2026-04-15T03:41:34","modified_gmt":"2026-04-15T00:41:34","slug":"diyar-i-rumdan-hikayeler","status":"publish","type":"product","link":"https:\/\/roveyayinevi.com.tr\/index.php\/urun\/diyar-i-rumdan-hikayeler\/","title":{"rendered":"Diyar-\u0131 Rum\u2019dan Hikayeler"},"content":{"rendered":"<p>M\u00fcsl\u00fcman T\u00fcrk topluluklar\u0131n\u0131n 11. y\u00fczy\u0131l\u0131n sonlar\u0131ndan itibaren Anadolu\u2019ya yerle\u015fmeleri, o tarihte Bizans topra\u011f\u0131 olan bu b\u00f6lgede bir dizi jeopolitik ve k\u00fclt\u00fcrel de\u011fi\u015fime yol a\u00e7ar. Bu de\u011fi\u015fimlerin izlerine, 13. y\u00fczy\u0131ldan 15. y\u00fczy\u0131la kadar kaleme al\u0131nan M\u00fcsl\u00fcman T\u00fcrk destan ve menak\u0131bnameleri ile yer yer kesi\u015fen Bizans \u015fehadet hik\u00e2yelerinde rastlan\u0131r.   Buket Kitap\u00e7\u0131 Bayr\u0131, Diyar-\u0131 Rum\u2019dan Hik\u00e2yeler \u2013 Hareketli S\u0131n\u0131rlar, De\u011fi\u015fen Kimlikler (13.-15. Y\u00fczy\u0131llar) adl\u0131 bu e\u015fsiz \u00e7al\u0131\u015fmas\u0131nda Bizansl\u0131 yerli halk ile yeni gelen M\u00fcsl\u00fcman T\u00fcrklerin Diyar-\u0131 Rum ad\u0131 verilen ortak bir hik\u00e2ye d\u00fcnyas\u0131nda kar\u015f\u0131la\u015fmas\u0131n\u0131, her iki taraf\u00e7a bu kar\u015f\u0131la\u015fman\u0131n alg\u0131lan\u0131\u015f\u0131n\u0131, jeopolitik ve k\u00fclt\u00fcrel s\u0131n\u0131rlar\u0131n hareketlili\u011fini ve bunlara ba\u011fl\u0131 olarak b\u00f6lgenin sakinlerinin kimliklerinin u\u011frad\u0131\u011f\u0131 de\u011fi\u015fimi inceliyor.   Hem T\u00fcrk\u00e7e hem Yunanca kaynaklara dayanan Diyar-\u0131 Rum\u2019dan Hik\u00e2yeler, belirli yerlerin karakteri ile sakinlerinin k\u00fclt\u00fcrel kimlikleri aras\u0131ndaki karma\u015f\u0131k ili\u015fkiyi g\u00f6zler \u00f6n\u00fcne seriyor.   Diyar-\u0131 Rum\u2019dan Hik\u00e2yeler, \u00f6zellikle bu kaynaklarla ilgilenenler i\u00e7in ve daha genel olarak 13. y\u00fczy\u0131l ile 15. y\u00fczy\u0131l aras\u0131nda \u201cRum\u201d sakinlerinin de\u011fi\u015fen kimlikleri hakk\u0131nda daha b\u00fct\u00fcnc\u00fcl d\u00fc\u015f\u00fcnmeyi isteyecek herkes i\u00e7in temel ba\u015fvuru kayna\u011f\u0131 olacakt\u0131r.                                        Ahmet T. Karamustafa, Maryland \u00dcniversitesi   Bu eser, getirdi\u011fi yenilik\u00e7i, disiplinler aras\u0131 ve b\u00fct\u00fcnc\u00fcl bak\u0131\u015f a\u00e7\u0131s\u0131 ile Bizans ve Orta\u00e7a\u011f T\u00fcrk ara\u015ft\u0131rmalar\u0131na \u00e7ok katmanl\u0131 bir katk\u0131 sa\u011fl\u0131yor.                                                           Myrto Veikou, Byzantine and Modern Greek Studies <\/p>\n","protected":false},"excerpt":{"rendered":"<p>M\u00fcsl\u00fcman T\u00fcrk topluluklar\u0131n\u0131n 11. y\u00fczy\u0131l\u0131n sonlar\u0131ndan itibaren Anadolu\u2019ya yerle\u015fmeleri, o tarihte Bizans topra\u011f\u0131 olan bu b\u00f6lgede bir dizi jeopolitik ve k\u00fclt\u00fcrel de\u011fi\u015fime yol a\u00e7ar. Bu de\u011fi\u015fimlerin<span class=\"excerpt-hellip\"> [\u2026]<\/span><\/p>\n","protected":false},"featured_media":0,"template":"","meta":{"_monsterinsights_skip_tracking":false,"_monsterinsights_sitenote_active":false,"_monsterinsights_sitenote_note":"","_monsterinsights_sitenote_category":0},"product_brand":[],"product_cat":[12291,12745],"product_tag":[],"class_list":{"0":"post-774050","1":"product","2":"type-product","3":"status-publish","5":"product_cat-edebiyat","6":"product_cat-tarihi-roman","7":"pa_cilt-ciltsiz","8":"pa_tur-kitap","9":"pa_yayinevi-yapi-kredi-yayinlari","10":"pa_yazar-buket-kitapci-bayri","12":"first","13":"instock","14":"sale","15":"shipping-taxable","16":"purchasable","17":"product-type-simple"},"_links":{"self":[{"href":"https:\/\/roveyayinevi.com.tr\/index.php\/wp-json\/wp\/v2\/product\/774050","targetHints":{"allow":["GET"]}}],"collection":[{"href":"https:\/\/roveyayinevi.com.tr\/index.php\/wp-json\/wp\/v2\/product"}],"about":[{"href":"https:\/\/roveyayinevi.com.tr\/index.php\/wp-json\/wp\/v2\/types\/product"}],"wp:attachment":[{"href":"https:\/\/roveyayinevi.com.tr\/index.php\/wp-json\/wp\/v2\/media?parent=774050"}],"wp:term":[{"taxonomy":"product_brand","embeddable":true,"href":"https:\/\/roveyayinevi.com.tr\/index.php\/wp-json\/wp\/v2\/product_brand?post=774050"},{"taxonomy":"product_cat","embeddable":true,"href":"https:\/\/roveyayinevi.com.tr\/index.php\/wp-json\/wp\/v2\/product_cat?post=774050"},{"taxonomy":"product_tag","embeddable":true,"href":"https:\/\/roveyayinevi.com.tr\/index.php\/wp-json\/wp\/v2\/product_tag?post=774050"}],"curies":[{"name":"wp","href":"https:\/\/api.w.org\/{rel}","templated":true}]}}