{"id":774049,"date":"2025-08-28T16:38:46","date_gmt":"2025-08-28T13:38:46","guid":{"rendered":"https:\/\/roveyayinevi.com.tr\/index.php\/urun\/iyi-insanlar-kotu-dusununce\/"},"modified":"2026-04-15T03:41:34","modified_gmt":"2026-04-15T00:41:34","slug":"iyi-insanlar-kotu-dusununce","status":"publish","type":"product","link":"https:\/\/roveyayinevi.com.tr\/index.php\/urun\/iyi-insanlar-kotu-dusununce\/","title":{"rendered":"\u0130yi \u0130nsanlar K\u00f6t\u00fc D\u00fc\u015f\u00fcn\u00fcnce"},"content":{"rendered":"<p>K\u00f6t\u00fc d\u00fc\u015f\u00fcnen insanlardan m\u00fcte\u015fekkil bir toplulukta iyi d\u00fc\u015f\u00fcnmeyi te\u015fvik etmenin en iyi yollar\u0131n\u0131 aray\u0131p bulmak psikologlar\u0131n g\u00f6revi olabilir. Fakat hangi d\u00fc\u015f\u00fcnme bi\u00e7imlerinin neden iyi oldu\u011funu tespit etmek felsefecilerin i\u015fidir. \u00c7ok ters giden bir \u015feyler var. D\u00fcnyan\u0131n d\u00f6rt bir yan\u0131nda endi\u015fe verecek kadar \u00e7ok say\u0131da yurtta\u015f \u00e7\u0131lg\u0131nca, hatta tehlikeli fikirlere kap\u0131l\u0131yor. A\u015f\u0131lar\u0131n otizme neden oldu\u011funa inan\u0131yorlar. \u0130klim de\u011fi\u015fikli\u011finin bilimsel bir aldatmaca oldu\u011funu, COVID-19\u2019un yay\u0131lmas\u0131ndan ise 5G\u2019nin sorumlu oldu\u011funu d\u00fc\u015f\u00fcn\u00fcyorlar. Daha da k\u00f6t\u00fcs\u00fc, k\u00f6t\u00fc d\u00fc\u015f\u00fcnceler k\u00f6t\u00fc eylemlere yol a\u00e7\u0131yor; ak\u0131l almaz tart\u0131\u015fmalara, sald\u0131r\u0131lara tan\u0131kl\u0131k ediyoruz. Steven Nadler ve Lawrence Shapiro, bu salg\u0131n haline gelmi\u015f k\u00f6t\u00fc d\u00fc\u015f\u00fcncenin panzehrinin felsefenin bilgeli\u011fi, i\u00e7g\u00f6r\u00fcleri ve pratik becerileri oldu\u011funu savunuyor. Neden iyi insanlara k\u00f6t\u00fc d\u00fc\u015f\u00fcnmenin musallat oldu\u011funu a\u00e7\u0131kl\u0131yor; hakikate dayanmayan bilgileri daha kolay tespit etmemize ve bunlardan ka\u00e7\u0131nmam\u0131za; bir \u015feye inanmak ile onu bilmek aras\u0131nda ayr\u0131m yapmam\u0131za ve \u00e7ok daha fazlas\u0131na yard\u0131mc\u0131 oluyorlar. \u0130yi \u0130nsanlar K\u00f6t\u00fc D\u00fc\u015f\u00fcn\u00fcnce, ak\u0131ld\u0131\u015f\u0131l\u0131\u011f\u0131n \u00f6l\u00fcmc\u00fcl bir etkiyle patlad\u0131\u011f\u0131 bir d\u00fcnyada, akla d\u00f6n\u00fc\u015f i\u00e7in ola\u011fan\u00fcst\u00fc bir rehber. Nadler ve Shapiro felsefenin, daha iyi ak\u0131l y\u00fcr\u00fctmek i\u00e7in gerekli ara\u00e7lar\u0131n\u0131 ortaya koyarken m\u00fckemmel bir i\u015f \u00e7\u0131karm\u0131\u015f. Eserleri, bu ara\u00e7lar\u0131 kullanma konusunda hen\u00fcz yetkin olmayan herkes i\u00e7in bir ba\u015flang\u0131\u00e7 kitab\u0131 niteli\u011finde.                                                         Julian Baggini, Wall Street Journal Ustal\u0131kla yaz\u0131lm\u0131\u015f bu kitap, k\u00f6t\u00fc d\u00fc\u015f\u00fcnmenin neden ortaya \u00e7\u0131kt\u0131\u011f\u0131 ve insanlar\u0131n kendilerini daha iyi d\u00fc\u015f\u00fcnen ki\u015filere d\u00f6n\u00fc\u015ft\u00fcrmek i\u00e7in neler yapabilece\u011fi hakk\u0131nda de\u011ferli bir inceleme.                                                        Choice<\/p>\n","protected":false},"excerpt":{"rendered":"<p>K\u00f6t\u00fc d\u00fc\u015f\u00fcnen insanlardan m\u00fcte\u015fekkil bir toplulukta iyi d\u00fc\u015f\u00fcnmeyi te\u015fvik etmenin en iyi yollar\u0131n\u0131 aray\u0131p bulmak psikologlar\u0131n g\u00f6revi olabilir. Fakat hangi d\u00fc\u015f\u00fcnme bi\u00e7imlerinin neden iyi oldu\u011funu tespit<span class=\"excerpt-hellip\"> [\u2026]<\/span><\/p>\n","protected":false},"featured_media":0,"template":"","meta":{"_monsterinsights_skip_tracking":false,"_monsterinsights_sitenote_active":false,"_monsterinsights_sitenote_note":"","_monsterinsights_sitenote_category":0},"product_brand":[],"product_cat":[20351,12388],"product_tag":[],"class_list":{"0":"post-774049","1":"product","2":"type-product","3":"status-publish","5":"product_cat-dusunce","6":"product_cat-felsefe","7":"pa_cilt-ciltsiz","8":"pa_tur-kitap","9":"pa_yayinevi-yapi-kredi-yayinlari","10":"pa_yazar-steven-nadler-lawrence-shapiro","12":"first","13":"instock","14":"sale","15":"shipping-taxable","16":"purchasable","17":"product-type-simple"},"_links":{"self":[{"href":"https:\/\/roveyayinevi.com.tr\/index.php\/wp-json\/wp\/v2\/product\/774049","targetHints":{"allow":["GET"]}}],"collection":[{"href":"https:\/\/roveyayinevi.com.tr\/index.php\/wp-json\/wp\/v2\/product"}],"about":[{"href":"https:\/\/roveyayinevi.com.tr\/index.php\/wp-json\/wp\/v2\/types\/product"}],"wp:attachment":[{"href":"https:\/\/roveyayinevi.com.tr\/index.php\/wp-json\/wp\/v2\/media?parent=774049"}],"wp:term":[{"taxonomy":"product_brand","embeddable":true,"href":"https:\/\/roveyayinevi.com.tr\/index.php\/wp-json\/wp\/v2\/product_brand?post=774049"},{"taxonomy":"product_cat","embeddable":true,"href":"https:\/\/roveyayinevi.com.tr\/index.php\/wp-json\/wp\/v2\/product_cat?post=774049"},{"taxonomy":"product_tag","embeddable":true,"href":"https:\/\/roveyayinevi.com.tr\/index.php\/wp-json\/wp\/v2\/product_tag?post=774049"}],"curies":[{"name":"wp","href":"https:\/\/api.w.org\/{rel}","templated":true}]}}