{"id":774047,"date":"2025-08-28T16:38:42","date_gmt":"2025-08-28T13:38:42","guid":{"rendered":"https:\/\/roveyayinevi.com.tr\/index.php\/urun\/4-endustri-devrimi-ve-toplumsal-degisme\/"},"modified":"2026-04-15T03:41:34","modified_gmt":"2026-04-15T00:41:34","slug":"4-endustri-devrimi-ve-toplumsal-degisme","status":"publish","type":"product","link":"https:\/\/roveyayinevi.com.tr\/index.php\/urun\/4-endustri-devrimi-ve-toplumsal-degisme\/","title":{"rendered":"4. End\u00fcstri Devrimi ve Toplumsal De\u011fi\u015fme"},"content":{"rendered":"<p>\u0130lk defa 2011 y\u0131l\u0131nda Almanya\u2019daki Hanover Fuar\u0131\u2019nda dillendirilen 4. End\u00fcstri Devrimi\u2019nin yapay zek\u00e2, otomasyon, 3 D, robotlar, yaz\u0131l\u0131m, kodlama, artt\u0131r\u0131lm\u0131\u015f ger\u00e7eklik, sanal ger\u00e7eklik, ak\u0131ll\u0131 ara\u00e7lar, ak\u0131ll\u0131 evler, ak\u0131ll\u0131 kentler vb. bir\u00e7ok \u00f6zelli\u011fi bulunmaktad\u0131r. T\u00fcm bunlar\u0131n yan\u0131nda 4. End\u00fcstri Devrimi\u2019nin bir ba\u015fka \u00f6zelli\u011fi vard\u0131r ki, o da, nesnelerin interneti veya her \u015feyin internetidir. 4. End\u00fcstri Devrimi ile birlikte ekonomi \u00f6nemli oranda de\u011fi\u015fmektedir. Her \u015feyin birbirine ba\u011fland\u0131\u011f\u0131 bir \u00fcretim s\u00fcreci \u00f6nceki fabrikalardan farkl\u0131 olarak \u201cak\u0131ll\u0131 fabrika\u201dlar\u0131 do\u011furur. \u00dcretim s\u00fcreci i\u00e7erisinde, girdi a\u015famas\u0131ndan \u00e7\u0131kt\u0131 a\u015famas\u0131na kadar b\u00fct\u00fcn her \u015feyin birbirine ba\u011fland\u0131\u011f\u0131 bir \u00fcretim s\u00fcreci, kaynak israf\u0131n\u0131n azalt\u0131lmas\u0131na, daha az kayna\u011f\u0131n kullan\u0131lmas\u0131na, daha h\u0131zl\u0131 imalata vb. yol a\u00e7ar. Bu durum bir\u00e7ok y\u00f6nden avantaj sunuyor g\u00f6r\u00fcnmektedir. Ekonomik d\u00f6n\u00fc\u015f\u00fcmlerin bir ba\u015fka g\u00f6stergesi, \u201cak\u0131ll\u0131 ziraat\u201dtir. Geleneksel zirai \u00fcretimden farkl\u0131 olarak b\u00fct\u00fcn her \u015feyin birbirine entegre edildi\u011fi tar\u0131msal bir \u00fcretimde topra\u011f\u0131n nemi, mineral d\u00fczeyi, \u00fcr\u00fcn\u00fcn olgunla\u015f\u0131p olgunla\u015fmad\u0131\u011f\u0131 vb. belirlenebilir. \u00d6te yandan daha \u00f6nceki d\u00f6nemlerinde elde edilemeyecek denli bilgi, bug\u00fcnk\u00fc teknolojiler vas\u0131tas\u0131yla elde edilebilir hale gelmektedir. \u00c7ok say\u0131da ve \u00e7e\u015fitli t\u00fcrde veri toplanmaktad\u0131r. Bug\u00fcn\u00fcn temel politik problemi, bu kadar \u00e7ok say\u0131da ve t\u00fcrde verinin nas\u0131l i\u015flenece\u011fiyle ili\u015fkilidir. Daha \u00f6nemlisi bu durum, daha demokratik politik yap\u0131lara m\u0131 yoksa despotik sistemlere mi evirilecektir? <\/p>\n","protected":false},"excerpt":{"rendered":"<p>\u0130lk defa 2011 y\u0131l\u0131nda Almanya\u2019daki Hanover Fuar\u0131\u2019nda dillendirilen 4. End\u00fcstri Devrimi\u2019nin yapay zek\u00e2, otomasyon, 3 D, robotlar, yaz\u0131l\u0131m, kodlama, artt\u0131r\u0131lm\u0131\u015f ger\u00e7eklik, sanal ger\u00e7eklik, ak\u0131ll\u0131 ara\u00e7lar, ak\u0131ll\u0131<span class=\"excerpt-hellip\"> [\u2026]<\/span><\/p>\n","protected":false},"featured_media":0,"template":"","meta":{"_monsterinsights_skip_tracking":false,"_monsterinsights_sitenote_active":false,"_monsterinsights_sitenote_note":"","_monsterinsights_sitenote_category":0},"product_brand":[],"product_cat":[13005],"product_tag":[],"class_list":{"0":"post-774047","1":"product","2":"type-product","3":"status-publish","5":"product_cat-bilim-muhendislik","6":"pa_cilt-ciltsiz","7":"pa_tur-kitap","8":"pa_yayinevi-soncag-akademik-kitaplar","9":"pa_yazar-mustafa-solmaz","11":"first","12":"instock","13":"sale","14":"shipping-taxable","15":"purchasable","16":"product-type-simple"},"_links":{"self":[{"href":"https:\/\/roveyayinevi.com.tr\/index.php\/wp-json\/wp\/v2\/product\/774047","targetHints":{"allow":["GET"]}}],"collection":[{"href":"https:\/\/roveyayinevi.com.tr\/index.php\/wp-json\/wp\/v2\/product"}],"about":[{"href":"https:\/\/roveyayinevi.com.tr\/index.php\/wp-json\/wp\/v2\/types\/product"}],"wp:attachment":[{"href":"https:\/\/roveyayinevi.com.tr\/index.php\/wp-json\/wp\/v2\/media?parent=774047"}],"wp:term":[{"taxonomy":"product_brand","embeddable":true,"href":"https:\/\/roveyayinevi.com.tr\/index.php\/wp-json\/wp\/v2\/product_brand?post=774047"},{"taxonomy":"product_cat","embeddable":true,"href":"https:\/\/roveyayinevi.com.tr\/index.php\/wp-json\/wp\/v2\/product_cat?post=774047"},{"taxonomy":"product_tag","embeddable":true,"href":"https:\/\/roveyayinevi.com.tr\/index.php\/wp-json\/wp\/v2\/product_tag?post=774047"}],"curies":[{"name":"wp","href":"https:\/\/api.w.org\/{rel}","templated":true}]}}