{"id":774046,"date":"2025-08-28T16:38:40","date_gmt":"2025-08-28T13:38:40","guid":{"rendered":"https:\/\/roveyayinevi.com.tr\/index.php\/urun\/masadan-sahaya-idlib-bahar-kalkani-harekati-ve-suriye-devrimine-etkisi\/"},"modified":"2026-04-15T03:41:34","modified_gmt":"2026-04-15T00:41:34","slug":"masadan-sahaya-idlib-bahar-kalkani-harekati-ve-suriye-devrimine-etkisi","status":"publish","type":"product","link":"https:\/\/roveyayinevi.com.tr\/index.php\/urun\/masadan-sahaya-idlib-bahar-kalkani-harekati-ve-suriye-devrimine-etkisi\/","title":{"rendered":"Masadan Sahaya \u0130dlib Bahar Kalkan\u0131 Harekat\u0131 ve Suriye Devrimi\u2019ne Etkisi"},"content":{"rendered":"<p>T\u00fcrk Silahl\u0131 Kuvvetleri, \u00fc\u00e7l\u00fc anla\u015fma kapsam\u0131nda \u0130dlib\u2019de kurdu\u011fu g\u00f6zlem noktalar\u0131n\u0131n Suriye rejimi taraf\u0131ndan hedef al\u0131nmas\u0131 \u00fczerine Bahar Kalkan\u0131 Harek\u00e2t\u0131\u2019n\u0131 icra etmi\u015ftir. Bu harek\u00e2tla, F\u0131rat Kalkan\u0131, Zeytin Dal\u0131 ve Bar\u0131\u015f P\u0131nar\u0131 harek\u00e2tlar\u0131n\u0131n ard\u0131ndan \u0130dlib ve \u00e7evresinde de kontrol sa\u011flanm\u0131\u015ft\u0131r. B\u00f6ylece T\u00fcrkiye; Hatay hatt\u0131ndaki s\u0131n\u0131r emniyetini tesis ederken, Suriye\u2019de (d\u00f6rd\u00fcnc\u00fc) bir g\u00fcvenli ve huzurlu b\u00f6lge daha olu\u015fturarak yeni g\u00f6\u00e7 dalgalar\u0131n\u0131n da \u00f6n\u00fcne ge\u00e7mi\u015ftir. \u00d6te yandan muhaliflerin bulundu\u011fu son b\u00f6lge olan \u0130dlib\u2019de T\u00fcrkiye\u2019nin varl\u0131\u011f\u0131 sayesinde b\u00fcy\u00fck \u00f6l\u00e7\u00fcde g\u00fcvenlik ve istikrar\u0131n s\u00fcrd\u00fcr\u00fclmesi, Aral\u0131k 2024\u2019te Suriye\u2019de ger\u00e7ekle\u015fen de\u011fi\u015fime zemin haz\u0131rlam\u0131\u015ft\u0131r.   Elinizdeki bu eser de; \u0130dlib\u2019deki geli\u015fmeler ile \u00f6ncesi, icra safhas\u0131 ve sonras\u0131yla Bahar Kalkan\u0131 Harek\u00e2t\u0131\u2019n\u0131, T\u00fcrkiye\u2019nin Suriye politikas\u0131 ve savunma-g\u00fcvenlik konsepti \u00e7er\u00e7evesinde ele almaktad\u0131r. Ayn\u0131 zamanda Suriye Devrimi\u2019nin nas\u0131l ba\u015far\u0131ya ula\u015ft\u0131\u011f\u0131na, T\u00fcrkiye\u2019nin diplomatik ve asker\u00ee hamleleri \u00fczerinden \u0131\u015f\u0131k tutmaktad\u0131r.   Akademisyen ve asker\u00ee tarih\u00e7i Dr. Enes Mert Demir\u2019in kaleme ald\u0131\u011f\u0131 bu eser, yazar\u0131n daha \u00f6nce yay\u0131mlad\u0131\u011f\u0131 F\u0131rat Kalkan\u0131, Zeytin Dal\u0131 ve Bar\u0131\u015f P\u0131nar\u0131 harek\u00e2tlar\u0131na dair kitap serisinin son halkas\u0131 olarak, T\u00fcrk Silahl\u0131 Kuvvetlerinin Suriye\u2019nin kuzeyindeki s\u0131n\u0131r \u00f6tesi operasyonlar\u0131na ili\u015fkin ba\u015fvuru kayna\u011f\u0131 niteli\u011findedir. <\/p>\n","protected":false},"excerpt":{"rendered":"<p>T\u00fcrk Silahl\u0131 Kuvvetleri, \u00fc\u00e7l\u00fc anla\u015fma kapsam\u0131nda \u0130dlib\u2019de kurdu\u011fu g\u00f6zlem noktalar\u0131n\u0131n Suriye rejimi taraf\u0131ndan hedef al\u0131nmas\u0131 \u00fczerine Bahar Kalkan\u0131 Harek\u00e2t\u0131\u2019n\u0131 icra etmi\u015ftir. Bu harek\u00e2tla, F\u0131rat Kalkan\u0131, Zeytin<span class=\"excerpt-hellip\"> [\u2026]<\/span><\/p>\n","protected":false},"featured_media":0,"template":"","meta":{"_monsterinsights_skip_tracking":false,"_monsterinsights_sitenote_active":false,"_monsterinsights_sitenote_note":"","_monsterinsights_sitenote_category":0},"product_brand":[],"product_cat":[12304],"product_tag":[],"class_list":{"0":"post-774046","1":"product","2":"type-product","3":"status-publish","5":"product_cat-tarih","6":"pa_cilt-ciltsiz","7":"pa_tur-kitap","8":"pa_yayinevi-zerre-kitap","9":"pa_yazar-dr-enes-mert-demir","11":"first","12":"instock","13":"sale","14":"shipping-taxable","15":"purchasable","16":"product-type-simple"},"_links":{"self":[{"href":"https:\/\/roveyayinevi.com.tr\/index.php\/wp-json\/wp\/v2\/product\/774046","targetHints":{"allow":["GET"]}}],"collection":[{"href":"https:\/\/roveyayinevi.com.tr\/index.php\/wp-json\/wp\/v2\/product"}],"about":[{"href":"https:\/\/roveyayinevi.com.tr\/index.php\/wp-json\/wp\/v2\/types\/product"}],"wp:attachment":[{"href":"https:\/\/roveyayinevi.com.tr\/index.php\/wp-json\/wp\/v2\/media?parent=774046"}],"wp:term":[{"taxonomy":"product_brand","embeddable":true,"href":"https:\/\/roveyayinevi.com.tr\/index.php\/wp-json\/wp\/v2\/product_brand?post=774046"},{"taxonomy":"product_cat","embeddable":true,"href":"https:\/\/roveyayinevi.com.tr\/index.php\/wp-json\/wp\/v2\/product_cat?post=774046"},{"taxonomy":"product_tag","embeddable":true,"href":"https:\/\/roveyayinevi.com.tr\/index.php\/wp-json\/wp\/v2\/product_tag?post=774046"}],"curies":[{"name":"wp","href":"https:\/\/api.w.org\/{rel}","templated":true}]}}