{"id":774044,"date":"2025-08-28T16:38:36","date_gmt":"2025-08-28T13:38:36","guid":{"rendered":"https:\/\/roveyayinevi.com.tr\/index.php\/urun\/felaket-henry-dis-perisini-kandiriyor\/"},"modified":"2026-04-15T03:41:34","modified_gmt":"2026-04-15T00:41:34","slug":"felaket-henry-dis-perisini-kandiriyor","status":"publish","type":"product","link":"https:\/\/roveyayinevi.com.tr\/index.php\/urun\/felaket-henry-dis-perisini-kandiriyor\/","title":{"rendered":"Felaket Henry Di\u015f Perisini Kand\u0131r\u0131yor"},"content":{"rendered":"<p>\u201c\u015eimdiye kadarki en iyi plan\u0131 buydu. G\u00fcn\u00fcn birinde okul duvar\u0131na dehas\u0131n\u0131 \u00f6ven bir plaket asacaklard\u0131. Ama \u00f6nce yap\u0131lmas\u0131 gereken i\u015fler vard\u0131.&#8221;Felaket Henry yine i\u015f ba\u015f\u0131nda! Bu kez akl\u0131na harika (ve biraz da \u00e7\u0131lg\u0131n) bir fikir geldi: Di\u015f Perisi\u2019ni kand\u0131rmak! Ama bir sorun var\u2026 Henry\u2019nin d\u00fc\u015fen bir di\u015fi bile yok! Karde\u015fi M\u00fckemmel Peter, her zamanki gibi Peri\u2019den \u00f6d\u00fcl\u00fcn\u00fc al\u0131rken, Henry bundan geri kalmaya hi\u00e7 niyetli de\u011fil. Acaba zekice bir plan yaparak Di\u015f Perisi\u2019ni kand\u0131rabilecek mi? Yoksa i\u015fler yine kontrolden mi \u00e7\u0131kacak? Kahkaha bombard\u0131man\u0131 bir maceraya haz\u0131r ol! \u00c7\u00fcnk\u00fc Di\u015f Perisi\u2019ni kand\u0131rmak o kadar da kolay de\u011fil!<\/p>\n","protected":false},"excerpt":{"rendered":"<p>\u201c\u015eimdiye kadarki en iyi plan\u0131 buydu. G\u00fcn\u00fcn birinde okul duvar\u0131na dehas\u0131n\u0131 \u00f6ven bir plaket asacaklard\u0131. Ama \u00f6nce yap\u0131lmas\u0131 gereken i\u015fler vard\u0131.&#8221;Felaket Henry yine i\u015f ba\u015f\u0131nda! Bu<span class=\"excerpt-hellip\"> [\u2026]<\/span><\/p>\n","protected":false},"featured_media":0,"template":"","meta":{"_monsterinsights_skip_tracking":false,"_monsterinsights_sitenote_active":false,"_monsterinsights_sitenote_note":"","_monsterinsights_sitenote_category":0},"product_brand":[],"product_cat":[12274,12284],"product_tag":[],"class_list":{"0":"post-774044","1":"product","2":"type-product","3":"status-publish","5":"product_cat-cocuk-ve-genclik-kitaplari","6":"product_cat-hikayeler","7":"pa_cilt-ciltsiz","8":"pa_tur-kitap","9":"pa_yayinevi-epsilon-yayinlari","10":"pa_yazar-francesca-simon","12":"first","13":"instock","14":"sale","15":"shipping-taxable","16":"purchasable","17":"product-type-simple"},"_links":{"self":[{"href":"https:\/\/roveyayinevi.com.tr\/index.php\/wp-json\/wp\/v2\/product\/774044","targetHints":{"allow":["GET"]}}],"collection":[{"href":"https:\/\/roveyayinevi.com.tr\/index.php\/wp-json\/wp\/v2\/product"}],"about":[{"href":"https:\/\/roveyayinevi.com.tr\/index.php\/wp-json\/wp\/v2\/types\/product"}],"wp:attachment":[{"href":"https:\/\/roveyayinevi.com.tr\/index.php\/wp-json\/wp\/v2\/media?parent=774044"}],"wp:term":[{"taxonomy":"product_brand","embeddable":true,"href":"https:\/\/roveyayinevi.com.tr\/index.php\/wp-json\/wp\/v2\/product_brand?post=774044"},{"taxonomy":"product_cat","embeddable":true,"href":"https:\/\/roveyayinevi.com.tr\/index.php\/wp-json\/wp\/v2\/product_cat?post=774044"},{"taxonomy":"product_tag","embeddable":true,"href":"https:\/\/roveyayinevi.com.tr\/index.php\/wp-json\/wp\/v2\/product_tag?post=774044"}],"curies":[{"name":"wp","href":"https:\/\/api.w.org\/{rel}","templated":true}]}}