{"id":774043,"date":"2025-08-28T16:38:33","date_gmt":"2025-08-28T13:38:33","guid":{"rendered":"https:\/\/roveyayinevi.com.tr\/index.php\/urun\/felaket-henry-ve-bit-krizi\/"},"modified":"2026-04-15T03:41:34","modified_gmt":"2026-04-15T00:41:34","slug":"felaket-henry-ve-bit-krizi","status":"publish","type":"product","link":"https:\/\/roveyayinevi.com.tr\/index.php\/urun\/felaket-henry-ve-bit-krizi\/","title":{"rendered":"Felaket Henry ve Bit Krizi"},"content":{"rendered":"<p>HENRY KIKIRDADI.BU, B\u0130R BEBE\u011e\u0130N EL\u0130NDEN\u015eEKER\u0130N\u0130 ALMAK KADAR KOLAY\u2026VE FELAKET E\u011eLENCEL\u0130 OLACAKTI.Felaket Henry\u2019nin yine ba\u015f\u0131 dertte! Ama bu sefer sebebi yapt\u0131\u011f\u0131 yaramazl\u0131klar de\u011fil\u2026 B\u0130TLER! Evet, yanl\u0131\u015f duymad\u0131n\u0131z! Okulda bir bit salg\u0131n\u0131 var ve Henry\u2019nin sa\u00e7lar\u0131 b\u00fcy\u00fck tehlike alt\u0131nda! Henry\u2019nin maceralar\u0131 bununla da bitmiyor tabii! O, her zaman karde\u015fi M\u00fckemmel Peter\u2019\u0131 k\u0131zd\u0131rman\u0131n, okulda kaos yaratman\u0131n ve kurallar\u0131 hi\u00e7e sayman\u0131n bir yolunu bulur. Bazen i\u015fler \u00e7\u0131\u011f\u0131r\u0131ndan \u00e7\u0131kar, bazen de zekice planlar\u0131yla pa\u00e7ay\u0131 kurtar\u0131r!Macera, kahkaha ve bolca karma\u015fa dolu bu kitab\u0131 sak\u0131n ka\u00e7\u0131rma!<\/p>\n","protected":false},"excerpt":{"rendered":"<p>HENRY KIKIRDADI.BU, B\u0130R BEBE\u011e\u0130N EL\u0130NDEN\u015eEKER\u0130N\u0130 ALMAK KADAR KOLAY\u2026VE FELAKET E\u011eLENCEL\u0130 OLACAKTI.Felaket Henry\u2019nin yine ba\u015f\u0131 dertte! Ama bu sefer sebebi yapt\u0131\u011f\u0131 yaramazl\u0131klar de\u011fil\u2026 B\u0130TLER! Evet, yanl\u0131\u015f duymad\u0131n\u0131z!<span class=\"excerpt-hellip\"> [\u2026]<\/span><\/p>\n","protected":false},"featured_media":0,"template":"","meta":{"_monsterinsights_skip_tracking":false,"_monsterinsights_sitenote_active":false,"_monsterinsights_sitenote_note":"","_monsterinsights_sitenote_category":0},"product_brand":[],"product_cat":[12274,12284],"product_tag":[],"class_list":{"0":"post-774043","1":"product","2":"type-product","3":"status-publish","5":"product_cat-cocuk-ve-genclik-kitaplari","6":"product_cat-hikayeler","7":"pa_cilt-ciltsiz","8":"pa_tur-kitap","9":"pa_yayinevi-epsilon-yayinlari","10":"pa_yazar-francesca-simon","12":"first","13":"instock","14":"sale","15":"shipping-taxable","16":"purchasable","17":"product-type-simple"},"_links":{"self":[{"href":"https:\/\/roveyayinevi.com.tr\/index.php\/wp-json\/wp\/v2\/product\/774043","targetHints":{"allow":["GET"]}}],"collection":[{"href":"https:\/\/roveyayinevi.com.tr\/index.php\/wp-json\/wp\/v2\/product"}],"about":[{"href":"https:\/\/roveyayinevi.com.tr\/index.php\/wp-json\/wp\/v2\/types\/product"}],"wp:attachment":[{"href":"https:\/\/roveyayinevi.com.tr\/index.php\/wp-json\/wp\/v2\/media?parent=774043"}],"wp:term":[{"taxonomy":"product_brand","embeddable":true,"href":"https:\/\/roveyayinevi.com.tr\/index.php\/wp-json\/wp\/v2\/product_brand?post=774043"},{"taxonomy":"product_cat","embeddable":true,"href":"https:\/\/roveyayinevi.com.tr\/index.php\/wp-json\/wp\/v2\/product_cat?post=774043"},{"taxonomy":"product_tag","embeddable":true,"href":"https:\/\/roveyayinevi.com.tr\/index.php\/wp-json\/wp\/v2\/product_tag?post=774043"}],"curies":[{"name":"wp","href":"https:\/\/api.w.org\/{rel}","templated":true}]}}