{"id":774040,"date":"2025-08-28T16:38:27","date_gmt":"2025-08-28T13:38:27","guid":{"rendered":"https:\/\/roveyayinevi.com.tr\/index.php\/urun\/bul-bakalim-tasitlar-ciltli\/"},"modified":"2026-04-15T03:41:34","modified_gmt":"2026-04-15T00:41:34","slug":"bul-bakalim-tasitlar-ciltli","status":"publish","type":"product","link":"https:\/\/roveyayinevi.com.tr\/index.php\/urun\/bul-bakalim-tasitlar-ciltli\/","title":{"rendered":"Bul Bakal\u0131m Ta\u015f\u0131tlar (Ciltli)"},"content":{"rendered":"<p>\u00c7ocuklar\u0131n dokunarak \u00f6\u011frenme s\u00fcrecini destekleyen yepyeni Bul Bakal\u0131m serisiyle tan\u0131\u015f\u0131n!Bu \u00f6zel seri; B\u00f6cekler, Ta\u015f\u0131tlar, Dinozorlar ve Hayvanlar olmak \u00fczere d\u00f6rt farkl\u0131 temada haz\u0131rlanm\u0131\u015f e\u011flenceli kitaplardan olu\u015fuyor.Her kitab\u0131n sayfa kenarlar\u0131nda yer alan ke\u00e7e dokulu detaylar, \u00e7ocuklar\u0131n dokunma duyusunu harekete ge\u00e7iriyor ve okuma deneyimini e\u011flenceli bir ke\u015ffe d\u00f6n\u00fc\u015ft\u00fcr\u00fcyor. Geli\u015ftirilen \u00d6\u011frenme Becerileri: Kelime \u00f6\u011frenimi ve dil geli\u015fimi\u270b \u0130nce motor becerilerin geli\u015fimi Dikkat, g\u00f6zlem ve odaklanmaOyun Yoluyla \u00d6\u011frenme<\/p>\n","protected":false},"excerpt":{"rendered":"<p>\u00c7ocuklar\u0131n dokunarak \u00f6\u011frenme s\u00fcrecini destekleyen yepyeni Bul Bakal\u0131m serisiyle tan\u0131\u015f\u0131n!Bu \u00f6zel seri; B\u00f6cekler, Ta\u015f\u0131tlar, Dinozorlar ve Hayvanlar olmak \u00fczere d\u00f6rt farkl\u0131 temada haz\u0131rlanm\u0131\u015f e\u011flenceli kitaplardan olu\u015fuyor.Her<span class=\"excerpt-hellip\"> [\u2026]<\/span><\/p>\n","protected":false},"featured_media":0,"template":"","meta":{"_monsterinsights_skip_tracking":false,"_monsterinsights_sitenote_active":false,"_monsterinsights_sitenote_note":"","_monsterinsights_sitenote_category":0},"product_brand":[],"product_cat":[12274,17859],"product_tag":[],"class_list":{"0":"post-774040","1":"product","2":"type-product","3":"status-publish","5":"product_cat-cocuk-ve-genclik-kitaplari","6":"product_cat-oyun-kitaplari","7":"pa_cilt-ciltli","8":"pa_tur-kitap","9":"pa_yayinevi-ucan-fil-yayinlari","10":"pa_yazar-kolektif","12":"first","13":"instock","14":"sale","15":"shipping-taxable","16":"purchasable","17":"product-type-simple"},"_links":{"self":[{"href":"https:\/\/roveyayinevi.com.tr\/index.php\/wp-json\/wp\/v2\/product\/774040","targetHints":{"allow":["GET"]}}],"collection":[{"href":"https:\/\/roveyayinevi.com.tr\/index.php\/wp-json\/wp\/v2\/product"}],"about":[{"href":"https:\/\/roveyayinevi.com.tr\/index.php\/wp-json\/wp\/v2\/types\/product"}],"wp:attachment":[{"href":"https:\/\/roveyayinevi.com.tr\/index.php\/wp-json\/wp\/v2\/media?parent=774040"}],"wp:term":[{"taxonomy":"product_brand","embeddable":true,"href":"https:\/\/roveyayinevi.com.tr\/index.php\/wp-json\/wp\/v2\/product_brand?post=774040"},{"taxonomy":"product_cat","embeddable":true,"href":"https:\/\/roveyayinevi.com.tr\/index.php\/wp-json\/wp\/v2\/product_cat?post=774040"},{"taxonomy":"product_tag","embeddable":true,"href":"https:\/\/roveyayinevi.com.tr\/index.php\/wp-json\/wp\/v2\/product_tag?post=774040"}],"curies":[{"name":"wp","href":"https:\/\/api.w.org\/{rel}","templated":true}]}}