{"id":774038,"date":"2025-08-28T16:38:23","date_gmt":"2025-08-28T13:38:23","guid":{"rendered":"https:\/\/roveyayinevi.com.tr\/index.php\/urun\/modern-dunya-dinleri-ideolojiler\/"},"modified":"2026-04-15T03:41:34","modified_gmt":"2026-04-15T00:41:34","slug":"modern-dunya-dinleri-ideolojiler","status":"publish","type":"product","link":"https:\/\/roveyayinevi.com.tr\/index.php\/urun\/modern-dunya-dinleri-ideolojiler\/","title":{"rendered":"Modern D\u00fcnya Dinleri \u0130deolojiler"},"content":{"rendered":"<p>Davas\u0131z bir siyaset m\u00fcmk\u00fcn m\u00fcd\u00fcr? Ya da davas\u0131 olmayan bir siyasi ideoloji olabilir mi? Siyasi ideolojiler, ge\u00e7mi\u015ften g\u00fcn\u00fcm\u00fcze insanl\u0131k tarihine y\u00f6n veren d\u00fc\u015f\u00fcnce sistemleridir. Bu kitap, liberalizmden anar\u015fizme uzanan alt\u0131 temel ideolojiyi toplumsal k\u00f6kenleri, tarihsel ba\u011flamlar\u0131 ve insan psikolojisiyle ele alarak geni\u015f bir perspektif sunuyor. Anla\u015f\u0131l\u0131r diliyle hem genel okuyucuya hem de merakl\u0131 d\u00fc\u015f\u00fcn\u00fcrlere sesleniyor. <\/p>\n","protected":false},"excerpt":{"rendered":"<p>Davas\u0131z bir siyaset m\u00fcmk\u00fcn m\u00fcd\u00fcr? Ya da davas\u0131 olmayan bir siyasi ideoloji olabilir mi? Siyasi ideolojiler, ge\u00e7mi\u015ften g\u00fcn\u00fcm\u00fcze insanl\u0131k tarihine y\u00f6n veren d\u00fc\u015f\u00fcnce sistemleridir. Bu kitap,<span class=\"excerpt-hellip\"> [\u2026]<\/span><\/p>\n","protected":false},"featured_media":0,"template":"","meta":{"_monsterinsights_skip_tracking":false,"_monsterinsights_sitenote_active":false,"_monsterinsights_sitenote_note":"","_monsterinsights_sitenote_category":0},"product_brand":[],"product_cat":[13590,12337],"product_tag":[],"class_list":{"0":"post-774038","1":"product","2":"type-product","3":"status-publish","5":"product_cat-arastirma-inceleme-politika-siyaset","6":"product_cat-politika-siyaset","7":"pa_cilt-ciltsiz","8":"pa_tur-kitap","9":"pa_yayinevi-tk-yayinlari","10":"pa_yazar-derda-kucukalp","12":"first","13":"instock","14":"sale","15":"shipping-taxable","16":"purchasable","17":"product-type-simple"},"_links":{"self":[{"href":"https:\/\/roveyayinevi.com.tr\/index.php\/wp-json\/wp\/v2\/product\/774038","targetHints":{"allow":["GET"]}}],"collection":[{"href":"https:\/\/roveyayinevi.com.tr\/index.php\/wp-json\/wp\/v2\/product"}],"about":[{"href":"https:\/\/roveyayinevi.com.tr\/index.php\/wp-json\/wp\/v2\/types\/product"}],"wp:attachment":[{"href":"https:\/\/roveyayinevi.com.tr\/index.php\/wp-json\/wp\/v2\/media?parent=774038"}],"wp:term":[{"taxonomy":"product_brand","embeddable":true,"href":"https:\/\/roveyayinevi.com.tr\/index.php\/wp-json\/wp\/v2\/product_brand?post=774038"},{"taxonomy":"product_cat","embeddable":true,"href":"https:\/\/roveyayinevi.com.tr\/index.php\/wp-json\/wp\/v2\/product_cat?post=774038"},{"taxonomy":"product_tag","embeddable":true,"href":"https:\/\/roveyayinevi.com.tr\/index.php\/wp-json\/wp\/v2\/product_tag?post=774038"}],"curies":[{"name":"wp","href":"https:\/\/api.w.org\/{rel}","templated":true}]}}