{"id":774036,"date":"2025-08-28T16:38:17","date_gmt":"2025-08-28T13:38:17","guid":{"rendered":"https:\/\/roveyayinevi.com.tr\/index.php\/urun\/oylesine-sevmek-bize-yakismaz\/"},"modified":"2026-04-15T03:41:34","modified_gmt":"2026-04-15T00:41:34","slug":"oylesine-sevmek-bize-yakismaz","status":"publish","type":"product","link":"https:\/\/roveyayinevi.com.tr\/index.php\/urun\/oylesine-sevmek-bize-yakismaz\/","title":{"rendered":"\u00d6ylesine Sevmek Bize Yak\u0131\u015fmaz!"},"content":{"rendered":"<p>\u201cYolla t\u00fcm oklar\u0131n\u0131 Eros ! Bizden al\u00e2 av bulamazs\u0131n k\u00e2inatta, Her halimizle haz\u0131r\u0131z a\u015fka. Epeydir hasretsin sen de , biliyorum, Ger\u00e7ek a\u015fk\u0131 ar\u0131yorsun umars\u0131zca , Yolla oklar\u0131n\u0131 , dinsin \u00f6zlemin ! Bi\u00e7are hasretine son verelim. A\u015fk neymi\u015f , \u00f6\u011frensin t\u00fcm \u00e2lem , Nas\u0131l olurmu\u015f sevmek , g\u00f6sterelim. Zeus\u2019u \u00e7\u0131ld\u0131rtmal\u0131 a\u015fk\u0131m\u0131z , \u015eim\u015fek olup ya\u011fmal\u0131 , Olimpos\u2019tan, Prometheus\u2019a olan \u00f6fkesi dinmeli , Bize d\u00f6nmeli b\u00fct\u00fcn hiddeti ; \u201cEvrenin en b\u00fcy\u00fck hazinesi bu ! Olmal\u0131 durdurman\u0131n elbet yolu , Ger\u00e7ek a\u015fk\u0131 , e\u011fer , bulursa insan , Sonsuz saadete g\u00f6t\u00fcr\u00fcr onu!\u201d Diyerek hayk\u0131rmal\u0131 \u00e7aresizce , \u015eim\u015fekleriyle g\u00fcnd\u00fcze d\u00f6nmeli gece , \u00d6ylesine sevmek , bize yak\u0131\u015fmaz !\u201d   Daha \u00f6nce de \u015fiir, hik\u00e2ye ve roman t\u00fcrleri ba\u015fta olmak \u00fczere, \u00e7e\u015fitli eserlerini okuyucu ile bulu\u015fturdu\u011fumuz, K\u00fclt\u00fcr ve Turizm Bakanl\u0131\u011f\u0131 Halk \u015eairi kart\u0131 sahibi Hakan KARCI\u2019n\u0131n bir kitab\u0131n\u0131 daha Yay\u0131nevimiz etiketiyle sizlere sunmakla mutluyuz : \u00d6YLES\u0130NE SEVMEK B\u0130ZE YAKI\u015eMAZ!   \u015eiir\u2019in g\u00f6rkemli d\u00f6nemlerine kavu\u015fman\u0131n \u00f6zlemiyle yand\u0131\u011f\u0131 g\u00fcn\u00fcm\u00fczde, \u201c\u015fiir\u201de yak\u0131\u015fan bir kitap selaml\u0131yor bizleri:   \u201cSen beni ne\u2019yledin s\u00f6yle a g\u00fczel, A\u015fk\u0131n deryas\u0131na dald\u0131m y\u00fczerim. Ne g\u00fczel dillerin \u00f6yle a g\u00fczel, Kor ate\u015f g\u00f6nl\u00fcmde kald\u0131m gezerim.\u201d   \u201cZannetme yuvas\u0131nda kalacak yavru ku\u015flar, Zaman\u0131 geldi\u011finde ku\u015flar yuvadan u\u00e7ar.\u201d       \u201cSanma her ate\u015fe giren , \u00f6nce pi\u015fer , sonra yanar , Kimine hi\u00e7 tesir etmez , cehennem gibi olsa n\u00e2r .   A\u015fk \u015farab\u0131 i\u00e7mek gerek , n\u00e2r ile yanmak i\u00e7in de , Canan ile ha\u015frolacak , can olmal\u0131 can i\u00e7inde .\u201d   \u201c\u015eanl\u0131 ge\u00e7mi\u015fini tarihler yazar, \u201cTitre ! Kendine d\u00f6n !\u201d, bu sen de\u011filsin. Kudretin en sinsi oyunu bozar, \u00d6yle bir k\u00fckre ki, duyan e\u011filsin !\u201d   \u201cKim geldi , kimler ge\u00e7ti , bu d\u00fcnya h\u00e2l\u00e2 d\u00f6ner, Haram yenen lokmada b\u00fcy\u00fck vebal, g\u00fcnah var. Yalanc\u0131lar\u0131n mumu yats\u0131ya kalmaz s\u00f6ner, Ger\u00e7ek ortaya \u00e7\u0131kar , yukar\u0131da Allah var!\u201d   \u201cS\u0131rt\u0131n\u0131 dayay\u0131p bir sarma\u015f\u0131\u011fa, Zahiri bir keyif s\u00fcr\u00fcyor insan, G\u00fcvenip do\u011fdu\u011fu g\u00fcm\u00fc\u015f ka\u015f\u0131\u011fa Nice defterleri d\u00fcr\u00fcyor insan.\u201d   \u201cB\u00fckme boynun\u2019 ey g\u00f6n\u00fcl, boyun b\u00fckmek ne demek? En m\u00fckellef sofradan de\u011ferli kuru ekmek.\u201d   \u201cBen, umut dolu bir \u00f6\u011fretmenim,Ya\u015fananlar da ya\u015fanacaklar da benim eserim.Her sonbahar dirili\u015f benim i\u00e7in,Hazan yapraklar\u0131yla ba\u015flar ilkbahar\u0131m,Her \u00e7ocuk, yeni bir fidan,Her \u00e7ocuk, ayd\u0131nl\u0131\u011fa yeni bir ad\u0131m.Kara tahta \u00f6n\u00fcnde vars\u0131n a\u011fars\u0131n sa\u00e7\u0131m,Kara tahta ile karanl\u0131\u011f\u0131 bo\u011far\u0131m !\u201d   \u201cOl ki\u015fi dosttur sana , yanl\u0131\u015f\u0131n varsa s\u00f6yler, Ol ki\u015fiyse d\u00fc\u015fmand\u0131r, yanl\u0131\u015f\u0131na do\u011fru der.\u201d   \u201c\u015eark\u0131lar de\u011fi\u015fti , s\u00f6zler de\u011fi\u015fti , Duygular \u00e7\u00f6pl\u00fc\u011fe at\u0131ld\u0131 sanki , A\u015fk ile bak\u0131\u015fan g\u00f6zler de\u011fi\u015fti , Sevgiye \u00e7\u0131karlar kat\u0131ld\u0131 sanki.\u201d   \u201cNe g\u00fczel d\u00fcnyaya gelmek, ne g\u00fczel, Takdir-i ilahi , \u00f6lmek ne g\u00fczel, Kefenin cebinin olmad\u0131\u011f\u0131n\u0131, Haram\u0131, helali bilmek ne g\u00fczel !\u201d   \u201cKim \u00fcz\u00fcl\u00fcr ard\u0131ndan, Buharla\u015f\u0131nca, Bir su damlas\u0131n\u0131n ?!..\u201d   Okurlar i\u00e7in tam bir \u015fiir ziyafeti sunuyor, m\u0131sralar, beyitler ve d\u00f6rtl\u00fcklerle \u00f6r\u00fcl\u00fc, yo\u011fun duygular\u0131n e\u015flik etti\u011fi, kimi zaman romantik, kimi zaman \u00e7arp\u0131c\u0131 bir ger\u00e7eklik, kimi zaman da yergisel \u00f6geler ta\u015f\u0131yan eserleri ihtiva eden \u00d6YLES\u0130NE SEVMEK B\u0130ZE YAKI\u015eMAZ!   Kime yak\u0131\u015f\u0131r ki?.. <\/p>\n","protected":false},"excerpt":{"rendered":"<p>\u201cYolla t\u00fcm oklar\u0131n\u0131 Eros ! Bizden al\u00e2 av bulamazs\u0131n k\u00e2inatta, Her halimizle haz\u0131r\u0131z a\u015fka. Epeydir hasretsin sen de , biliyorum, Ger\u00e7ek a\u015fk\u0131 ar\u0131yorsun umars\u0131zca , Yolla<span class=\"excerpt-hellip\"> [\u2026]<\/span><\/p>\n","protected":false},"featured_media":0,"template":"","meta":{"_monsterinsights_skip_tracking":false,"_monsterinsights_sitenote_active":false,"_monsterinsights_sitenote_note":"","_monsterinsights_sitenote_category":0},"product_brand":[],"product_cat":[12291,12509],"product_tag":[],"class_list":{"0":"post-774036","1":"product","2":"type-product","3":"status-publish","5":"product_cat-edebiyat","6":"product_cat-siir","7":"pa_cilt-ciltsiz","8":"pa_tur-kitap","9":"pa_yayinevi-kaptan-kitap","10":"pa_yazar-hakan-karci","12":"first","13":"instock","14":"sale","15":"shipping-taxable","16":"purchasable","17":"product-type-simple"},"_links":{"self":[{"href":"https:\/\/roveyayinevi.com.tr\/index.php\/wp-json\/wp\/v2\/product\/774036","targetHints":{"allow":["GET"]}}],"collection":[{"href":"https:\/\/roveyayinevi.com.tr\/index.php\/wp-json\/wp\/v2\/product"}],"about":[{"href":"https:\/\/roveyayinevi.com.tr\/index.php\/wp-json\/wp\/v2\/types\/product"}],"wp:attachment":[{"href":"https:\/\/roveyayinevi.com.tr\/index.php\/wp-json\/wp\/v2\/media?parent=774036"}],"wp:term":[{"taxonomy":"product_brand","embeddable":true,"href":"https:\/\/roveyayinevi.com.tr\/index.php\/wp-json\/wp\/v2\/product_brand?post=774036"},{"taxonomy":"product_cat","embeddable":true,"href":"https:\/\/roveyayinevi.com.tr\/index.php\/wp-json\/wp\/v2\/product_cat?post=774036"},{"taxonomy":"product_tag","embeddable":true,"href":"https:\/\/roveyayinevi.com.tr\/index.php\/wp-json\/wp\/v2\/product_tag?post=774036"}],"curies":[{"name":"wp","href":"https:\/\/api.w.org\/{rel}","templated":true}]}}