{"id":774031,"date":"2025-08-28T16:38:08","date_gmt":"2025-08-28T13:38:08","guid":{"rendered":"https:\/\/roveyayinevi.com.tr\/index.php\/urun\/komplo-2\/"},"modified":"2026-04-15T03:41:33","modified_gmt":"2026-04-15T00:41:33","slug":"komplo-2","status":"publish","type":"product","link":"https:\/\/roveyayinevi.com.tr\/index.php\/urun\/komplo-2\/","title":{"rendered":"Komplo"},"content":{"rendered":"<p>Atina\u2019da pandemi h\u00fck\u00fcm s\u00fcr\u00fcyor. D\u00fckkanlar, lokantalar kapal\u0131, insanlar i\u015flerini kaybetmi\u015fler, kazan\u00e7 kap\u0131lar\u0131 kapanm\u0131\u015f. Ko\u015fullar bir\u00e7ok insana hayatlar\u0131n\u0131 devam ettirme imk\u00e2n\u0131 b\u0131rakmayacak kadar a\u011f\u0131rla\u015fm\u0131\u015f. Bu ko\u015fullar alt\u0131nda baz\u0131 ihtiyarlar\u0131n hayatlar\u0131na kendi elleriyle son vermeleri kimseyi \u015fa\u015f\u0131rtm\u0131yor. Fakat doksan ya\u015f\u0131nda bir pir-i faninin veda mektubunu \u2018Ya\u015fas\u0131n \u0130ntihar\u0131 Tercih Edenler Hareketi\u2019 slogan\u0131yla bitirmesi komiserimiz Kostas Haritos i\u00e7in alarm zillerinin \u00e7almas\u0131na yetiyor. Bu intihar\u0131n ve onu takip edenlerin arka plan\u0131nda mutlak \u00e7aresizlikten fazlas\u0131 m\u0131 var? \u0130ntiharlar\u0131n s\u00fcrmesiyle toplumsal muhalefetin \u015fiddetini artt\u0131rmas\u0131 pandemi \u00fczerindeki kontrol\u00fcn kaybedilmesine neden olacak m\u0131? Komplo teorisyenleri ve a\u015f\u0131 kar\u015f\u0131tlar\u0131 da bu geli\u015fmeleri kendi ama\u00e7lar\u0131 i\u00e7in kullanacaklar m\u0131? Haritos bu soru\u015fturmada \u015fehrini ve onun sakinlerinin direni\u015f ruhunu bamba\u015fka ko\u015fullar alt\u0131nda bir daha tan\u0131yor.   \u201cMarkaris Avrupa\u2019n\u0131n en iyi on polisiye yazar\u0131ndan biri.\u201d \u2013 The Observer London <\/p>\n","protected":false},"excerpt":{"rendered":"<p>Atina\u2019da pandemi h\u00fck\u00fcm s\u00fcr\u00fcyor. D\u00fckkanlar, lokantalar kapal\u0131, insanlar i\u015flerini kaybetmi\u015fler, kazan\u00e7 kap\u0131lar\u0131 kapanm\u0131\u015f. Ko\u015fullar bir\u00e7ok insana hayatlar\u0131n\u0131 devam ettirme imk\u00e2n\u0131 b\u0131rakmayacak kadar a\u011f\u0131rla\u015fm\u0131\u015f. Bu ko\u015fullar alt\u0131nda<span class=\"excerpt-hellip\"> [\u2026]<\/span><\/p>\n","protected":false},"featured_media":0,"template":"","meta":{"_monsterinsights_skip_tracking":false,"_monsterinsights_sitenote_active":false,"_monsterinsights_sitenote_note":"","_monsterinsights_sitenote_category":0},"product_brand":[],"product_cat":[12291,12711],"product_tag":[],"class_list":{"0":"post-774031","1":"product","2":"type-product","3":"status-publish","5":"product_cat-edebiyat","6":"product_cat-roman-oyku","7":"pa_cilt-ciltsiz","8":"pa_tur-kitap","9":"pa_yayinevi-alfa-yayinlari","10":"pa_yazar-petros-markaris","12":"first","13":"instock","14":"sale","15":"shipping-taxable","16":"purchasable","17":"product-type-simple"},"_links":{"self":[{"href":"https:\/\/roveyayinevi.com.tr\/index.php\/wp-json\/wp\/v2\/product\/774031","targetHints":{"allow":["GET"]}}],"collection":[{"href":"https:\/\/roveyayinevi.com.tr\/index.php\/wp-json\/wp\/v2\/product"}],"about":[{"href":"https:\/\/roveyayinevi.com.tr\/index.php\/wp-json\/wp\/v2\/types\/product"}],"wp:attachment":[{"href":"https:\/\/roveyayinevi.com.tr\/index.php\/wp-json\/wp\/v2\/media?parent=774031"}],"wp:term":[{"taxonomy":"product_brand","embeddable":true,"href":"https:\/\/roveyayinevi.com.tr\/index.php\/wp-json\/wp\/v2\/product_brand?post=774031"},{"taxonomy":"product_cat","embeddable":true,"href":"https:\/\/roveyayinevi.com.tr\/index.php\/wp-json\/wp\/v2\/product_cat?post=774031"},{"taxonomy":"product_tag","embeddable":true,"href":"https:\/\/roveyayinevi.com.tr\/index.php\/wp-json\/wp\/v2\/product_tag?post=774031"}],"curies":[{"name":"wp","href":"https:\/\/api.w.org\/{rel}","templated":true}]}}