{"id":774030,"date":"2025-08-28T16:38:05","date_gmt":"2025-08-28T13:38:05","guid":{"rendered":"https:\/\/roveyayinevi.com.tr\/index.php\/urun\/invincible-6-farkli-bir-dunya\/"},"modified":"2026-04-15T03:41:33","modified_gmt":"2026-04-15T00:41:33","slug":"invincible-6-farkli-bir-dunya","status":"publish","type":"product","link":"https:\/\/roveyayinevi.com.tr\/index.php\/urun\/invincible-6-farkli-bir-dunya\/","title":{"rendered":"Invincible 6: Farkl\u0131 Bir D\u00fcnya"},"content":{"rendered":"<p>\u00c7ok uzaklarda bir gezegende mahsur kalan Mark Grayson, koca bir medeniyeti koruman\u0131n yolunu bulmak zorunda. Milyonlarca ya\u015fam\u0131n y\u00fck\u00fc onun omuzlar\u0131nda. Peki Viltrumlular bu gezegenle neden bu kadar ilgileniyor? Mark\u2019\u0131n babas\u0131n\u0131n bu i\u015fle ne ilgisi var? Bu sorular\u0131n cevaplar\u0131 Mark\u2019\u0131n hayat\u0131n\u0131 sonsuza dek de\u011fi\u015ftirecek! <\/p>\n","protected":false},"excerpt":{"rendered":"<p>\u00c7ok uzaklarda bir gezegende mahsur kalan Mark Grayson, koca bir medeniyeti koruman\u0131n yolunu bulmak zorunda. Milyonlarca ya\u015fam\u0131n y\u00fck\u00fc onun omuzlar\u0131nda. Peki Viltrumlular bu gezegenle neden bu<span class=\"excerpt-hellip\"> [\u2026]<\/span><\/p>\n","protected":false},"featured_media":0,"template":"","meta":{"_monsterinsights_skip_tracking":false,"_monsterinsights_sitenote_active":false,"_monsterinsights_sitenote_note":"","_monsterinsights_sitenote_category":0},"product_brand":[],"product_cat":[12416,12291],"product_tag":[],"class_list":{"0":"post-774030","1":"product","2":"type-product","3":"status-publish","5":"product_cat-cizgi-roman","6":"product_cat-edebiyat","7":"pa_cilt-ciltsiz","8":"pa_tur-kitap","9":"pa_yayinevi-athica-yayinlari","10":"pa_yazar-robert-kirkman","12":"first","13":"instock","14":"sale","15":"shipping-taxable","16":"purchasable","17":"product-type-simple"},"_links":{"self":[{"href":"https:\/\/roveyayinevi.com.tr\/index.php\/wp-json\/wp\/v2\/product\/774030","targetHints":{"allow":["GET"]}}],"collection":[{"href":"https:\/\/roveyayinevi.com.tr\/index.php\/wp-json\/wp\/v2\/product"}],"about":[{"href":"https:\/\/roveyayinevi.com.tr\/index.php\/wp-json\/wp\/v2\/types\/product"}],"wp:attachment":[{"href":"https:\/\/roveyayinevi.com.tr\/index.php\/wp-json\/wp\/v2\/media?parent=774030"}],"wp:term":[{"taxonomy":"product_brand","embeddable":true,"href":"https:\/\/roveyayinevi.com.tr\/index.php\/wp-json\/wp\/v2\/product_brand?post=774030"},{"taxonomy":"product_cat","embeddable":true,"href":"https:\/\/roveyayinevi.com.tr\/index.php\/wp-json\/wp\/v2\/product_cat?post=774030"},{"taxonomy":"product_tag","embeddable":true,"href":"https:\/\/roveyayinevi.com.tr\/index.php\/wp-json\/wp\/v2\/product_tag?post=774030"}],"curies":[{"name":"wp","href":"https:\/\/api.w.org\/{rel}","templated":true}]}}