{"id":774029,"date":"2025-08-28T16:37:57","date_gmt":"2025-08-28T13:37:57","guid":{"rendered":"https:\/\/roveyayinevi.com.tr\/index.php\/urun\/diyakoz-king-kong\/"},"modified":"2026-04-11T03:40:18","modified_gmt":"2026-04-11T00:40:18","slug":"diyakoz-king-kong","status":"publish","type":"product","link":"https:\/\/roveyayinevi.com.tr\/index.php\/urun\/diyakoz-king-kong\/","title":{"rendered":"Diyakoz King Kong"},"content":{"rendered":"<p>New York Times, Entertainment Weekly ve TIME taraf\u0131ndan 2020 y\u0131l\u0131n\u0131n en iyi 10 kitab\u0131 aras\u0131nda g\u00f6sterilen \u00e7arp\u0131c\u0131 bir eser!   Brooklyn, 1969. Bir sabah ihtiyar bir diyakoz, mahallenin ortas\u0131nda gen\u00e7 bir uyu\u015fturucu sat\u0131c\u0131s\u0131na silah do\u011frultur ve teti\u011fi \u00e7eker. Kimse nedenini bilmez. Ama o tek kur\u015fun, t\u00fcm mahallenin sessizli\u011fini bozar. G\u00f6r\u00fcn\u00fc\u015fte olduk\u00e7a s\u0131radan bir adam\u0131n bu beklenmedik hamlesi, ge\u00e7mi\u015fin g\u00f6lgelerini harekete ge\u00e7irir. Bu adam ger\u00e7ekten kim? Ve as\u0131l hedefi neydi? \u0130nanc\u0131n, su\u00e7un ve dayan\u0131\u015fman\u0131n i\u00e7 i\u00e7e ge\u00e7ti\u011fi bu mahallede, herkesin saklad\u0131\u011f\u0131 bir \u015fey var. Bir a\u015f\u00e7\u0131, bir polis, bir gangster, bir ihtiyar&#8230; Hepsi, bu olay\u0131n ard\u0131ndan kendi hik\u00e2yesiyle y\u00fczle\u015fmek zorunda kal\u0131r. Diyakoz King Kong, James McBride\u2019\u0131n insana dair keskin g\u00f6zlemleri, ince mizah\u0131 ve kalpten anlat\u0131m\u0131yla, kay\u0131plarla, ba\u011flarla ve de\u011fi\u015fimle yo\u011frulmu\u015f unutulmaz bir mahalle hik\u00e2yesi.   \u201cDiyakoz King Kong, her sayfas\u0131nda okuru i\u00e7ine \u00e7eken g\u00fc\u00e7l\u00fc bir anlat\u0131.\u201d \u2013 The New York Times Book Review   <\/p>\n","protected":false},"excerpt":{"rendered":"<p>New York Times, Entertainment Weekly ve TIME taraf\u0131ndan 2020 y\u0131l\u0131n\u0131n en iyi 10 kitab\u0131 aras\u0131nda g\u00f6sterilen \u00e7arp\u0131c\u0131 bir eser! Brooklyn, 1969. Bir sabah ihtiyar bir diyakoz,<span class=\"excerpt-hellip\"> [\u2026]<\/span><\/p>\n","protected":false},"featured_media":0,"template":"","meta":{"_monsterinsights_skip_tracking":false,"_monsterinsights_sitenote_active":false,"_monsterinsights_sitenote_note":"","_monsterinsights_sitenote_category":0},"product_brand":[],"product_cat":[12291,12711],"product_tag":[],"class_list":{"0":"post-774029","1":"product","2":"type-product","3":"status-publish","5":"product_cat-edebiyat","6":"product_cat-roman-oyku","7":"pa_cilt-ciltsiz","8":"pa_tur-kitap","9":"pa_yayinevi-beyaz-baykus-yayinlari","10":"pa_yazar-james-mcbride","12":"first","13":"instock","14":"sale","15":"shipping-taxable","16":"purchasable","17":"product-type-simple"},"_links":{"self":[{"href":"https:\/\/roveyayinevi.com.tr\/index.php\/wp-json\/wp\/v2\/product\/774029","targetHints":{"allow":["GET"]}}],"collection":[{"href":"https:\/\/roveyayinevi.com.tr\/index.php\/wp-json\/wp\/v2\/product"}],"about":[{"href":"https:\/\/roveyayinevi.com.tr\/index.php\/wp-json\/wp\/v2\/types\/product"}],"wp:attachment":[{"href":"https:\/\/roveyayinevi.com.tr\/index.php\/wp-json\/wp\/v2\/media?parent=774029"}],"wp:term":[{"taxonomy":"product_brand","embeddable":true,"href":"https:\/\/roveyayinevi.com.tr\/index.php\/wp-json\/wp\/v2\/product_brand?post=774029"},{"taxonomy":"product_cat","embeddable":true,"href":"https:\/\/roveyayinevi.com.tr\/index.php\/wp-json\/wp\/v2\/product_cat?post=774029"},{"taxonomy":"product_tag","embeddable":true,"href":"https:\/\/roveyayinevi.com.tr\/index.php\/wp-json\/wp\/v2\/product_tag?post=774029"}],"curies":[{"name":"wp","href":"https:\/\/api.w.org\/{rel}","templated":true}]}}