{"id":774028,"date":"2025-08-28T16:37:56","date_gmt":"2025-08-28T13:37:56","guid":{"rendered":"https:\/\/roveyayinevi.com.tr\/index.php\/urun\/kozmik-atlas\/"},"modified":"2026-04-12T03:31:46","modified_gmt":"2026-04-12T00:31:46","slug":"kozmik-atlas","status":"publish","type":"product","link":"https:\/\/roveyayinevi.com.tr\/index.php\/urun\/kozmik-atlas\/","title":{"rendered":"Kozmik Atlas"},"content":{"rendered":"<p>\u201cSenin kaderin, asla tan\u0131\u015fmad\u0131\u011f\u0131n bilin\u00e7d\u0131\u015f\u0131 i\u00e7eri\u011fin sonucudur.\u201d \u2013 C. G. Jung, Ke\u015ffedilmemi\u015f Benlik   Sonsuz evrende bir zerre kadar k\u00fc\u00e7\u00fck olan insan, ayn\u0131 zamanda bu evrenin s\u0131rlar\u0131n\u0131 \u00e7\u00f6zebilecek tek varl\u0131k olabilir.   Ama insan, kendi i\u00e7 evreninin s\u0131rlar\u0131n\u0131 \u00e7\u00f6zmeden; varolu\u015ftaki yerini, misyonunu ve evrenle ba\u011f\u0131n\u0131 nas\u0131l anlayabilir?   Kozmik Atlas, psikoloji ile kozmolojinin, mitoloji ile n\u00f6robilimin, i\u00e7 d\u00fcnya ile d\u0131\u015f evrenin kesi\u015fiminde bir yolculuk sunuyor.   Bu kitap bir cevap de\u011fil, ama y\u00f6n g\u00f6steren bir pusula olabilir. \u00c7\u00fcnk\u00fc bu hayattaki en zorlu ama en ka\u00e7\u0131n\u0131lmaz yolculuk, insan\u0131n kendine yapt\u0131\u011f\u0131 yolculuktur.   Yolculuk ba\u015fl\u0131yor. \u0130\u00e7ine do\u011fru. <\/p>\n","protected":false},"excerpt":{"rendered":"<p>\u201cSenin kaderin, asla tan\u0131\u015fmad\u0131\u011f\u0131n bilin\u00e7d\u0131\u015f\u0131 i\u00e7eri\u011fin sonucudur.\u201d \u2013 C. G. Jung, Ke\u015ffedilmemi\u015f Benlik Sonsuz evrende bir zerre kadar k\u00fc\u00e7\u00fck olan insan, ayn\u0131 zamanda bu evrenin s\u0131rlar\u0131n\u0131<span class=\"excerpt-hellip\"> [\u2026]<\/span><\/p>\n","protected":false},"featured_media":0,"template":"","meta":{"_monsterinsights_skip_tracking":false,"_monsterinsights_sitenote_active":false,"_monsterinsights_sitenote_note":"","_monsterinsights_sitenote_category":0},"product_brand":[],"product_cat":[12364,12376],"product_tag":[],"class_list":{"0":"post-774028","1":"product","2":"type-product","3":"status-publish","5":"product_cat-genel-konular","6":"product_cat-kisisel-gelisim","7":"pa_cilt-ciltsiz","8":"pa_tur-kitap","9":"pa_yayinevi-destek-yayinlari","10":"pa_yazar-mehmet-levent-unal","12":"first","13":"instock","14":"sale","15":"shipping-taxable","16":"purchasable","17":"product-type-simple"},"_links":{"self":[{"href":"https:\/\/roveyayinevi.com.tr\/index.php\/wp-json\/wp\/v2\/product\/774028","targetHints":{"allow":["GET"]}}],"collection":[{"href":"https:\/\/roveyayinevi.com.tr\/index.php\/wp-json\/wp\/v2\/product"}],"about":[{"href":"https:\/\/roveyayinevi.com.tr\/index.php\/wp-json\/wp\/v2\/types\/product"}],"wp:attachment":[{"href":"https:\/\/roveyayinevi.com.tr\/index.php\/wp-json\/wp\/v2\/media?parent=774028"}],"wp:term":[{"taxonomy":"product_brand","embeddable":true,"href":"https:\/\/roveyayinevi.com.tr\/index.php\/wp-json\/wp\/v2\/product_brand?post=774028"},{"taxonomy":"product_cat","embeddable":true,"href":"https:\/\/roveyayinevi.com.tr\/index.php\/wp-json\/wp\/v2\/product_cat?post=774028"},{"taxonomy":"product_tag","embeddable":true,"href":"https:\/\/roveyayinevi.com.tr\/index.php\/wp-json\/wp\/v2\/product_tag?post=774028"}],"curies":[{"name":"wp","href":"https:\/\/api.w.org\/{rel}","templated":true}]}}