{"id":774026,"date":"2025-08-28T16:37:51","date_gmt":"2025-08-28T13:37:51","guid":{"rendered":"https:\/\/roveyayinevi.com.tr\/index.php\/urun\/anne-bir-sabah-iyiler-kazanacak\/"},"modified":"2026-04-15T03:41:33","modified_gmt":"2026-04-15T00:41:33","slug":"anne-bir-sabah-iyiler-kazanacak","status":"publish","type":"product","link":"https:\/\/roveyayinevi.com.tr\/index.php\/urun\/anne-bir-sabah-iyiler-kazanacak\/","title":{"rendered":"Anne Bir Sabah \u0130yiler Kazanacak"},"content":{"rendered":"<p>K\u0131rm\u0131z\u0131 u\u00e7urtmam havaland\u0131 \u015fehrin kirli g\u00f6ky\u00fcz\u00fcne. K\u0131rm\u0131z\u0131m fazla k\u0131z\u0131l bulundu herhalde. Bir ta\u015f f\u0131rlat\u0131ld\u0131 u\u00e7urtmaya do\u011fru, bana de\u011fdi. S\u0131ms\u0131k\u0131 sar\u0131ld\u0131\u011f\u0131m oyuncak ay\u0131ma de\u011fdi.   T\u00fcrkiye\u2019yi 23 y\u0131ld\u0131r y\u00f6neten iktidar, bir sabah yeni tehlikenin ne oldu\u011funa karar verir. \u0130ktidara g\u00f6re \u201caile\u201d sald\u0131r\u0131 alt\u0131ndad\u0131r. Aileyi tehdit edense lgbti+\u2019lard\u0131r. Peki t\u00fcm aileler birbirine mi benzer? \u0130ktidarlar, bir k\u0131s\u0131m insan\u0131 tehdit olarak kodlarsa, sonu\u00e7lar\u0131 ne olur?   Sabah haberlerinin unutulmaz ismi \u0130rfan De\u011firmenci, \u201cKorku \u015fiddeti tetikler, insanlar bilmediklerinden korkarlar!\u201d diyerek d\u00fcnyan\u0131n bir\u00e7ok yerinde fa\u015fizmin g\u00f6r\u00fcnmez k\u0131lmaya \u00e7al\u0131\u015ft\u0131\u011f\u0131 hayatlar\u0131 ve a\u015fklar\u0131 kay\u0131t alt\u0131na almak istiyor. Bunu yaparken de \u00f6nce kendi hayat\u0131n\u0131 t\u00fcm cesaretini toplay\u0131p okurlar\u0131na a\u00e7\u0131yor. Nefret su\u00e7lar\u0131n\u0131n ve cinayetlerin sonlanmas\u0131na katk\u0131 sunmay\u0131 umut ederek&#8230; O sabah\u0131 bekleyerek&#8230; <\/p>\n","protected":false},"excerpt":{"rendered":"<p>K\u0131rm\u0131z\u0131 u\u00e7urtmam havaland\u0131 \u015fehrin kirli g\u00f6ky\u00fcz\u00fcne. K\u0131rm\u0131z\u0131m fazla k\u0131z\u0131l bulundu herhalde. Bir ta\u015f f\u0131rlat\u0131ld\u0131 u\u00e7urtmaya do\u011fru, bana de\u011fdi. S\u0131ms\u0131k\u0131 sar\u0131ld\u0131\u011f\u0131m oyuncak ay\u0131ma de\u011fdi. T\u00fcrkiye\u2019yi 23 y\u0131ld\u0131r<span class=\"excerpt-hellip\"> [\u2026]<\/span><\/p>\n","protected":false},"featured_media":0,"template":"","meta":{"_monsterinsights_skip_tracking":false,"_monsterinsights_sitenote_active":false,"_monsterinsights_sitenote_note":"","_monsterinsights_sitenote_category":0},"product_brand":[],"product_cat":[13701,12291],"product_tag":[],"class_list":{"0":"post-774026","1":"product","2":"type-product","3":"status-publish","5":"product_cat-ani-mektup-gunluk","6":"product_cat-edebiyat","7":"pa_cilt-ciltsiz","8":"pa_tur-kitap","9":"pa_yayinevi-destek-yayinlari","10":"pa_yazar-irfan-degirmenci","12":"first","13":"instock","14":"sale","15":"shipping-taxable","16":"purchasable","17":"product-type-simple"},"_links":{"self":[{"href":"https:\/\/roveyayinevi.com.tr\/index.php\/wp-json\/wp\/v2\/product\/774026","targetHints":{"allow":["GET"]}}],"collection":[{"href":"https:\/\/roveyayinevi.com.tr\/index.php\/wp-json\/wp\/v2\/product"}],"about":[{"href":"https:\/\/roveyayinevi.com.tr\/index.php\/wp-json\/wp\/v2\/types\/product"}],"wp:attachment":[{"href":"https:\/\/roveyayinevi.com.tr\/index.php\/wp-json\/wp\/v2\/media?parent=774026"}],"wp:term":[{"taxonomy":"product_brand","embeddable":true,"href":"https:\/\/roveyayinevi.com.tr\/index.php\/wp-json\/wp\/v2\/product_brand?post=774026"},{"taxonomy":"product_cat","embeddable":true,"href":"https:\/\/roveyayinevi.com.tr\/index.php\/wp-json\/wp\/v2\/product_cat?post=774026"},{"taxonomy":"product_tag","embeddable":true,"href":"https:\/\/roveyayinevi.com.tr\/index.php\/wp-json\/wp\/v2\/product_tag?post=774026"}],"curies":[{"name":"wp","href":"https:\/\/api.w.org\/{rel}","templated":true}]}}