{"id":774025,"date":"2025-08-28T16:37:50","date_gmt":"2025-08-28T13:37:50","guid":{"rendered":"https:\/\/roveyayinevi.com.tr\/index.php\/urun\/uyan-kalbim\/"},"modified":"2026-04-15T03:41:33","modified_gmt":"2026-04-15T00:41:33","slug":"uyan-kalbim","status":"publish","type":"product","link":"https:\/\/roveyayinevi.com.tr\/index.php\/urun\/uyan-kalbim\/","title":{"rendered":"Uyan Kalbim"},"content":{"rendered":"<p>Herkes sevilmek ister. Ancak sevilmek i\u00e7in de\u011fi\u015fiyorsak, ba\u015fkalar\u0131na ger\u00e7ekten oldu\u011fumuz ki\u015fiyi tan\u0131ma \u015fans\u0131 ve kendimize de ger\u00e7ekten sevilme f\u0131rsat\u0131 vermeyiz. Her ili\u015fkide farkl\u0131 biri olursak, kendimize g\u00f6re birini bulamay\u0131z. Sonra da \u201cNeden?\u201d diye yak\u0131n\u0131r\u0131z.   Sevilmek i\u00e7in \u00f6\u011frendiklerimiz kalbimizi maskeler ve her ge\u00e7en g\u00fcn maskemizin hayat\u0131n\u0131 biraz daha in\u015fa ederiz. Ve g\u00fcn gelir kendimizi ait olmad\u0131\u011f\u0131m\u0131z bir hayatta buluruz. O an anlar\u0131z ki kendimize s\u0131rt \u00e7evirirken ger\u00e7ekten ya\u015famaya da s\u0131rt \u00e7evirmi\u015fiz. Hep \u201cGelecekte bir g\u00fcn bir \u015feyler de\u011fi\u015fince mutlu olaca\u011f\u0131m!\u201d inanc\u0131m\u0131z\u0131 yan\u0131m\u0131zda ta\u015f\u0131m\u0131\u015f\u0131z. M\u00fckemmel olmaya \u00e7al\u0131\u015f\u0131rken kendimiz olmaktan ka\u00e7m\u0131\u015f\u0131z. Hayat\u0131 erteledik\u00e7e kendimizi daha da unutmu\u015f, ya\u015famamaktan yorulmu\u015fuz.   \u015eimdi i\u00e7g\u00f6r\u00fclerimizi tekrar ye\u015fertme, kendimizi yeti\u015ftirme zaman\u0131&#8230; Ba\u015fkalar\u0131n\u0131n de\u011fil kendi hayat\u0131m\u0131z\u0131 ya\u015famak istiyorsak endi\u015feyi yok etmekten ziyade onunla ba\u015f edebilme yetilerimizi geli\u015ftirmeliyiz. \u0130li\u015fkiler bittikten sonra yas\u0131n\u0131 tuttuklar\u0131m\u0131z, ya\u015fanmam\u0131\u015f hayallerimiz de\u011fil mi?   D\u00fc\u015fleri ger\u00e7ekle\u015ftirmek i\u00e7in hayal k\u0131r\u0131kl\u0131klar\u0131n\u0131 tersine \u00e7evirmeyi \u00f6\u011frenmeliyiz<\/p>\n","protected":false},"excerpt":{"rendered":"<p>Herkes sevilmek ister. Ancak sevilmek i\u00e7in de\u011fi\u015fiyorsak, ba\u015fkalar\u0131na ger\u00e7ekten oldu\u011fumuz ki\u015fiyi tan\u0131ma \u015fans\u0131 ve kendimize de ger\u00e7ekten sevilme f\u0131rsat\u0131 vermeyiz. Her ili\u015fkide farkl\u0131 biri olursak, kendimize<span class=\"excerpt-hellip\"> [\u2026]<\/span><\/p>\n","protected":false},"featured_media":0,"template":"","meta":{"_monsterinsights_skip_tracking":false,"_monsterinsights_sitenote_active":false,"_monsterinsights_sitenote_note":"","_monsterinsights_sitenote_category":0},"product_brand":[],"product_cat":[12364,12376],"product_tag":[],"class_list":{"0":"post-774025","1":"product","2":"type-product","3":"status-publish","5":"product_cat-genel-konular","6":"product_cat-kisisel-gelisim","7":"pa_cilt-ciltsiz","8":"pa_tur-kitap","9":"pa_yayinevi-destek-yayinlari","10":"pa_yazar-lara-tuksal","12":"first","13":"instock","14":"sale","15":"shipping-taxable","16":"purchasable","17":"product-type-simple"},"_links":{"self":[{"href":"https:\/\/roveyayinevi.com.tr\/index.php\/wp-json\/wp\/v2\/product\/774025","targetHints":{"allow":["GET"]}}],"collection":[{"href":"https:\/\/roveyayinevi.com.tr\/index.php\/wp-json\/wp\/v2\/product"}],"about":[{"href":"https:\/\/roveyayinevi.com.tr\/index.php\/wp-json\/wp\/v2\/types\/product"}],"wp:attachment":[{"href":"https:\/\/roveyayinevi.com.tr\/index.php\/wp-json\/wp\/v2\/media?parent=774025"}],"wp:term":[{"taxonomy":"product_brand","embeddable":true,"href":"https:\/\/roveyayinevi.com.tr\/index.php\/wp-json\/wp\/v2\/product_brand?post=774025"},{"taxonomy":"product_cat","embeddable":true,"href":"https:\/\/roveyayinevi.com.tr\/index.php\/wp-json\/wp\/v2\/product_cat?post=774025"},{"taxonomy":"product_tag","embeddable":true,"href":"https:\/\/roveyayinevi.com.tr\/index.php\/wp-json\/wp\/v2\/product_tag?post=774025"}],"curies":[{"name":"wp","href":"https:\/\/api.w.org\/{rel}","templated":true}]}}