{"id":774022,"date":"2025-08-28T16:37:45","date_gmt":"2025-08-28T13:37:45","guid":{"rendered":"https:\/\/roveyayinevi.com.tr\/index.php\/urun\/psikomitoloji-insani-oykulerinde-aramak-4\/"},"modified":"2026-04-15T03:41:33","modified_gmt":"2026-04-15T00:41:33","slug":"psikomitoloji-insani-oykulerinde-aramak-4","status":"publish","type":"product","link":"https:\/\/roveyayinevi.com.tr\/index.php\/urun\/psikomitoloji-insani-oykulerinde-aramak-4\/","title":{"rendered":"Psikomitoloji &#8211; \u0130nsan\u0131 \u00d6yk\u00fclerinde Aramak 4"},"content":{"rendered":"<p>\u201c\u2026\u00f6yk\u00fcleri seviyor ama vazettikleri hakikate de ku\u015fkuyla yakla\u015f\u0131yoruz. \u00c7\u00fcnk\u00fc biliyoruz ki, insan\u0131n el yordam\u0131yla ya\u015fad\u0131\u011f\u0131 bu d\u00fcnyada, do\u011frulu\u011fundan emin olabilece\u011fi mutlak bir hakikat yok; ne biliyorsa kendine ve hayata dair, her \u015fey hik\u00e2ye!\u201d Tan\u0131mak, anlamak ve anlamland\u0131rmak, nesneleri ve olaylar\u0131 birbirine ba\u011flamay\u0131, yani \u201chik\u00e2ye etme\u201dyi gereksinir. E\u011fer bu hik\u00e2yelerin i\u00e7inde(n) ya\u015f\u0131yorsak, hik\u00e2yelerimizin ge\u00e7erlili\u011fi ve ger\u00e7ekli\u011fi konusunda eminsek, ya\u015fam\u0131m\u0131z\u0131 mit(oloj)ik bir d\u00fcnyada s\u00fcr\u00fcyoruz demektir. \u201cPsikomitoloji\u201d, bireysel ve kolektif \u00f6yk\u00fclerin psikodinamik \u00e7\u00f6z\u00fcmlemesiyle ilgili kuram ve y\u00f6ntemlerin \u00e7at\u0131 kurgusudur. Bilmek, anlamak isteyen zihin i\u00e7in her \u015fey ve her olay, \u00f6yk\u00fcs\u00fcyle anlaml\u0131d\u0131r. Mit terimini, ansiklopedik tan\u0131m\u0131ndan daha geni\u015f \u00e7er\u00e7evede, \u201cya\u015fayan, ya\u015fatan ve ya\u015fanan \u00f6yk\u00fcler\u201di kar\u015f\u0131layacak \u015fekilde kullan\u0131r, i\u00e7erik ve dinamiklerini s\u00fcre\u00e7 analizleriyle ve geni\u015f\/derin ba\u011flant\u0131lar a\u011f\u0131 i\u00e7inde anlamay\u0131 hedeflersek psikomitolojinin \u00e7al\u0131\u015fma alan\u0131na girmi\u015f oluruz. Psikomitoloji \u00d6yk\u00fcleri-4 kendimizi tan\u0131maya, ki\u015fisel ve toplumsal \u00f6yk\u00fclerimizi anlamland\u0131rmam\u0131za yard\u0131m edecek yaz\u0131lar\u0131 bir araya getiriyor. <\/p>\n","protected":false},"excerpt":{"rendered":"<p>\u201c\u2026\u00f6yk\u00fcleri seviyor ama vazettikleri hakikate de ku\u015fkuyla yakla\u015f\u0131yoruz. \u00c7\u00fcnk\u00fc biliyoruz ki, insan\u0131n el yordam\u0131yla ya\u015fad\u0131\u011f\u0131 bu d\u00fcnyada, do\u011frulu\u011fundan emin olabilece\u011fi mutlak bir hakikat yok; ne biliyorsa<span class=\"excerpt-hellip\"> [\u2026]<\/span><\/p>\n","protected":false},"featured_media":0,"template":"","meta":{"_monsterinsights_skip_tracking":false,"_monsterinsights_sitenote_active":false,"_monsterinsights_sitenote_note":"","_monsterinsights_sitenote_category":0},"product_brand":[],"product_cat":[12358,12357],"product_tag":[],"class_list":{"0":"post-774022","1":"product","2":"type-product","3":"status-publish","5":"product_cat-genel-psikoloji","6":"product_cat-psikoloji","7":"pa_cilt-ciltsiz","8":"pa_tur-kitap","9":"pa_yayinevi-minotor-kitap","10":"pa_yazar-m-bilgin-saydam-hakan-kiziltan","12":"first","13":"instock","14":"sale","15":"shipping-taxable","16":"purchasable","17":"product-type-simple"},"_links":{"self":[{"href":"https:\/\/roveyayinevi.com.tr\/index.php\/wp-json\/wp\/v2\/product\/774022","targetHints":{"allow":["GET"]}}],"collection":[{"href":"https:\/\/roveyayinevi.com.tr\/index.php\/wp-json\/wp\/v2\/product"}],"about":[{"href":"https:\/\/roveyayinevi.com.tr\/index.php\/wp-json\/wp\/v2\/types\/product"}],"wp:attachment":[{"href":"https:\/\/roveyayinevi.com.tr\/index.php\/wp-json\/wp\/v2\/media?parent=774022"}],"wp:term":[{"taxonomy":"product_brand","embeddable":true,"href":"https:\/\/roveyayinevi.com.tr\/index.php\/wp-json\/wp\/v2\/product_brand?post=774022"},{"taxonomy":"product_cat","embeddable":true,"href":"https:\/\/roveyayinevi.com.tr\/index.php\/wp-json\/wp\/v2\/product_cat?post=774022"},{"taxonomy":"product_tag","embeddable":true,"href":"https:\/\/roveyayinevi.com.tr\/index.php\/wp-json\/wp\/v2\/product_tag?post=774022"}],"curies":[{"name":"wp","href":"https:\/\/api.w.org\/{rel}","templated":true}]}}