{"id":774020,"date":"2025-08-28T16:37:40","date_gmt":"2025-08-28T13:37:40","guid":{"rendered":"https:\/\/roveyayinevi.com.tr\/index.php\/urun\/michel-strogoff-2\/"},"modified":"2026-04-15T03:41:33","modified_gmt":"2026-04-15T00:41:33","slug":"michel-strogoff-2","status":"publish","type":"product","link":"https:\/\/roveyayinevi.com.tr\/index.php\/urun\/michel-strogoff-2\/","title":{"rendered":"Michel Strogoff"},"content":{"rendered":"<p>\u201cMichel Strogoff uzun boylu ve gu\u0308\u00e7lu\u0308 biriydi, geni\u015f omuzlar\u0131 ve geni\u015f bir g\u00f6vdesi vard\u0131. Sa\u011flam kafas\u0131 Kafkas \u0131rk\u0131n\u0131n tu\u0308m \u00f6zelliklerini ta\u015f\u0131yordu. Gergin duran uzuvlar\u0131, gu\u0308\u00e7 i\u015fleri en iyi \u015fekilde kotarmak i\u00e7in kurulmu\u015f mekanik kald\u0131ra\u00e7lard\u0131 sanki. Bu sa\u011flam yap\u0131l\u0131, yak\u0131\u015f\u0131kl\u0131 \u00e7ocu\u011fu kendi iradesi d\u0131\u015f\u0131nda hareket ettirmek kolay olmasa gerekti, \u00e7u\u0308nku\u0308 iki aya\u011f\u0131yla birden bas\u0131nca yere k\u00f6k salm\u0131\u015f gibi duruyordu.\u201d   1800\u2019lerin ikinci yar\u0131s\u0131nda Rus \u00c7arl\u0131\u011f\u0131&#8230; Bir yanda istilac\u0131 Tatar birliklerini y\u00f6nlendiren kudretli bir han ve i\u015fbirlik\u00e7isi taraf de\u011fi\u015ftirmi\u015f eski bir Rus subay\u0131, \u00f6te yanda Sibirya\u2019n\u0131n zorlu co\u011frafyas\u0131n\u0131 a\u015f\u0131p babas\u0131na kavu\u015fmaya \u00e7al\u0131\u015fan bir gen\u00e7 k\u0131z, memleketlerine istilan\u0131n haberini ge\u00e7meye \u00e7al\u0131\u015fan Avrupal\u0131 gazeteciler, mahsur kalm\u0131\u015f bir Grandu\u0308k ve herkesin kaderinin du\u0308\u011fu\u0308mlendi\u011fi \u00c7ar\u2019\u0131n ula\u011f\u0131: Michel Strogoff.   Jules Verne\u2019den som bir kahramanl\u0131k destan\u0131, muazzam bir seyru\u0308sefer: \u0130leti\u015fimin kesildi\u011fi, sosyal devinimin durdu\u011fu Sibirya topraklar\u0131nda, \u00e7ok \u00e7e\u015fitli halklar\u0131n bugu\u0308n bile etkin olan du\u0308\u015fmanl\u0131klar\u0131n\u0131n aras\u0131nda, bir kefesinde vazife bilinci \u00f6bu\u0308r kefesinde a\u015fktan hangisinin a\u011f\u0131r basaca\u011f\u0131n\u0131n bilinmedi\u011fi, d\u00f6rtnala bir casusluk maceras\u0131. <\/p>\n","protected":false},"excerpt":{"rendered":"<p>\u201cMichel Strogoff uzun boylu ve gu\u0308\u00e7lu\u0308 biriydi, geni\u015f omuzlar\u0131 ve geni\u015f bir g\u00f6vdesi vard\u0131. Sa\u011flam kafas\u0131 Kafkas \u0131rk\u0131n\u0131n tu\u0308m \u00f6zelliklerini ta\u015f\u0131yordu. Gergin duran uzuvlar\u0131, gu\u0308\u00e7 i\u015fleri<span class=\"excerpt-hellip\"> [\u2026]<\/span><\/p>\n","protected":false},"featured_media":0,"template":"","meta":{"_monsterinsights_skip_tracking":false,"_monsterinsights_sitenote_active":false,"_monsterinsights_sitenote_note":"","_monsterinsights_sitenote_category":0},"product_brand":[],"product_cat":[12291,12711],"product_tag":[],"class_list":{"0":"post-774020","1":"product","2":"type-product","3":"status-publish","5":"product_cat-edebiyat","6":"product_cat-roman-oyku","7":"pa_cilt-ciltsiz","8":"pa_tur-kitap","9":"pa_yayinevi-ithaki-yayinlari","10":"pa_yazar-jules-verne","12":"first","13":"instock","14":"sale","15":"shipping-taxable","16":"purchasable","17":"product-type-simple"},"_links":{"self":[{"href":"https:\/\/roveyayinevi.com.tr\/index.php\/wp-json\/wp\/v2\/product\/774020","targetHints":{"allow":["GET"]}}],"collection":[{"href":"https:\/\/roveyayinevi.com.tr\/index.php\/wp-json\/wp\/v2\/product"}],"about":[{"href":"https:\/\/roveyayinevi.com.tr\/index.php\/wp-json\/wp\/v2\/types\/product"}],"wp:attachment":[{"href":"https:\/\/roveyayinevi.com.tr\/index.php\/wp-json\/wp\/v2\/media?parent=774020"}],"wp:term":[{"taxonomy":"product_brand","embeddable":true,"href":"https:\/\/roveyayinevi.com.tr\/index.php\/wp-json\/wp\/v2\/product_brand?post=774020"},{"taxonomy":"product_cat","embeddable":true,"href":"https:\/\/roveyayinevi.com.tr\/index.php\/wp-json\/wp\/v2\/product_cat?post=774020"},{"taxonomy":"product_tag","embeddable":true,"href":"https:\/\/roveyayinevi.com.tr\/index.php\/wp-json\/wp\/v2\/product_tag?post=774020"}],"curies":[{"name":"wp","href":"https:\/\/api.w.org\/{rel}","templated":true}]}}