{"id":774018,"date":"2025-08-28T16:37:36","date_gmt":"2025-08-28T13:37:36","guid":{"rendered":"https:\/\/roveyayinevi.com.tr\/index.php\/urun\/sir-kupu\/"},"modified":"2026-04-15T03:41:33","modified_gmt":"2026-04-15T00:41:33","slug":"sir-kupu","status":"publish","type":"product","link":"https:\/\/roveyayinevi.com.tr\/index.php\/urun\/sir-kupu\/","title":{"rendered":"S\u0131r K\u00fcp\u00fc"},"content":{"rendered":"<p>\u2022 Hakan Fidan\u2019\u0131n gen\u00e7lik y\u0131llar\u0131n\u0131n \u015fifresi olan \u00d6z Elif Sitesi\u2019nin bilinmeyenleri&#8230; \u2022 Hakan Fidan\u2019\u0131n ailesi ve \u00e7ocukluk y\u0131llar\u0131ndan arkada\u015flar\u0131&#8230; ABD\u2019nin kripto belgelerinde Hakan Fidan i\u00e7in neler yaz\u0131ld\u0131? \u2022 Atat\u00fcrk\u2019e \u201cfiravun\u201d diyen edebiyat\u00e7\u0131y\u0131 neden evinde ziyaret etti? \u2022 Hakan Fidan ile M\u0130T\u2019in Hayalet\u2019i Ka\u015fif Kozino\u011flu nerede tan\u0131\u015ft\u0131? \u2022 B\u0130M ve A101\u2019in kurulu\u015fundan Yasin El Kad\u0131 ile Hakan Fidan\u2019\u0131n toplant\u0131lar\u0131na&#8230; \u2022 Hakan Fidan M\u0130T\u2019ten istifa etti\u011finde yan\u0131nda kim vard\u0131? \u2022 Sedat Peker\u2019e ilk soru: Arkanda Hakan Fidan m\u0131 var? \u2022 Hakan Fidan d\u00f6neminde M\u0130T\u2019ten ka\u00e7 FET\u00d6\u2019c\u00fc at\u0131ld\u0131? \u2022 Taht kavgas\u0131nda Hakan Fidan kimlerle, nas\u0131l sava\u015f\u0131yor?<\/p>\n","protected":false},"excerpt":{"rendered":"<p>\u2022 Hakan Fidan\u2019\u0131n gen\u00e7lik y\u0131llar\u0131n\u0131n \u015fifresi olan \u00d6z Elif Sitesi\u2019nin bilinmeyenleri&#8230; \u2022 Hakan Fidan\u2019\u0131n ailesi ve \u00e7ocukluk y\u0131llar\u0131ndan arkada\u015flar\u0131&#8230; ABD\u2019nin kripto belgelerinde Hakan Fidan i\u00e7in neler<span class=\"excerpt-hellip\"> [\u2026]<\/span><\/p>\n","protected":false},"featured_media":0,"template":"","meta":{"_monsterinsights_skip_tracking":false,"_monsterinsights_sitenote_active":false,"_monsterinsights_sitenote_note":"","_monsterinsights_sitenote_category":0},"product_brand":[],"product_cat":[13590,12337],"product_tag":[],"class_list":{"0":"post-774018","1":"product","2":"type-product","3":"status-publish","5":"product_cat-arastirma-inceleme-politika-siyaset","6":"product_cat-politika-siyaset","7":"pa_cilt-ciltsiz","8":"pa_tur-kitap","9":"pa_yayinevi-kirmizi-kedi-yayinevi","10":"pa_yazar-caner-taspinar","12":"first","13":"instock","14":"sale","15":"shipping-taxable","16":"purchasable","17":"product-type-simple"},"_links":{"self":[{"href":"https:\/\/roveyayinevi.com.tr\/index.php\/wp-json\/wp\/v2\/product\/774018","targetHints":{"allow":["GET"]}}],"collection":[{"href":"https:\/\/roveyayinevi.com.tr\/index.php\/wp-json\/wp\/v2\/product"}],"about":[{"href":"https:\/\/roveyayinevi.com.tr\/index.php\/wp-json\/wp\/v2\/types\/product"}],"wp:attachment":[{"href":"https:\/\/roveyayinevi.com.tr\/index.php\/wp-json\/wp\/v2\/media?parent=774018"}],"wp:term":[{"taxonomy":"product_brand","embeddable":true,"href":"https:\/\/roveyayinevi.com.tr\/index.php\/wp-json\/wp\/v2\/product_brand?post=774018"},{"taxonomy":"product_cat","embeddable":true,"href":"https:\/\/roveyayinevi.com.tr\/index.php\/wp-json\/wp\/v2\/product_cat?post=774018"},{"taxonomy":"product_tag","embeddable":true,"href":"https:\/\/roveyayinevi.com.tr\/index.php\/wp-json\/wp\/v2\/product_tag?post=774018"}],"curies":[{"name":"wp","href":"https:\/\/api.w.org\/{rel}","templated":true}]}}