{"id":774014,"date":"2025-08-28T16:37:28","date_gmt":"2025-08-28T13:37:28","guid":{"rendered":"https:\/\/roveyayinevi.com.tr\/index.php\/urun\/kendini-tani\/"},"modified":"2026-04-12T03:31:46","modified_gmt":"2026-04-12T00:31:46","slug":"kendini-tani","status":"publish","type":"product","link":"https:\/\/roveyayinevi.com.tr\/index.php\/urun\/kendini-tani\/","title":{"rendered":"Kendini Tan\u0131"},"content":{"rendered":"<p>Yeteneklerimizi, potansiyelimizi ve sahip oldu\u011fumuz de\u011ferleri fark edebilmemiz, kendimizi tan\u0131ma yolunda ataca\u011f\u0131m\u0131z en \u00f6nemli ad\u0131mlard\u0131r. Kendimizi tan\u0131mak, y\u00fcksek \u00f6z de\u011fer duygusu geli\u015ftirme- mizi sa\u011flar ve bu duygu bizi hayat boyunca destekler. E\u011fer \u00f6z de\u011fer duygumuz d\u0131\u015f etkenlere ba\u011fl\u0131 geli\u015fim g\u00f6stermi\u015fse, zorbal\u0131\u011fa maruz kald\u0131ysak veya \u00e7evremize uyum g\u00f6stermekte sorun ya\u015fad\u0131\u011f\u0131m\u0131z\u0131 d\u00fc\u015f\u00fcn\u00fcyorsak deste\u011fe ihtiyac\u0131m\u0131z olabilir. S\u0131rt\u0131m\u0131z\u0131 dik tutmaktan zor bir karar alabilmeye, sohbeti ba\u015flatan ki\u015fi olmaktan olumlu beslenme al\u0131\u015fkanl\u0131klar\u0131 edinmeye kadar g\u00fcnl\u00fck hayatta yapt\u0131\u011f\u0131m\u0131z hemen her \u015fey \u00f6z de\u011ferle ve kendimizi tan\u0131mam\u0131zla ilgilidir. Kendin olma yolculu\u011funda bedenin ve zihninle daha yak\u0131ndan ilgilenecek, gerekti\u011finde yard\u0131m istemeyi \u00f6\u011frenecek, sosyal medyay\u0131 hayat\u0131ndan \u00e7\u0131karmasan da azaltabilecek ve kendini oldu\u011fun h\u00e2linle ne kadar sevece\u011fini g\u00f6receksin. \u201cSadece kendin ol!\u201d<\/p>\n","protected":false},"excerpt":{"rendered":"<p>Yeteneklerimizi, potansiyelimizi ve sahip oldu\u011fumuz de\u011ferleri fark edebilmemiz, kendimizi tan\u0131ma yolunda ataca\u011f\u0131m\u0131z en \u00f6nemli ad\u0131mlard\u0131r. Kendimizi tan\u0131mak, y\u00fcksek \u00f6z de\u011fer duygusu geli\u015ftirme- mizi sa\u011flar ve bu<span class=\"excerpt-hellip\"> [\u2026]<\/span><\/p>\n","protected":false},"featured_media":0,"template":"","meta":{"_monsterinsights_skip_tracking":false,"_monsterinsights_sitenote_active":false,"_monsterinsights_sitenote_note":"","_monsterinsights_sitenote_category":0},"product_brand":[],"product_cat":[12364,12376],"product_tag":[],"class_list":{"0":"post-774014","1":"product","2":"type-product","3":"status-publish","5":"product_cat-genel-konular","6":"product_cat-kisisel-gelisim","7":"pa_cilt-ciltsiz","8":"pa_tur-kitap","9":"pa_yayinevi-literatur-yayinevi","10":"pa_yazar-poppy-oneill","12":"first","13":"instock","14":"sale","15":"shipping-taxable","16":"purchasable","17":"product-type-simple"},"_links":{"self":[{"href":"https:\/\/roveyayinevi.com.tr\/index.php\/wp-json\/wp\/v2\/product\/774014","targetHints":{"allow":["GET"]}}],"collection":[{"href":"https:\/\/roveyayinevi.com.tr\/index.php\/wp-json\/wp\/v2\/product"}],"about":[{"href":"https:\/\/roveyayinevi.com.tr\/index.php\/wp-json\/wp\/v2\/types\/product"}],"wp:attachment":[{"href":"https:\/\/roveyayinevi.com.tr\/index.php\/wp-json\/wp\/v2\/media?parent=774014"}],"wp:term":[{"taxonomy":"product_brand","embeddable":true,"href":"https:\/\/roveyayinevi.com.tr\/index.php\/wp-json\/wp\/v2\/product_brand?post=774014"},{"taxonomy":"product_cat","embeddable":true,"href":"https:\/\/roveyayinevi.com.tr\/index.php\/wp-json\/wp\/v2\/product_cat?post=774014"},{"taxonomy":"product_tag","embeddable":true,"href":"https:\/\/roveyayinevi.com.tr\/index.php\/wp-json\/wp\/v2\/product_tag?post=774014"}],"curies":[{"name":"wp","href":"https:\/\/api.w.org\/{rel}","templated":true}]}}