{"id":774013,"date":"2025-08-28T16:37:27","date_gmt":"2025-08-28T13:37:27","guid":{"rendered":"https:\/\/roveyayinevi.com.tr\/index.php\/urun\/kendini-sev-2\/"},"modified":"2026-04-12T03:31:46","modified_gmt":"2026-04-12T00:31:46","slug":"kendini-sev-2","status":"publish","type":"product","link":"https:\/\/roveyayinevi.com.tr\/index.php\/urun\/kendini-sev-2\/","title":{"rendered":"Kendini Sev"},"content":{"rendered":"<p>Sevgiyi daha \u00e7ok ba\u015fkalar\u0131na besledi\u011fimiz duygularla tarif ederiz. Oysa ancak kendimizi de sevdi\u011fimizde duygular\u0131m\u0131z ve sunduklar\u0131m\u0131z sahici ve sa\u011fl\u0131kl\u0131 olabilir. Kendimizi sevmeyi \u00f6\u011frendi\u011fimizde etraf\u0131m\u0131zdaki g\u00fcven, \u015fefkat ve nezaket \u00e7emberi de geni\u015fler. Bu g\u00fczellikleri hak etti\u011fimizin fark\u0131nda m\u0131y\u0131z? Bazen kim oldu\u011fumuzu, kim olmak istedi\u011fimizi ve bizi \u00f6zel k\u0131lan \u015feylerin neler oldu\u011funu unuturuz. B\u00f6yle zamanlarda sevgiyi bir sanat dal\u0131ym\u0131\u015f gibi d\u00fc\u015f\u00fcnelim. Nezaket ve \u00f6zeni hak etti\u011fimizi, bunu bize g\u00f6sterecek ilk ki\u015finin de kendimiz oldu\u011funu hat\u0131rlayal\u0131m. Kendini Sev, ger\u00e7ek potansiyelini fark etmene ve ger\u00e7ekle\u015ftirmene yard\u0131mc\u0131 olacak, bir g\u00fcnl\u00fck gibi de kullanabilece\u011fin, \u00f6zel ipu\u00e7lar\u0131ndan ve al\u0131\u015ft\u0131rmalardan olu\u015fuyor. \u201cKafan\u0131n i\u00e7indeki o sinir bozucu ses de dahil olmak \u00fczere, kim ne s\u00f6ylerse s\u00f6ylesin, tam olarak olman gereken yerde, tam olarak olman gereken ki\u015fisin. Unutma, kendini sevmek, m\u00fckemmel bir versiyonuna ula\u015fmay\u0131 beklemek de\u011fildir\u2026\u201d Devam\u0131 kitab\u0131n i\u00e7inde\u2026<\/p>\n","protected":false},"excerpt":{"rendered":"<p>Sevgiyi daha \u00e7ok ba\u015fkalar\u0131na besledi\u011fimiz duygularla tarif ederiz. Oysa ancak kendimizi de sevdi\u011fimizde duygular\u0131m\u0131z ve sunduklar\u0131m\u0131z sahici ve sa\u011fl\u0131kl\u0131 olabilir. Kendimizi sevmeyi \u00f6\u011frendi\u011fimizde etraf\u0131m\u0131zdaki g\u00fcven, \u015fefkat<span class=\"excerpt-hellip\"> [\u2026]<\/span><\/p>\n","protected":false},"featured_media":0,"template":"","meta":{"_monsterinsights_skip_tracking":false,"_monsterinsights_sitenote_active":false,"_monsterinsights_sitenote_note":"","_monsterinsights_sitenote_category":0},"product_brand":[],"product_cat":[12364,12376],"product_tag":[],"class_list":{"0":"post-774013","1":"product","2":"type-product","3":"status-publish","5":"product_cat-genel-konular","6":"product_cat-kisisel-gelisim","7":"pa_cilt-ciltsiz","8":"pa_tur-kitap","9":"pa_yayinevi-literatur-yayinevi","10":"pa_yazar-anna-barnes","12":"first","13":"instock","14":"sale","15":"shipping-taxable","16":"purchasable","17":"product-type-simple"},"_links":{"self":[{"href":"https:\/\/roveyayinevi.com.tr\/index.php\/wp-json\/wp\/v2\/product\/774013","targetHints":{"allow":["GET"]}}],"collection":[{"href":"https:\/\/roveyayinevi.com.tr\/index.php\/wp-json\/wp\/v2\/product"}],"about":[{"href":"https:\/\/roveyayinevi.com.tr\/index.php\/wp-json\/wp\/v2\/types\/product"}],"wp:attachment":[{"href":"https:\/\/roveyayinevi.com.tr\/index.php\/wp-json\/wp\/v2\/media?parent=774013"}],"wp:term":[{"taxonomy":"product_brand","embeddable":true,"href":"https:\/\/roveyayinevi.com.tr\/index.php\/wp-json\/wp\/v2\/product_brand?post=774013"},{"taxonomy":"product_cat","embeddable":true,"href":"https:\/\/roveyayinevi.com.tr\/index.php\/wp-json\/wp\/v2\/product_cat?post=774013"},{"taxonomy":"product_tag","embeddable":true,"href":"https:\/\/roveyayinevi.com.tr\/index.php\/wp-json\/wp\/v2\/product_tag?post=774013"}],"curies":[{"name":"wp","href":"https:\/\/api.w.org\/{rel}","templated":true}]}}