{"id":774011,"date":"2025-08-28T16:37:23","date_gmt":"2025-08-28T13:37:23","guid":{"rendered":"https:\/\/roveyayinevi.com.tr\/index.php\/urun\/goblin-slayer-goblin-avcisi-7\/"},"modified":"2026-04-15T03:41:33","modified_gmt":"2026-04-15T00:41:33","slug":"goblin-slayer-goblin-avcisi-7","status":"publish","type":"product","link":"https:\/\/roveyayinevi.com.tr\/index.php\/urun\/goblin-slayer-goblin-avcisi-7\/","title":{"rendered":"Goblin Slayer \u2013 Goblin Avc\u0131s\u0131 7"},"content":{"rendered":"<p>Hasat festivali g\u00fcn\u00fc, Goblin Avc\u0131s\u0131\u2019n\u0131n \u00e7ocukluk arkada\u015f\u0131 ve derne\u011fin resepsiyonisti onu kendilerine e\u015flik etmek \u00fczere festivale davet eder. Festival g\u00fcn\u00fc geldi\u011finde, k\u00f6y huzurlu g\u00f6r\u00fcn\u00fcr&#8230; en az\u0131ndan g\u00f6r\u00fcn\u00fc\u015fte. Ancak Goblin Avc\u0131s\u0131\u2019n\u0131n kar\u015f\u0131la\u015ft\u0131\u011f\u0131 tek sorun, k\u0131zlar\u0131n onun kendileri hakk\u0131nda ne d\u00fc\u015f\u00fcnd\u00fc\u011f\u00fcn\u00fc sorgulamas\u0131 de\u011fildir! Goblin Avc\u0131s\u0131 festivali tek par\u00e7a halinde atlatabilecek mi? Ve onlara nas\u0131l cevap verecek? Goblin Slayer, her cildini nefesinizi tutarak okuyaca\u011f\u0131n\u0131z aksiyon dolu bir macera. <\/p>\n","protected":false},"excerpt":{"rendered":"<p>Hasat festivali g\u00fcn\u00fc, Goblin Avc\u0131s\u0131\u2019n\u0131n \u00e7ocukluk arkada\u015f\u0131 ve derne\u011fin resepsiyonisti onu kendilerine e\u015flik etmek \u00fczere festivale davet eder. Festival g\u00fcn\u00fc geldi\u011finde, k\u00f6y huzurlu g\u00f6r\u00fcn\u00fcr&#8230; en az\u0131ndan<span class=\"excerpt-hellip\"> [\u2026]<\/span><\/p>\n","protected":false},"featured_media":0,"template":"","meta":{"_monsterinsights_skip_tracking":false,"_monsterinsights_sitenote_active":false,"_monsterinsights_sitenote_note":"","_monsterinsights_sitenote_category":0},"product_brand":[],"product_cat":[12416,12291],"product_tag":[],"class_list":{"0":"post-774011","1":"product","2":"type-product","3":"status-publish","5":"product_cat-cizgi-roman","6":"product_cat-edebiyat","7":"pa_cilt-ciltsiz","8":"pa_tur-kitap","9":"pa_yayinevi-kurukafa","10":"pa_yazar-kumo-kagyu","12":"first","13":"instock","14":"sale","15":"shipping-taxable","16":"purchasable","17":"product-type-simple"},"_links":{"self":[{"href":"https:\/\/roveyayinevi.com.tr\/index.php\/wp-json\/wp\/v2\/product\/774011","targetHints":{"allow":["GET"]}}],"collection":[{"href":"https:\/\/roveyayinevi.com.tr\/index.php\/wp-json\/wp\/v2\/product"}],"about":[{"href":"https:\/\/roveyayinevi.com.tr\/index.php\/wp-json\/wp\/v2\/types\/product"}],"wp:attachment":[{"href":"https:\/\/roveyayinevi.com.tr\/index.php\/wp-json\/wp\/v2\/media?parent=774011"}],"wp:term":[{"taxonomy":"product_brand","embeddable":true,"href":"https:\/\/roveyayinevi.com.tr\/index.php\/wp-json\/wp\/v2\/product_brand?post=774011"},{"taxonomy":"product_cat","embeddable":true,"href":"https:\/\/roveyayinevi.com.tr\/index.php\/wp-json\/wp\/v2\/product_cat?post=774011"},{"taxonomy":"product_tag","embeddable":true,"href":"https:\/\/roveyayinevi.com.tr\/index.php\/wp-json\/wp\/v2\/product_tag?post=774011"}],"curies":[{"name":"wp","href":"https:\/\/api.w.org\/{rel}","templated":true}]}}