{"id":774010,"date":"2025-08-28T16:37:21","date_gmt":"2025-08-28T13:37:21","guid":{"rendered":"https:\/\/roveyayinevi.com.tr\/index.php\/urun\/karnim-zil-caliyor-2\/"},"modified":"2026-04-15T03:41:33","modified_gmt":"2026-04-15T00:41:33","slug":"karnim-zil-caliyor-2","status":"publish","type":"product","link":"https:\/\/roveyayinevi.com.tr\/index.php\/urun\/karnim-zil-caliyor-2\/","title":{"rendered":"Karn\u0131m Zil \u00c7al\u0131yor!"},"content":{"rendered":"<p>\u201c\u00c7\u0131plak ger\u00e7ek o kadar net ve can ac\u0131t\u0131c\u0131yd\u0131 ki, \u00e7ocuklar uzun y\u0131llard\u0131r okullar\u0131na a\u00e7 gidiyor, b\u00fcy\u00fck \u00e7o\u011funlu\u011fu bir \u00f6\u011f\u00fcn \u00fccretsiz okul yeme\u011fi sa\u011flanmad\u0131\u011f\u0131 i\u00e7in derslerini a\u00e7 dinliyor, hatta yine bir\u00e7o\u011fu okulunda temiz suya ula\u015fam\u0131yordu. Sulu\u011funda su bitti\u011finde ancak kantin varsa oradan \u00fccretini \u00f6deyerek su almak zorundayd\u0131. Hem de milyonlarca \u00f6\u011frenciden s\u00f6z ediyorduk. Baz\u0131 illerde bodurlu\u011fun ba\u015flad\u0131\u011f\u0131n\u0131 g\u00f6steriyor art\u0131k ara\u015ft\u0131rmalar\u2026 \u0130\u015fte bu a\u011f\u0131r sorun, d\u00fcnyan\u0131n bir\u00e7ok \u00fclkesinde \u00e7ok uzun y\u0131llar \u00f6nce \u00e7\u00f6z\u00fclm\u00fc\u015f olmas\u0131na ra\u011fmen T\u00fcrkiye\u2019de bir t\u00fcrl\u00fc \u00e7\u00f6z\u00fclemedi. Hatta bu konuda AKP iktidar\u0131n\u0131n att\u0131\u011f\u0131 kimi \u00f6nemli ad\u0131mlar h\u0131zla geri al\u0131nd\u0131, \u00e7ocuklar\u0131n a\u011f\u0131r sorunlar\u0131 bir\u00e7ok problemin i\u00e7inde \u00f6nemsiz bir ayr\u0131nt\u0131ya indirgendi.\u201d O. Suat \u00d6z\u00e7elebi T\u00fcrkiye Okul Yeme\u011fi Koalisyonu \u00dcyesi Menek\u015fe Tokyay, Karn\u0131m Zil \u00c7al\u0131yor! Bir Hak Olarak \u00dccretsiz Okul Yeme\u011fi\u2019nde yaln\u0131z bir beslenme sorunu ve ona ba\u011fl\u0131 politika gere\u011fini de\u011fil, ayn\u0131 zamanda e\u011fitimde f\u0131rsat e\u015fitli\u011fi ve toplumsal kalk\u0131nma politikas\u0131n\u0131n \u00f6nemli bir par\u00e7as\u0131 olan bir konuyu ele al\u0131yor. \u00c7ocukluk y\u0131llar\u0131nda yetersiz beslenmenin yaratt\u0131\u011f\u0131 fiziksel ve zihinsel eksikliklerin ki\u015finin ya\u015fam\u0131nda b\u00fct\u00fcn geli\u015fim s\u00fcrecini etkileyen bir dip dalgas\u0131 etkisi g\u00f6sterdi\u011fini art\u0131k b\u00fct\u00fcn uzmanlar kabul ediyorlar. Menek\u015fe Tokyay, \u00e7e\u015fitli \u00fclkelerdeki okulda \u00f6\u011fle yeme\u011fi uygulamalar\u0131n\u0131, bunlar\u0131n finansman modellerini tan\u0131t\u0131p, T\u00fcrkiye\u2019de her \u00e7ocuk i\u00e7in uygulanmas\u0131n\u0131 \u00f6nerdi\u011fi \u00fccretsiz okul yeme\u011finin hayata ge\u00e7me ko\u015fullar\u0131n\u0131 ve bunun yarataca\u011f\u0131 olumlu toplumsal sonu\u00e7lar\u0131 son derece a\u00e7\u0131k bi\u00e7imde g\u00f6steriyor.<\/p>\n","protected":false},"excerpt":{"rendered":"<p>\u201c\u00c7\u0131plak ger\u00e7ek o kadar net ve can ac\u0131t\u0131c\u0131yd\u0131 ki, \u00e7ocuklar uzun y\u0131llard\u0131r okullar\u0131na a\u00e7 gidiyor, b\u00fcy\u00fck \u00e7o\u011funlu\u011fu bir \u00f6\u011f\u00fcn \u00fccretsiz okul yeme\u011fi sa\u011flanmad\u0131\u011f\u0131 i\u00e7in derslerini a\u00e7<span class=\"excerpt-hellip\"> [\u2026]<\/span><\/p>\n","protected":false},"featured_media":0,"template":"","meta":{"_monsterinsights_skip_tracking":false,"_monsterinsights_sitenote_active":false,"_monsterinsights_sitenote_note":"","_monsterinsights_sitenote_category":0},"product_brand":[],"product_cat":[13772,12364],"product_tag":[],"class_list":{"0":"post-774010","1":"product","2":"type-product","3":"status-publish","5":"product_cat-basvuru-kitaplari","6":"product_cat-genel-konular","7":"pa_cilt-ciltsiz","8":"pa_tur-kitap","9":"pa_yayinevi-iletisim-yayinlari","10":"pa_yazar-menekse-tokyay","12":"first","13":"instock","14":"sale","15":"shipping-taxable","16":"purchasable","17":"product-type-simple"},"_links":{"self":[{"href":"https:\/\/roveyayinevi.com.tr\/index.php\/wp-json\/wp\/v2\/product\/774010","targetHints":{"allow":["GET"]}}],"collection":[{"href":"https:\/\/roveyayinevi.com.tr\/index.php\/wp-json\/wp\/v2\/product"}],"about":[{"href":"https:\/\/roveyayinevi.com.tr\/index.php\/wp-json\/wp\/v2\/types\/product"}],"wp:attachment":[{"href":"https:\/\/roveyayinevi.com.tr\/index.php\/wp-json\/wp\/v2\/media?parent=774010"}],"wp:term":[{"taxonomy":"product_brand","embeddable":true,"href":"https:\/\/roveyayinevi.com.tr\/index.php\/wp-json\/wp\/v2\/product_brand?post=774010"},{"taxonomy":"product_cat","embeddable":true,"href":"https:\/\/roveyayinevi.com.tr\/index.php\/wp-json\/wp\/v2\/product_cat?post=774010"},{"taxonomy":"product_tag","embeddable":true,"href":"https:\/\/roveyayinevi.com.tr\/index.php\/wp-json\/wp\/v2\/product_tag?post=774010"}],"curies":[{"name":"wp","href":"https:\/\/api.w.org\/{rel}","templated":true}]}}