{"id":774004,"date":"2025-08-28T16:37:07","date_gmt":"2025-08-28T13:37:07","guid":{"rendered":"https:\/\/roveyayinevi.com.tr\/index.php\/urun\/gokkusagi-perileri-7-mor-peri-menekse\/"},"modified":"2026-04-15T03:41:33","modified_gmt":"2026-04-15T00:41:33","slug":"gokkusagi-perileri-7-mor-peri-menekse","status":"publish","type":"product","link":"https:\/\/roveyayinevi.com.tr\/index.php\/urun\/gokkusagi-perileri-7-mor-peri-menekse\/","title":{"rendered":"G\u00f6kku\u015fa\u011f\u0131 Perileri 7 &#8211; Mor Peri Menek\u015fe"},"content":{"rendered":"<p>R\u00fcya ve K\u0131v\u0131lc\u0131m&#8217;\u0131n G\u00f6kku\u015fa\u011f\u0131 Perilerini bulmalar\u0131na yard\u0131m eder misiniz?R\u00fcya ile K\u0131v\u0131lc\u0131m, tatillerinin son g\u00fcn\u00fcnde s\u00fcrprizlerle dolu bir karnavala giderler.Acaba Mor Peri Menek\u015fe sihirli bir atl\u0131kar\u0131ncada saklan\u0131yor olabilir mi?G\u00f6kku\u015fa\u011f\u0131 Perileri&#8230;Ne\u015feli, heyecanl\u0131, sihirli bir dizi.Her maceray\u0131 merakla okuyacaks\u0131n\u0131z <\/p>\n","protected":false},"excerpt":{"rendered":"<p>R\u00fcya ve K\u0131v\u0131lc\u0131m&#8217;\u0131n G\u00f6kku\u015fa\u011f\u0131 Perilerini bulmalar\u0131na yard\u0131m eder misiniz?R\u00fcya ile K\u0131v\u0131lc\u0131m, tatillerinin son g\u00fcn\u00fcnde s\u00fcrprizlerle dolu bir karnavala giderler.Acaba Mor Peri Menek\u015fe sihirli bir atl\u0131kar\u0131ncada saklan\u0131yor<span class=\"excerpt-hellip\"> [\u2026]<\/span><\/p>\n","protected":false},"featured_media":0,"template":"","meta":{"_monsterinsights_skip_tracking":false,"_monsterinsights_sitenote_active":false,"_monsterinsights_sitenote_note":"","_monsterinsights_sitenote_category":0},"product_brand":[],"product_cat":[12274,12284],"product_tag":[],"class_list":{"0":"post-774004","1":"product","2":"type-product","3":"status-publish","5":"product_cat-cocuk-ve-genclik-kitaplari","6":"product_cat-hikayeler","7":"pa_cilt-ciltsiz","8":"pa_tur-kitap","9":"pa_yayinevi-beyaz-balina-yayinlari","10":"pa_yazar-daisy-meadows","12":"first","13":"instock","14":"sale","15":"shipping-taxable","16":"purchasable","17":"product-type-simple"},"_links":{"self":[{"href":"https:\/\/roveyayinevi.com.tr\/index.php\/wp-json\/wp\/v2\/product\/774004","targetHints":{"allow":["GET"]}}],"collection":[{"href":"https:\/\/roveyayinevi.com.tr\/index.php\/wp-json\/wp\/v2\/product"}],"about":[{"href":"https:\/\/roveyayinevi.com.tr\/index.php\/wp-json\/wp\/v2\/types\/product"}],"wp:attachment":[{"href":"https:\/\/roveyayinevi.com.tr\/index.php\/wp-json\/wp\/v2\/media?parent=774004"}],"wp:term":[{"taxonomy":"product_brand","embeddable":true,"href":"https:\/\/roveyayinevi.com.tr\/index.php\/wp-json\/wp\/v2\/product_brand?post=774004"},{"taxonomy":"product_cat","embeddable":true,"href":"https:\/\/roveyayinevi.com.tr\/index.php\/wp-json\/wp\/v2\/product_cat?post=774004"},{"taxonomy":"product_tag","embeddable":true,"href":"https:\/\/roveyayinevi.com.tr\/index.php\/wp-json\/wp\/v2\/product_tag?post=774004"}],"curies":[{"name":"wp","href":"https:\/\/api.w.org\/{rel}","templated":true}]}}