{"id":774002,"date":"2025-08-28T16:37:02","date_gmt":"2025-08-28T13:37:02","guid":{"rendered":"https:\/\/roveyayinevi.com.tr\/index.php\/urun\/gokkusagi-perileri-6-lacivert-peri-safir\/"},"modified":"2026-04-15T03:41:33","modified_gmt":"2026-04-15T00:41:33","slug":"gokkusagi-perileri-6-lacivert-peri-safir","status":"publish","type":"product","link":"https:\/\/roveyayinevi.com.tr\/index.php\/urun\/gokkusagi-perileri-6-lacivert-peri-safir\/","title":{"rendered":"G\u00f6kku\u015fa\u011f\u0131 Perileri 6 &#8211; Lacivert Peri Safir"},"content":{"rendered":"<p>R\u00fcya ve K\u0131v\u0131lc\u0131m&#8217;\u0131n G\u00f6kku\u015fa\u011f\u0131 Perilerini bulmalar\u0131na yard\u0131m eder misiniz?R\u00fcya ile K\u0131v\u0131lc\u0131m Mercan Kul\u00fcbesi\u2019nde ya\u011fmurun dinmesini beklerken birperi masal\u0131 okumaya karar verirler. Acaba Lacivert Peri Safir sihirli peri masal\u0131n\u0131ni\u00e7inde ba\u015f\u0131na ne i\u015fler a\u00e7maktad\u0131r?G\u00f6kku\u015fa\u011f\u0131 Perileri&#8230;Ne\u015feli, heyecanl\u0131, sihirli bir dizi.Her maceray\u0131 merakla okuyacaks\u0131n\u0131z <\/p>\n","protected":false},"excerpt":{"rendered":"<p>R\u00fcya ve K\u0131v\u0131lc\u0131m&#8217;\u0131n G\u00f6kku\u015fa\u011f\u0131 Perilerini bulmalar\u0131na yard\u0131m eder misiniz?R\u00fcya ile K\u0131v\u0131lc\u0131m Mercan Kul\u00fcbesi\u2019nde ya\u011fmurun dinmesini beklerken birperi masal\u0131 okumaya karar verirler. Acaba Lacivert Peri Safir sihirli<span class=\"excerpt-hellip\"> [\u2026]<\/span><\/p>\n","protected":false},"featured_media":0,"template":"","meta":{"_monsterinsights_skip_tracking":false,"_monsterinsights_sitenote_active":false,"_monsterinsights_sitenote_note":"","_monsterinsights_sitenote_category":0},"product_brand":[],"product_cat":[12274,12284],"product_tag":[],"class_list":{"0":"post-774002","1":"product","2":"type-product","3":"status-publish","5":"product_cat-cocuk-ve-genclik-kitaplari","6":"product_cat-hikayeler","7":"pa_cilt-ciltsiz","8":"pa_tur-kitap","9":"pa_yayinevi-beyaz-balina-yayinlari","10":"pa_yazar-daisy-meadows","12":"first","13":"instock","14":"sale","15":"shipping-taxable","16":"purchasable","17":"product-type-simple"},"_links":{"self":[{"href":"https:\/\/roveyayinevi.com.tr\/index.php\/wp-json\/wp\/v2\/product\/774002","targetHints":{"allow":["GET"]}}],"collection":[{"href":"https:\/\/roveyayinevi.com.tr\/index.php\/wp-json\/wp\/v2\/product"}],"about":[{"href":"https:\/\/roveyayinevi.com.tr\/index.php\/wp-json\/wp\/v2\/types\/product"}],"wp:attachment":[{"href":"https:\/\/roveyayinevi.com.tr\/index.php\/wp-json\/wp\/v2\/media?parent=774002"}],"wp:term":[{"taxonomy":"product_brand","embeddable":true,"href":"https:\/\/roveyayinevi.com.tr\/index.php\/wp-json\/wp\/v2\/product_brand?post=774002"},{"taxonomy":"product_cat","embeddable":true,"href":"https:\/\/roveyayinevi.com.tr\/index.php\/wp-json\/wp\/v2\/product_cat?post=774002"},{"taxonomy":"product_tag","embeddable":true,"href":"https:\/\/roveyayinevi.com.tr\/index.php\/wp-json\/wp\/v2\/product_tag?post=774002"}],"curies":[{"name":"wp","href":"https:\/\/api.w.org\/{rel}","templated":true}]}}