{"id":774001,"date":"2025-08-28T16:37:00","date_gmt":"2025-08-28T13:37:00","guid":{"rendered":"https:\/\/roveyayinevi.com.tr\/index.php\/urun\/gokkusagi-perileri-2-turuncu-peri-kehribar\/"},"modified":"2026-04-15T03:41:33","modified_gmt":"2026-04-15T00:41:33","slug":"gokkusagi-perileri-2-turuncu-peri-kehribar","status":"publish","type":"product","link":"https:\/\/roveyayinevi.com.tr\/index.php\/urun\/gokkusagi-perileri-2-turuncu-peri-kehribar\/","title":{"rendered":"G\u00f6kku\u015fa\u011f\u0131 Perileri 2 &#8211; Turuncu Peri Kehribar"},"content":{"rendered":"<p>R\u00fcya ve K\u0131v\u0131lc\u0131m&#8217;\u0131n G\u00f6kku\u015fa\u011f\u0131 Perilerini bulmalar\u0131na yard\u0131m eder misiniz?R\u00fcya ve K\u0131v\u0131lc\u0131m, g\u00f6kku\u015fa\u011f\u0131n\u0131n sonundaki k\u00fcpte K\u0131rm\u0131z\u0131 Peri Yakut\u2019u bulurlar ama\u015fimdi s\u0131radaki peri bir deniz kabu\u011funun i\u00e7inde yard\u0131m beklemektedir.Acaba Turuncu Peri Kehribar&#8217;\u0131 da kurtarabilecekler mi?G\u00f6kku\u015fa\u011f\u0131 Perileri&#8230;Ne\u015feli, heyecanl\u0131, sihirli bir dizi.Her maceray\u0131 merakla okuyacaks\u0131n\u0131z.<\/p>\n","protected":false},"excerpt":{"rendered":"<p>R\u00fcya ve K\u0131v\u0131lc\u0131m&#8217;\u0131n G\u00f6kku\u015fa\u011f\u0131 Perilerini bulmalar\u0131na yard\u0131m eder misiniz?R\u00fcya ve K\u0131v\u0131lc\u0131m, g\u00f6kku\u015fa\u011f\u0131n\u0131n sonundaki k\u00fcpte K\u0131rm\u0131z\u0131 Peri Yakut\u2019u bulurlar ama\u015fimdi s\u0131radaki peri bir deniz kabu\u011funun i\u00e7inde yard\u0131m<span class=\"excerpt-hellip\"> [\u2026]<\/span><\/p>\n","protected":false},"featured_media":0,"template":"","meta":{"_monsterinsights_skip_tracking":false,"_monsterinsights_sitenote_active":false,"_monsterinsights_sitenote_note":"","_monsterinsights_sitenote_category":0},"product_brand":[],"product_cat":[12274,12284],"product_tag":[],"class_list":{"0":"post-774001","1":"product","2":"type-product","3":"status-publish","5":"product_cat-cocuk-ve-genclik-kitaplari","6":"product_cat-hikayeler","7":"pa_cilt-ciltsiz","8":"pa_tur-kitap","9":"pa_yayinevi-beyaz-balina-yayinlari","10":"pa_yazar-daisy-meadows","12":"first","13":"instock","14":"sale","15":"shipping-taxable","16":"purchasable","17":"product-type-simple"},"_links":{"self":[{"href":"https:\/\/roveyayinevi.com.tr\/index.php\/wp-json\/wp\/v2\/product\/774001","targetHints":{"allow":["GET"]}}],"collection":[{"href":"https:\/\/roveyayinevi.com.tr\/index.php\/wp-json\/wp\/v2\/product"}],"about":[{"href":"https:\/\/roveyayinevi.com.tr\/index.php\/wp-json\/wp\/v2\/types\/product"}],"wp:attachment":[{"href":"https:\/\/roveyayinevi.com.tr\/index.php\/wp-json\/wp\/v2\/media?parent=774001"}],"wp:term":[{"taxonomy":"product_brand","embeddable":true,"href":"https:\/\/roveyayinevi.com.tr\/index.php\/wp-json\/wp\/v2\/product_brand?post=774001"},{"taxonomy":"product_cat","embeddable":true,"href":"https:\/\/roveyayinevi.com.tr\/index.php\/wp-json\/wp\/v2\/product_cat?post=774001"},{"taxonomy":"product_tag","embeddable":true,"href":"https:\/\/roveyayinevi.com.tr\/index.php\/wp-json\/wp\/v2\/product_tag?post=774001"}],"curies":[{"name":"wp","href":"https:\/\/api.w.org\/{rel}","templated":true}]}}