{"id":774000,"date":"2025-08-28T16:36:58","date_gmt":"2025-08-28T13:36:58","guid":{"rendered":"https:\/\/roveyayinevi.com.tr\/index.php\/urun\/gokkusagi-perileri-1-kirmizi-peri-yakut\/"},"modified":"2026-04-15T03:41:32","modified_gmt":"2026-04-15T00:41:32","slug":"gokkusagi-perileri-1-kirmizi-peri-yakut","status":"publish","type":"product","link":"https:\/\/roveyayinevi.com.tr\/index.php\/urun\/gokkusagi-perileri-1-kirmizi-peri-yakut\/","title":{"rendered":"G\u00f6kku\u015fa\u011f\u0131 Perileri 1 &#8211; K\u0131rm\u0131z\u0131 Peri Yakut"},"content":{"rendered":"<p>R\u00fcya ve K\u0131v\u0131lc\u0131m&#8217;\u0131n G\u00f6kku\u015fa\u011f\u0131 Perilerini bulmalar\u0131na yard\u0131m eder misiniz?R\u00fcya ve K\u0131v\u0131lc\u0131m, tatil i\u00e7in gittikleri Sihirliya\u011fmur Adas\u0131&#8217;nda kendilerini nas\u0131l birmaceran\u0131n bekledi\u011finden habersizdirler! K\u00f6t\u00fc niyetli Donduran Jo, Yedi G\u00f6kku\u015fa\u011f\u0131 Perisini,Periler \u00dclkesi&#8217;nden Sihirliya\u011fmur Adas\u0131\u2019na savurur. G\u00f6kku\u015fa\u011f\u0131 Perileri hemen geri d\u00f6nmezlersePeriler \u00dclkesi&#8217;nin rengi art\u0131k soluk ve gri olacakt\u0131r. R\u00fcya ve K\u0131v\u0131lc\u0131m, g\u00f6kku\u015fa\u011f\u0131n\u0131n sonundaki k\u00fcpteK\u0131rm\u0131z\u0131 Peri Yakut\u2019u bulurlar. Acaba onu g\u00fcvende tutup \u00e7ok ge\u00e7 olmadan di\u011fer G\u00f6kku\u015fa\u011f\u0131 karde\u015flerini bulabilecekler mi?<\/p>\n","protected":false},"excerpt":{"rendered":"<p>R\u00fcya ve K\u0131v\u0131lc\u0131m&#8217;\u0131n G\u00f6kku\u015fa\u011f\u0131 Perilerini bulmalar\u0131na yard\u0131m eder misiniz?R\u00fcya ve K\u0131v\u0131lc\u0131m, tatil i\u00e7in gittikleri Sihirliya\u011fmur Adas\u0131&#8217;nda kendilerini nas\u0131l birmaceran\u0131n bekledi\u011finden habersizdirler! K\u00f6t\u00fc niyetli Donduran Jo, Yedi<span class=\"excerpt-hellip\"> [\u2026]<\/span><\/p>\n","protected":false},"featured_media":0,"template":"","meta":{"_monsterinsights_skip_tracking":false,"_monsterinsights_sitenote_active":false,"_monsterinsights_sitenote_note":"","_monsterinsights_sitenote_category":0},"product_brand":[],"product_cat":[12274,12284],"product_tag":[],"class_list":{"0":"post-774000","1":"product","2":"type-product","3":"status-publish","5":"product_cat-cocuk-ve-genclik-kitaplari","6":"product_cat-hikayeler","7":"pa_cilt-ciltsiz","8":"pa_tur-kitap","9":"pa_yayinevi-beyaz-balina-yayinlari","10":"pa_yazar-daisy-meadows","12":"first","13":"instock","14":"sale","15":"shipping-taxable","16":"purchasable","17":"product-type-simple"},"_links":{"self":[{"href":"https:\/\/roveyayinevi.com.tr\/index.php\/wp-json\/wp\/v2\/product\/774000","targetHints":{"allow":["GET"]}}],"collection":[{"href":"https:\/\/roveyayinevi.com.tr\/index.php\/wp-json\/wp\/v2\/product"}],"about":[{"href":"https:\/\/roveyayinevi.com.tr\/index.php\/wp-json\/wp\/v2\/types\/product"}],"wp:attachment":[{"href":"https:\/\/roveyayinevi.com.tr\/index.php\/wp-json\/wp\/v2\/media?parent=774000"}],"wp:term":[{"taxonomy":"product_brand","embeddable":true,"href":"https:\/\/roveyayinevi.com.tr\/index.php\/wp-json\/wp\/v2\/product_brand?post=774000"},{"taxonomy":"product_cat","embeddable":true,"href":"https:\/\/roveyayinevi.com.tr\/index.php\/wp-json\/wp\/v2\/product_cat?post=774000"},{"taxonomy":"product_tag","embeddable":true,"href":"https:\/\/roveyayinevi.com.tr\/index.php\/wp-json\/wp\/v2\/product_tag?post=774000"}],"curies":[{"name":"wp","href":"https:\/\/api.w.org\/{rel}","templated":true}]}}