{"id":773999,"date":"2025-08-28T16:36:55","date_gmt":"2025-08-28T13:36:55","guid":{"rendered":"https:\/\/roveyayinevi.com.tr\/index.php\/urun\/jane-eyre-19\/"},"modified":"2026-04-15T03:41:32","modified_gmt":"2026-04-15T00:41:32","slug":"jane-eyre-19","status":"publish","type":"product","link":"https:\/\/roveyayinevi.com.tr\/index.php\/urun\/jane-eyre-19\/","title":{"rendered":"Jane Eyre"},"content":{"rendered":"<p>On ya\u015f\u0131ndayken \u00f6ks\u00fcz kalan Jane Eyre, ona k\u00f6t\u00fc davranan yengesi taraf\u0131ndan kimsesiz \u00e7ocuklar\u0131n gitti\u011fi kat\u0131 disiplinli bir yat\u0131l\u0131 okula g\u00f6nderilir ve ya\u015fad\u0131\u011f\u0131 t\u00fcm zorluklara ra\u011fmen oradan \u00f6\u011fretmen olarak mezun olur. Ac\u0131mas\u0131zl\u0131klara kar\u015f\u0131 m\u00fccadeleyle ge\u00e7en y\u0131llar\u0131n ard\u0131ndan hayat\u0131na yepyeni bir y\u00f6n verme arzusuyla Edward Rochester\u2019\u0131n malik\u00e2nesinde m\u00fcrebbiye olarak \u00e7al\u0131\u015fmaya ba\u015flayan Jane, sert miza\u00e7l\u0131 ve gizemli Bay Rochester ile giderek b\u00fcy\u00fcyen dostlu\u011funun ard\u0131ndan ona \u00e2\u015f\u0131k oldu\u011funu fark eder. Ancak bu a\u015fk\u0131n \u00f6n\u00fcnde b\u00fcy\u00fck bir engel vard\u0131r.19. y\u00fczy\u0131l \u0130ngiltere\u2019sinin tutucu Victoria d\u00f6neminde ge\u00e7en, klasik a\u015fk romanlar\u0131n\u0131n \u00e7ok \u00f6tesinde yarat\u0131c\u0131 d\u00fc\u015f g\u00fcc\u00fcn\u00fcn s\u0131n\u0131rlar\u0131na bir \u00f6rnek olu\u015fturan, kad\u0131n hak ve \u00f6zg\u00fcrl\u00fcklerini savunan ilk roman olarak kabul edilen bu eseri Ay\u015fe D\u00fczkan\u2019\u0131n \u00f6zenli \u00e7evirisiyle sunuyoruz.<\/p>\n","protected":false},"excerpt":{"rendered":"<p>On ya\u015f\u0131ndayken \u00f6ks\u00fcz kalan Jane Eyre, ona k\u00f6t\u00fc davranan yengesi taraf\u0131ndan kimsesiz \u00e7ocuklar\u0131n gitti\u011fi kat\u0131 disiplinli bir yat\u0131l\u0131 okula g\u00f6nderilir ve ya\u015fad\u0131\u011f\u0131 t\u00fcm zorluklara ra\u011fmen oradan<span class=\"excerpt-hellip\"> [\u2026]<\/span><\/p>\n","protected":false},"featured_media":0,"template":"","meta":{"_monsterinsights_skip_tracking":false,"_monsterinsights_sitenote_active":false,"_monsterinsights_sitenote_note":"","_monsterinsights_sitenote_category":0},"product_brand":[],"product_cat":[12291,12711],"product_tag":[],"class_list":{"0":"post-773999","1":"product","2":"type-product","3":"status-publish","5":"product_cat-edebiyat","6":"product_cat-roman-oyku","7":"pa_cilt-ciltsiz","8":"pa_tur-kitap","9":"pa_yayinevi-koridor-yayincilik","10":"pa_yazar-charlotte-bronte","12":"first","13":"instock","14":"sale","15":"shipping-taxable","16":"purchasable","17":"product-type-simple"},"_links":{"self":[{"href":"https:\/\/roveyayinevi.com.tr\/index.php\/wp-json\/wp\/v2\/product\/773999","targetHints":{"allow":["GET"]}}],"collection":[{"href":"https:\/\/roveyayinevi.com.tr\/index.php\/wp-json\/wp\/v2\/product"}],"about":[{"href":"https:\/\/roveyayinevi.com.tr\/index.php\/wp-json\/wp\/v2\/types\/product"}],"wp:attachment":[{"href":"https:\/\/roveyayinevi.com.tr\/index.php\/wp-json\/wp\/v2\/media?parent=773999"}],"wp:term":[{"taxonomy":"product_brand","embeddable":true,"href":"https:\/\/roveyayinevi.com.tr\/index.php\/wp-json\/wp\/v2\/product_brand?post=773999"},{"taxonomy":"product_cat","embeddable":true,"href":"https:\/\/roveyayinevi.com.tr\/index.php\/wp-json\/wp\/v2\/product_cat?post=773999"},{"taxonomy":"product_tag","embeddable":true,"href":"https:\/\/roveyayinevi.com.tr\/index.php\/wp-json\/wp\/v2\/product_tag?post=773999"}],"curies":[{"name":"wp","href":"https:\/\/api.w.org\/{rel}","templated":true}]}}