{"id":773997,"date":"2025-08-28T16:36:50","date_gmt":"2025-08-28T13:36:50","guid":{"rendered":"https:\/\/roveyayinevi.com.tr\/index.php\/urun\/doktor-katran-ve-profesor-tuy-sistemi-oyku-seckisi\/"},"modified":"2026-04-15T03:41:32","modified_gmt":"2026-04-15T00:41:32","slug":"doktor-katran-ve-profesor-tuy-sistemi-oyku-seckisi","status":"publish","type":"product","link":"https:\/\/roveyayinevi.com.tr\/index.php\/urun\/doktor-katran-ve-profesor-tuy-sistemi-oyku-seckisi\/","title":{"rendered":"Doktor Katran ve Profes\u00f6r T\u00fcy Sistemi (\u00d6yk\u00fc Se\u00e7kisi)"},"content":{"rendered":"<p>Modern edebiyat\u0131n \u00f6nc\u00fcs\u00fc Edgar Allan Poe\u2019nun k\u0131rk y\u0131ll\u0131k \u201cuyumsuz\u201d ya\u015fam\u0131na s\u0131\u011fd\u0131rd\u0131\u011f\u0131 heyecan, korku ve gerilim y\u00fckl\u00fc, tuhafl\u0131klarla bezeli \u00f6yk\u00fclerinde ger\u00e7ek ile hayal i\u00e7 i\u00e7e ge\u00e7iyor. Bu se\u00e7kide \u00f6ne \u00e7\u0131kan \u201cMetzengerstein\u201d, \u201cBerenice\u201d, \u201cAslanla\u015ft\u0131rma\u201d, \u201cLigeia\u201d, \u201cKalabal\u0131klar\u0131n Adam\u0131\u201d, \u201cMaelstr\u00f6m\u2019e \u0130ni\u015f\u201d, \u201c\u015eehrazat\u2019\u0131n 1002. Masal\u0131\u201d, \u201cDalalet Cini\u201d gibi \u00f6yk\u00fclerin yan\u0131 s\u0131ra \u00f6zellikle se\u00e7kiye ad\u0131n\u0131 veren \u201cDoktor Katran ve Profes\u00f6r T\u00fcy Sistemi\u201d adl\u0131 \u00f6yk\u00fcs\u00fc de, Baudelaire\u2019in deyimiyle \u201csinir sisteminin yazar\u0131\u201dn\u0131n muazzam hayal g\u00fcc\u00fcn\u00fc, felsefi birikimini ve mizahi zek\u00e2s\u0131n\u0131 ortaya koyuyor.\u0130nsan do\u011fas\u0131n\u0131n \u00e7eli\u015fkilerini, bilinmezlerini ve karanl\u0131k y\u00f6nlerini a\u00e7\u0131\u011fa vuran bu \u00f6yk\u00fcleri Poe\u2019nun imgelem ve \u00fcslup zenginli\u011fini incelikle yans\u0131tan Arma\u011fan Ekici\u2019nin \u00e7evirisiyle sunuyoruz.<\/p>\n","protected":false},"excerpt":{"rendered":"<p>Modern edebiyat\u0131n \u00f6nc\u00fcs\u00fc Edgar Allan Poe\u2019nun k\u0131rk y\u0131ll\u0131k \u201cuyumsuz\u201d ya\u015fam\u0131na s\u0131\u011fd\u0131rd\u0131\u011f\u0131 heyecan, korku ve gerilim y\u00fckl\u00fc, tuhafl\u0131klarla bezeli \u00f6yk\u00fclerinde ger\u00e7ek ile hayal i\u00e7 i\u00e7e ge\u00e7iyor. Bu<span class=\"excerpt-hellip\"> [\u2026]<\/span><\/p>\n","protected":false},"featured_media":0,"template":"","meta":{"_monsterinsights_skip_tracking":false,"_monsterinsights_sitenote_active":false,"_monsterinsights_sitenote_note":"","_monsterinsights_sitenote_category":0},"product_brand":[],"product_cat":[12291,13872],"product_tag":[],"class_list":{"0":"post-773997","1":"product","2":"type-product","3":"status-publish","5":"product_cat-edebiyat","6":"product_cat-klasikler","7":"pa_cilt-ciltsiz","8":"pa_tur-kitap","9":"pa_yayinevi-koridor-yayincilik","10":"pa_yazar-edgar-allan-poe","12":"first","13":"instock","14":"sale","15":"shipping-taxable","16":"purchasable","17":"product-type-simple"},"_links":{"self":[{"href":"https:\/\/roveyayinevi.com.tr\/index.php\/wp-json\/wp\/v2\/product\/773997","targetHints":{"allow":["GET"]}}],"collection":[{"href":"https:\/\/roveyayinevi.com.tr\/index.php\/wp-json\/wp\/v2\/product"}],"about":[{"href":"https:\/\/roveyayinevi.com.tr\/index.php\/wp-json\/wp\/v2\/types\/product"}],"wp:attachment":[{"href":"https:\/\/roveyayinevi.com.tr\/index.php\/wp-json\/wp\/v2\/media?parent=773997"}],"wp:term":[{"taxonomy":"product_brand","embeddable":true,"href":"https:\/\/roveyayinevi.com.tr\/index.php\/wp-json\/wp\/v2\/product_brand?post=773997"},{"taxonomy":"product_cat","embeddable":true,"href":"https:\/\/roveyayinevi.com.tr\/index.php\/wp-json\/wp\/v2\/product_cat?post=773997"},{"taxonomy":"product_tag","embeddable":true,"href":"https:\/\/roveyayinevi.com.tr\/index.php\/wp-json\/wp\/v2\/product_tag?post=773997"}],"curies":[{"name":"wp","href":"https:\/\/api.w.org\/{rel}","templated":true}]}}