{"id":773995,"date":"2025-08-28T16:36:44","date_gmt":"2025-08-28T13:36:44","guid":{"rendered":"https:\/\/roveyayinevi.com.tr\/index.php\/urun\/kavsak-2\/"},"modified":"2026-04-15T03:41:32","modified_gmt":"2026-04-15T00:41:32","slug":"kavsak-2","status":"publish","type":"product","link":"https:\/\/roveyayinevi.com.tr\/index.php\/urun\/kavsak-2\/","title":{"rendered":"Kav\u015fak"},"content":{"rendered":"<p>Lucas, 12 y\u0131l \u00f6nce kayboldu. \u015eimdiyse geri d\u00f6nd\u00fc. Konu\u015fmuyor. Korku i\u00e7inde.  Ve h\u00e2l\u00e2 11 ya\u015f\u0131nda. Eyl\u00fcl 1984 &#8211; On Bir Ya\u015f\u0131ndaki Lucas Jones, Sakin Medford Kasabas\u0131nda Ortadan Kaybolur. Haziran 1996 &#8211; Lucas Nihayet Eve D\u00f6ner&#8230; Ve Bir G\u00fcn Bile Ya\u015flanmam\u0131\u015ft\u0131r. H\u00e2l\u00e2 on bir ya\u015f\u0131nda olan ve son on iki y\u0131ld\u0131r nerede oldu\u011funu s\u00f6yleyemeyen Lucas, doktorlar\u0131 ve polisleri hayrete d\u00fc\u015f\u00fcr\u00fcr. Ellerindeki tek ipucu Lucas\u2019\u0131n g\u00fcnl\u00fc\u011f\u00fcd\u00fcr &#8211; ve i\u00e7inde Kirby Kav\u015fa\u011f\u0131 denilen, evlerin yoktan var oldu\u011fu ve insanlar\u0131n hi\u00e7 gelmeyen trenleri bekledi\u011fi garip bir hayali kasabaya dair \u015feyler yazmaktad\u0131r. Bir psikolog, Lucas\u2019\u0131n anlatt\u0131\u011f\u0131 hik\u00e2yede ger\u00e7ek k\u0131r\u0131nt\u0131lar\u0131n\u0131n bulundu\u011funu ve bu sayede Lucas\u2019\u0131n nerede oldu\u011funu ve g\u00f6rd\u00fc\u011f\u00fc k\u00e2buslar\u0131n sebebini anlayabilece\u011fini d\u00fc\u015f\u00fcnmektedir&#8230;<\/p>\n","protected":false},"excerpt":{"rendered":"<p>Lucas, 12 y\u0131l \u00f6nce kayboldu. \u015eimdiyse geri d\u00f6nd\u00fc. Konu\u015fmuyor. Korku i\u00e7inde. Ve h\u00e2l\u00e2 11 ya\u015f\u0131nda. Eyl\u00fcl 1984 &#8211; On Bir Ya\u015f\u0131ndaki Lucas Jones, Sakin Medford Kasabas\u0131nda<span class=\"excerpt-hellip\"> [\u2026]<\/span><\/p>\n","protected":false},"featured_media":0,"template":"","meta":{"_monsterinsights_skip_tracking":false,"_monsterinsights_sitenote_active":false,"_monsterinsights_sitenote_note":"","_monsterinsights_sitenote_category":0},"product_brand":[],"product_cat":[12416,12291],"product_tag":[],"class_list":{"0":"post-773995","1":"product","2":"type-product","3":"status-publish","5":"product_cat-cizgi-roman","6":"product_cat-edebiyat","7":"pa_cilt-ciltsiz","8":"pa_tur-kitap","9":"pa_yayinevi-kayip-kita-yayinlari","10":"pa_yazar-norm-kanyu","12":"first","13":"instock","14":"sale","15":"shipping-taxable","16":"purchasable","17":"product-type-simple"},"_links":{"self":[{"href":"https:\/\/roveyayinevi.com.tr\/index.php\/wp-json\/wp\/v2\/product\/773995","targetHints":{"allow":["GET"]}}],"collection":[{"href":"https:\/\/roveyayinevi.com.tr\/index.php\/wp-json\/wp\/v2\/product"}],"about":[{"href":"https:\/\/roveyayinevi.com.tr\/index.php\/wp-json\/wp\/v2\/types\/product"}],"wp:attachment":[{"href":"https:\/\/roveyayinevi.com.tr\/index.php\/wp-json\/wp\/v2\/media?parent=773995"}],"wp:term":[{"taxonomy":"product_brand","embeddable":true,"href":"https:\/\/roveyayinevi.com.tr\/index.php\/wp-json\/wp\/v2\/product_brand?post=773995"},{"taxonomy":"product_cat","embeddable":true,"href":"https:\/\/roveyayinevi.com.tr\/index.php\/wp-json\/wp\/v2\/product_cat?post=773995"},{"taxonomy":"product_tag","embeddable":true,"href":"https:\/\/roveyayinevi.com.tr\/index.php\/wp-json\/wp\/v2\/product_tag?post=773995"}],"curies":[{"name":"wp","href":"https:\/\/api.w.org\/{rel}","templated":true}]}}