{"id":773994,"date":"2025-08-28T16:36:41","date_gmt":"2025-08-28T13:36:41","guid":{"rendered":"https:\/\/roveyayinevi.com.tr\/index.php\/urun\/ivan-ilyicin-olumu-12\/"},"modified":"2026-04-15T03:41:32","modified_gmt":"2026-04-15T00:41:32","slug":"ivan-ilyicin-olumu-12","status":"publish","type":"product","link":"https:\/\/roveyayinevi.com.tr\/index.php\/urun\/ivan-ilyicin-olumu-12\/","title":{"rendered":"Ivan \u0130lyi\u00e7\u2019in \u00d6l\u00fcm\u00fc"},"content":{"rendered":"<p>\u0130\u015finde hep y\u00fckselmeyi hedeflemi\u015f, itibarl\u0131 ve iyi bir mevki sahibi olabilmek i\u00e7in var g\u00fcc\u00fcyle \u00e7al\u0131\u015fan, toplumun kendisine bi\u00e7ti\u011fi her role giren \u0130van \u0130lyi\u00e7 tam her \u015feyi yoluna koymu\u015fken son derece a\u011fr\u0131l\u0131, amans\u0131z bir hastal\u0131\u011fa yakaland\u0131\u011f\u0131n\u0131 \u00f6\u011frenir. Son g\u00fcnlerini ge\u00e7irece\u011fi evinin k\u00fc\u00e7\u00fck odas\u0131ndaki yata\u011f\u0131nda \u00f6l\u00fcm\u00fc beklerken ard\u0131 arkas\u0131 kesilmez tedaviler umut verici olmaktan \u00e7ok uzaktad\u0131r. \u00c7evresindekilerin ona kar\u015f\u0131 tutumunu huzursuz bir \u015fekilde g\u00f6zlemlerken en b\u00fcy\u00fck hayal k\u0131r\u0131kl\u0131klar\u0131n\u0131n hayat\u0131n\u0131 o noktaya getiren se\u00e7imleri oldu\u011funu fark eder. \u00d6l\u00fcm korkusu ve ya\u015fama umudu aras\u0131nda yoku\u015f a\u015fa\u011f\u0131 gitti\u011fi yolda, ruhunun k\u0131vran\u0131\u015f\u0131 bedeninin \u00e7ekti\u011fi ac\u0131lar\u0131n \u00f6n\u00fcne ge\u00e7ecektir.Tolstoy\u2019un s\u0131radan bir adam\u0131n s\u0131radan \u00f6l\u00fcm\u00fcn\u00fc sade ve vurucu bir dille aktar\u0131rken kendi i\u00e7sel hakikat aray\u0131\u015f\u0131n\u0131 da g\u00f6zler \u00f6n\u00fcne serdi\u011fi, ya\u015fam\u0131 da \u00f6l\u00fcm\u00fc de sorgulatan, okuyan herkesi derinden sarsacak bu e\u015fsiz eserini Mehmet Y\u0131lmaz\u2019\u0131n \u00f6zenli \u00e7evirisiyle sunuyoruz.<\/p>\n","protected":false},"excerpt":{"rendered":"<p>\u0130\u015finde hep y\u00fckselmeyi hedeflemi\u015f, itibarl\u0131 ve iyi bir mevki sahibi olabilmek i\u00e7in var g\u00fcc\u00fcyle \u00e7al\u0131\u015fan, toplumun kendisine bi\u00e7ti\u011fi her role giren \u0130van \u0130lyi\u00e7 tam her \u015feyi<span class=\"excerpt-hellip\"> [\u2026]<\/span><\/p>\n","protected":false},"featured_media":0,"template":"","meta":{"_monsterinsights_skip_tracking":false,"_monsterinsights_sitenote_active":false,"_monsterinsights_sitenote_note":"","_monsterinsights_sitenote_category":0},"product_brand":[],"product_cat":[12291,13570],"product_tag":[],"class_list":{"0":"post-773994","1":"product","2":"type-product","3":"status-publish","5":"product_cat-edebiyat","6":"product_cat-rus-edebiyati","7":"pa_cilt-ciltsiz","8":"pa_tur-kitap","9":"pa_yayinevi-koridor-yayincilik","10":"pa_yazar-lev-nikolayevic-tolstoy","12":"first","13":"instock","14":"sale","15":"shipping-taxable","16":"purchasable","17":"product-type-simple"},"_links":{"self":[{"href":"https:\/\/roveyayinevi.com.tr\/index.php\/wp-json\/wp\/v2\/product\/773994","targetHints":{"allow":["GET"]}}],"collection":[{"href":"https:\/\/roveyayinevi.com.tr\/index.php\/wp-json\/wp\/v2\/product"}],"about":[{"href":"https:\/\/roveyayinevi.com.tr\/index.php\/wp-json\/wp\/v2\/types\/product"}],"wp:attachment":[{"href":"https:\/\/roveyayinevi.com.tr\/index.php\/wp-json\/wp\/v2\/media?parent=773994"}],"wp:term":[{"taxonomy":"product_brand","embeddable":true,"href":"https:\/\/roveyayinevi.com.tr\/index.php\/wp-json\/wp\/v2\/product_brand?post=773994"},{"taxonomy":"product_cat","embeddable":true,"href":"https:\/\/roveyayinevi.com.tr\/index.php\/wp-json\/wp\/v2\/product_cat?post=773994"},{"taxonomy":"product_tag","embeddable":true,"href":"https:\/\/roveyayinevi.com.tr\/index.php\/wp-json\/wp\/v2\/product_tag?post=773994"}],"curies":[{"name":"wp","href":"https:\/\/api.w.org\/{rel}","templated":true}]}}