{"id":773984,"date":"2025-08-28T16:36:14","date_gmt":"2025-08-28T13:36:14","guid":{"rendered":"https:\/\/roveyayinevi.com.tr\/index.php\/urun\/dr-moreaunun-adasi-2\/"},"modified":"2026-04-12T03:31:45","modified_gmt":"2026-04-12T00:31:45","slug":"dr-moreaunun-adasi-2","status":"publish","type":"product","link":"https:\/\/roveyayinevi.com.tr\/index.php\/urun\/dr-moreaunun-adasi-2\/","title":{"rendered":"Dr. Moreau\u2019nun Adas\u0131"},"content":{"rendered":"<p>Tarih 1887. Lady Vain gemisi G\u00fcney Pasifik a\u00e7\u0131klar\u0131nda s\u0131rra kadem basar. Gemiden sa\u011f kurtulan tek ki\u015fi olan Edward Prendick ancak bir y\u0131l sonra bulunur.  Do\u011fa bilimleri e\u011fitimi alm\u0131\u015f \u0130ngiliz beyefendisi Edward Prendick kay\u0131plara kar\u0131\u015ft\u0131\u011f\u0131 bir y\u0131l\u0131 nerede oldu\u011fu saptanamayan esrarengiz bir adada ge\u00e7irmi\u015ftir. Buras\u0131 Dr. Moreau adl\u0131 deli d\u00e2hi bir bilimcinin tuhaf deneyler yapt\u0131\u011f\u0131 tekinsiz bir yerdir.  Prendick mahsur kald\u0131\u011f\u0131 adan\u0131n gizemlerini anlamaya \u00e7al\u0131\u015f\u0131rken deh\u015fet verici ger\u00e7eklerle kar\u015f\u0131la\u015facak, insanlar ve hayvanlarla ilgili bildi\u011fi her \u015feyi sorgulamaya ba\u015flayacakt\u0131r&#8230; \u0130ngiliz bilimkurgu yazar\u0131 H. G. Wells\u2019in do\u011fa ve k\u00fclt\u00fcr aras\u0131ndaki \u00e7at\u0131\u015fmalara ve d\u00f6n\u00fc\u015f\u00fcmlere dair \u00e7arp\u0131c\u0131 temalar\u0131yla \u00e7ok tart\u0131\u015fma yaratm\u0131\u015f \u00f6nemli romanlar\u0131ndan Dr. Moreau\u2019nun Adas\u0131\u2019n\u0131 Deniz Keskin\u2019in \u00f6zenli \u00e7evirisiyle sunuyoruz. <\/p>\n","protected":false},"excerpt":{"rendered":"<p>Tarih 1887. Lady Vain gemisi G\u00fcney Pasifik a\u00e7\u0131klar\u0131nda s\u0131rra kadem basar. Gemiden sa\u011f kurtulan tek ki\u015fi olan Edward Prendick ancak bir y\u0131l sonra bulunur. Do\u011fa bilimleri<span class=\"excerpt-hellip\"> [\u2026]<\/span><\/p>\n","protected":false},"featured_media":0,"template":"","meta":{"_monsterinsights_skip_tracking":false,"_monsterinsights_sitenote_active":false,"_monsterinsights_sitenote_note":"","_monsterinsights_sitenote_category":0},"product_brand":[],"product_cat":[12291,12711],"product_tag":[],"class_list":{"0":"post-773984","1":"product","2":"type-product","3":"status-publish","5":"product_cat-edebiyat","6":"product_cat-roman-oyku","7":"pa_cilt-ciltsiz","8":"pa_tur-kitap","9":"pa_yayinevi-koridor-yayincilik","10":"pa_yazar-h-g-wells","12":"first","13":"instock","14":"sale","15":"shipping-taxable","16":"purchasable","17":"product-type-simple"},"_links":{"self":[{"href":"https:\/\/roveyayinevi.com.tr\/index.php\/wp-json\/wp\/v2\/product\/773984","targetHints":{"allow":["GET"]}}],"collection":[{"href":"https:\/\/roveyayinevi.com.tr\/index.php\/wp-json\/wp\/v2\/product"}],"about":[{"href":"https:\/\/roveyayinevi.com.tr\/index.php\/wp-json\/wp\/v2\/types\/product"}],"wp:attachment":[{"href":"https:\/\/roveyayinevi.com.tr\/index.php\/wp-json\/wp\/v2\/media?parent=773984"}],"wp:term":[{"taxonomy":"product_brand","embeddable":true,"href":"https:\/\/roveyayinevi.com.tr\/index.php\/wp-json\/wp\/v2\/product_brand?post=773984"},{"taxonomy":"product_cat","embeddable":true,"href":"https:\/\/roveyayinevi.com.tr\/index.php\/wp-json\/wp\/v2\/product_cat?post=773984"},{"taxonomy":"product_tag","embeddable":true,"href":"https:\/\/roveyayinevi.com.tr\/index.php\/wp-json\/wp\/v2\/product_tag?post=773984"}],"curies":[{"name":"wp","href":"https:\/\/api.w.org\/{rel}","templated":true}]}}